{"id":593,"date":"2024-10-01T12:27:31","date_gmt":"2024-10-01T12:27:31","guid":{"rendered":"https:\/\/mascalagrimas.es\/dev-themusicstationacademy30092024\/?page_id=593"},"modified":"2024-10-10T08:06:10","modified_gmt":"2024-10-10T08:06:10","slug":"becas-repsol","status":"publish","type":"page","link":"https:\/\/mascalagrimas.es\/dev-themusicstationacademy30092024\/becas-repsol\/","title":{"rendered":"Becas Repsol"},"content":{"rendered":"<div class=\"wpb-content-wrapper\"><p>[vc_row row_height_percent=\u00bb4&#8243; overlay_alpha=\u00bb50&#8243; gutter_size=\u00bb3&#8243; column_width_percent=\u00bb100&#8243; shift_y=\u00bb0&#8243; z_index=\u00bb0&#8243; uncode_shortcode_id=\u00bb119365&#8243; back_color_type=\u00bbuncode-gradient\u00bb el_class=\u00bbheigth100&#8243; back_color_gradient=\u00bb{\u00abcss\u00ab:\u00abbackground: linear-gradient(to right , rgb(255, 98, 0) , rgb(255, 130, 0) 100%);\u00ab,\u00absliders\u00ab:`{`{\u00abcolor\u00ab:\u00abrgb(255, 98, 0)\u00ab,\u00abposition\u00ab:0},{\u00abcolor\u00ab:\u00abrgb(255, 130, 0)\u00ab,\u00abposition\u00ab:100}`}`,\u00abtype\u00ab:\u00ablinear\u00ab,\u00abdirection\u00ab:\u00ableft\u00ab}\u00bb][vc_column column_width_percent=\u00bb100&#8243; gutter_size=\u00bb3&#8243; style=\u00bbdark\u00bb overlay_alpha=\u00bb50&#8243; shift_x=\u00bb0&#8243; shift_y=\u00bb0&#8243; shift_y_down=\u00bb0&#8243; z_index=\u00bb0&#8243; medium_width=\u00bb0&#8243; mobile_width=\u00bb0&#8243; width=\u00bb1\/1&#8243; uncode_shortcode_id=\u00bb197272&#8243;][\/vc_column][\/vc_row][vc_row unlock_row_content=\u00bbyes\u00bb row_height_percent=\u00bb0&#8243; override_padding=\u00bbyes\u00bb h_padding=\u00bb4&#8243; top_padding=\u00bb4&#8243; bottom_padding=\u00bb3&#8243; overlay_alpha=\u00bb50&#8243; gutter_size=\u00bb3&#8243; column_width_percent=\u00bb100&#8243; shift_y=\u00bb0&#8243; z_index=\u00bb0&#8243; changer_back_color=\u00bbyes\u00bb content_parallax=\u00bb0&#8243; uncode_shortcode_id=\u00bb450501&#8243;][vc_column column_width_percent=\u00bb100&#8243; position_vertical=\u00bbmiddle\u00bb gutter_size=\u00bb3&#8243; overlay_alpha=\u00bb50&#8243; shift_x=\u00bb0&#8243; shift_y=\u00bb0&#8243; shift_y_down=\u00bb0&#8243; z_index=\u00bb10&#8243; medium_width=\u00bb0&#8243; mobile_width=\u00bb0&#8243; css_animation=\u00bbalpha-anim\u00bb animation_speed=\u00bb1000&#8243; width=\u00bb1\/2&#8243; uncode_shortcode_id=\u00bb143653&#8243;][vc_single_image media=\u00bb584&#8243; media_width_use_pixel=\u00bbyes\u00bb uncode_shortcode_id=\u00bb234314&#8243; media_width_pixel=\u00bb280&#8243;][vc_custom_heading text_font=\u00bbfont-593122&#8243; text_size=\u00bbfontsize-339243&#8243; css_animation=\u00bbcurtain\u00bb animation_speed=\u00bb1000&#8243; animation_delay=\u00bb200&#8243; interval_animation=\u00bb60&#8243; uncode_shortcode_id=\u00bb120870&#8243; text_color_type=\u00bbuncode-solid\u00bb text_color_solid=\u00bb#ff6200&#8243;]Becas Repsol:<br \/>\nMultienerg\u00eda para el Talento Musical[\/vc_custom_heading][vc_custom_heading text_font=\u00bbfont-101645&#8243; text_size=\u00bbh3&#8243; text_space=\u00bbfontspace-184059&#8243; uncode_shortcode_id=\u00bb586161&#8243;]Impulsamos el mejor talento emergente[\/vc_custom_heading][vc_custom_heading text_size=\u00bbh5&#8243; css_animation=\u00bbbottom-t-top\u00bb animation_speed=\u00bb1000&#8243; animation_delay=\u00bb200&#8243; uncode_shortcode_id=\u00bb131920&#8243;]@Repsol se une como <strong>partner #multienerg\u00eda<\/strong> para reforzar nuestro compromiso en la reducci\u00f3n de la huella de carbono en la industria musical.[\/vc_custom_heading][vc_custom_heading text_size=\u00bbh5&#8243; css_animation=\u00bbbottom-t-top\u00bb animation_delay=\u00bb600&#8243; uncode_shortcode_id=\u00bb956185&#8243;]Como parte de esta colaboraci\u00f3n, Repsol otorgar\u00e1 10 <strong>becas exclusivas<\/strong> a alumnos seleccionados de los postgrados de <strong>Industria y Negocio de la M\u00fasica<\/strong> y de <strong>Producci\u00f3n Musical y Art\u00edstica<\/strong>, brindando una oportunidad \u00fanica para que desarrollen su talento y avancen en sus estudios dentro de la industria musical. Adem\u00e1s, la compa\u00f1\u00eda multienerg\u00e9tica organizar\u00e1 una <strong>masterclass exclusiva<\/strong> donde compartir\u00e1 su experiencia como marca comprometida con la m\u00fasica para reducir las emisiones de CO2, aplicando su experiencia en el sector del ocio y la m\u00fasica.[\/vc_custom_heading][vc_custom_heading text_size=\u00bbh5&#8243; css_animation=\u00bbbottom-t-top\u00bb animation_delay=\u00bb800&#8243; uncode_shortcode_id=\u00bb147103&#8243;]Ser\u00e1 una oportunidad excepcional para avanzar como profesional en una industria musical m\u00e1s responsable con el medio ambiente .[\/vc_custom_heading][vc_custom_heading text_size=\u00bbh5&#8243; css_animation=\u00bbbottom-t-top\u00bb animation_delay=\u00bb800&#8243; uncode_shortcode_id=\u00bb106812&#8243;]<strong>\u00bfC\u00f3mo participar en las becas?<\/strong><\/p>\n<p>Si eres alumno del postgrado, pronto nos pondremos en contacto contigo para informarte sobre el proceso de selecci\u00f3n y los detalles de las becas[\/vc_custom_heading][\/vc_column][vc_column column_width_percent=\u00bb100&#8243; align_horizontal=\u00bbalign_center\u00bb gutter_size=\u00bb3&#8243; style=\u00bbdark\u00bb back_image=\u00bb102&#8243; overlay_alpha=\u00bb50&#8243; shift_x=\u00bb-1&#8243; shift_y=\u00bb0&#8243; shift_y_down=\u00bb0&#8243; z_index=\u00bb0&#8243; medium_width=\u00bb0&#8243; mobile_width=\u00bb0&#8243; width=\u00bb1\/2&#8243; uncode_shortcode_id=\u00bb136399&#8243;][vc_empty_space empty_h=\u00bb5&#8243;][vc_empty_space empty_h=\u00bb5&#8243; mobile_visibility=\u00bbyes\u00bb][vc_empty_space empty_h=\u00bb5&#8243; mobile_visibility=\u00bbyes\u00bb][vc_icon icon=\u00bbfa fa-play2&#8243; background_style=\u00bbfa-rounded\u00bb size=\u00bbfa-3x\u00bb outline=\u00bbyes\u00bb icon_automatic=\u00bbyes\u00bb css_animation=\u00bbzoom-in\u00bb animation_speed=\u00bb1000&#8243; animation_delay=\u00bb200&#8243; uncode_shortcode_id=\u00bb187455&#8243; media_lightbox=\u00bb102&#8243;][\/vc_icon][vc_empty_space empty_h=\u00bb5&#8243; mobile_visibility=\u00bbyes\u00bb][vc_empty_space empty_h=\u00bb3&#8243; mobile_visibility=\u00bbyes\u00bb][vc_empty_space empty_h=\u00bb3&#8243;][vc_empty_space empty_h=\u00bb3&#8243;][\/vc_column][\/vc_row]<\/p>\n<\/div>","protected":false},"excerpt":{"rendered":"<p>[vc_row row_height_percent=\u00bb4&#8243; overlay_alpha=\u00bb50&#8243; gutter_size=\u00bb3&#8243; column_width_percent=\u00bb100&#8243; shift_y=\u00bb0&#8243; z_index=\u00bb0&#8243; uncode_shortcode_id=\u00bb119365&#8243; back_color_type=\u00bbuncode-gradient\u00bb el_class=\u00bbheigth100&#8243; back_color_gradient=\u00bb{\u00abcss\u00ab:\u00abbackground: linear-gradient(to right , rgb(255, 98, 0) , rgb(255, 130, [&hellip;]<\/p>\n","protected":false},"author":1,"featured_media":0,"parent":0,"menu_order":0,"comment_status":"closed","ping_status":"closed","template":"","meta":{"footnotes":""},"class_list":["post-593","page","type-page","status-publish","hentry"],"_links":{"self":[{"href":"https:\/\/mascalagrimas.es\/dev-themusicstationacademy30092024\/wp-json\/wp\/v2\/pages\/593","targetHints":{"allow":["GET"]}}],"collection":[{"href":"https:\/\/mascalagrimas.es\/dev-themusicstationacademy30092024\/wp-json\/wp\/v2\/pages"}],"about":[{"href":"https:\/\/mascalagrimas.es\/dev-themusicstationacademy30092024\/wp-json\/wp\/v2\/types\/page"}],"author":[{"embeddable":true,"href":"https:\/\/mascalagrimas.es\/dev-themusicstationacademy30092024\/wp-json\/wp\/v2\/users\/1"}],"replies":[{"embeddable":true,"href":"https:\/\/mascalagrimas.es\/dev-themusicstationacademy30092024\/wp-json\/wp\/v2\/comments?post=593"}],"version-history":[{"count":79,"href":"https:\/\/mascalagrimas.es\/dev-themusicstationacademy30092024\/wp-json\/wp\/v2\/pages\/593\/revisions"}],"predecessor-version":[{"id":784,"href":"https:\/\/mascalagrimas.es\/dev-themusicstationacademy30092024\/wp-json\/wp\/v2\/pages\/593\/revisions\/784"}],"wp:attachment":[{"href":"https:\/\/mascalagrimas.es\/dev-themusicstationacademy30092024\/wp-json\/wp\/v2\/media?parent=593"}],"curies":[{"name":"wp","href":"https:\/\/api.w.org\/{rel}","templated":true}]}}