{"id":36706,"date":"2021-02-22T09:56:44","date_gmt":"2021-02-22T08:56:44","guid":{"rendered":"https:\/\/mascalagrimas.es\/dev-msi_old\/?page_id=36706"},"modified":"2021-09-30T09:14:31","modified_gmt":"2021-09-30T07:14:31","slug":"formacion-bim-blog","status":"publish","type":"page","link":"https:\/\/mascalagrimas.es\/dev-msi_old\/formacion-bim-blog\/","title":{"rendered":"FORMACI\u00d3N BIM Blog"},"content":{"rendered":"\t\t<div data-elementor-type=\"wp-page\" data-elementor-id=\"36706\" class=\"elementor elementor-36706\" data-elementor-post-type=\"page\">\n\t\t\t\t\t\t<section class=\"elementor-section elementor-top-section elementor-element elementor-element-bd5609e elementor-section-boxed elementor-section-height-default elementor-section-height-default\" data-id=\"bd5609e\" data-element_type=\"section\" data-settings=\"{&quot;background_background&quot;:&quot;classic&quot;}\">\n\t\t\t\t\t\t\t<div class=\"elementor-background-overlay\"><\/div>\n\t\t\t\t\t\t\t<div class=\"elementor-container elementor-column-gap-default\">\n\t\t\t\t\t<div class=\"elementor-column elementor-col-100 elementor-top-column elementor-element elementor-element-3a242ba\" data-id=\"3a242ba\" data-element_type=\"column\">\n\t\t\t<div class=\"elementor-widget-wrap elementor-element-populated\">\n\t\t\t\t\t\t<div class=\"elementor-element elementor-element-e5aa0ac elementor-widget elementor-widget-heading\" data-id=\"e5aa0ac\" data-element_type=\"widget\" data-widget_type=\"heading.default\">\n\t\t\t\t<div class=\"elementor-widget-container\">\n\t\t\t<style>\/*! elementor - v3.21.0 - 08-05-2024 *\/\n.elementor-heading-title{padding:0;margin:0;line-height:1}.elementor-widget-heading .elementor-heading-title[class*=elementor-size-]>a{color:inherit;font-size:inherit;line-height:inherit}.elementor-widget-heading .elementor-heading-title.elementor-size-small{font-size:15px}.elementor-widget-heading .elementor-heading-title.elementor-size-medium{font-size:19px}.elementor-widget-heading .elementor-heading-title.elementor-size-large{font-size:29px}.elementor-widget-heading .elementor-heading-title.elementor-size-xl{font-size:39px}.elementor-widget-heading .elementor-heading-title.elementor-size-xxl{font-size:59px}<\/style><h1 class=\"elementor-heading-title elementor-size-default\">FORMACI\u00d3N BIM<\/h1>\t\t<\/div>\n\t\t\t\t<\/div>\n\t\t\t\t<div class=\"elementor-element elementor-element-ed546e6 elementor-widget-divider--view-line elementor-widget elementor-widget-divider\" data-id=\"ed546e6\" data-element_type=\"widget\" data-widget_type=\"divider.default\">\n\t\t\t\t<div class=\"elementor-widget-container\">\n\t\t\t<style>\/*! elementor - v3.21.0 - 08-05-2024 *\/\n.elementor-widget-divider{--divider-border-style:none;--divider-border-width:1px;--divider-color:#0c0d0e;--divider-icon-size:20px;--divider-element-spacing:10px;--divider-pattern-height:24px;--divider-pattern-size:20px;--divider-pattern-url:none;--divider-pattern-repeat:repeat-x}.elementor-widget-divider .elementor-divider{display:flex}.elementor-widget-divider .elementor-divider__text{font-size:15px;line-height:1;max-width:95%}.elementor-widget-divider .elementor-divider__element{margin:0 var(--divider-element-spacing);flex-shrink:0}.elementor-widget-divider .elementor-icon{font-size:var(--divider-icon-size)}.elementor-widget-divider .elementor-divider-separator{display:flex;margin:0;direction:ltr}.elementor-widget-divider--view-line_icon .elementor-divider-separator,.elementor-widget-divider--view-line_text .elementor-divider-separator{align-items:center}.elementor-widget-divider--view-line_icon .elementor-divider-separator:after,.elementor-widget-divider--view-line_icon .elementor-divider-separator:before,.elementor-widget-divider--view-line_text .elementor-divider-separator:after,.elementor-widget-divider--view-line_text .elementor-divider-separator:before{display:block;content:\"\";border-block-end:0;flex-grow:1;border-block-start:var(--divider-border-width) var(--divider-border-style) var(--divider-color)}.elementor-widget-divider--element-align-left .elementor-divider .elementor-divider-separator>.elementor-divider__svg:first-of-type{flex-grow:0;flex-shrink:100}.elementor-widget-divider--element-align-left .elementor-divider-separator:before{content:none}.elementor-widget-divider--element-align-left .elementor-divider__element{margin-left:0}.elementor-widget-divider--element-align-right .elementor-divider .elementor-divider-separator>.elementor-divider__svg:last-of-type{flex-grow:0;flex-shrink:100}.elementor-widget-divider--element-align-right .elementor-divider-separator:after{content:none}.elementor-widget-divider--element-align-right .elementor-divider__element{margin-right:0}.elementor-widget-divider--element-align-start .elementor-divider .elementor-divider-separator>.elementor-divider__svg:first-of-type{flex-grow:0;flex-shrink:100}.elementor-widget-divider--element-align-start .elementor-divider-separator:before{content:none}.elementor-widget-divider--element-align-start .elementor-divider__element{margin-inline-start:0}.elementor-widget-divider--element-align-end .elementor-divider .elementor-divider-separator>.elementor-divider__svg:last-of-type{flex-grow:0;flex-shrink:100}.elementor-widget-divider--element-align-end .elementor-divider-separator:after{content:none}.elementor-widget-divider--element-align-end .elementor-divider__element{margin-inline-end:0}.elementor-widget-divider:not(.elementor-widget-divider--view-line_text):not(.elementor-widget-divider--view-line_icon) .elementor-divider-separator{border-block-start:var(--divider-border-width) var(--divider-border-style) var(--divider-color)}.elementor-widget-divider--separator-type-pattern{--divider-border-style:none}.elementor-widget-divider--separator-type-pattern.elementor-widget-divider--view-line .elementor-divider-separator,.elementor-widget-divider--separator-type-pattern:not(.elementor-widget-divider--view-line) .elementor-divider-separator:after,.elementor-widget-divider--separator-type-pattern:not(.elementor-widget-divider--view-line) .elementor-divider-separator:before,.elementor-widget-divider--separator-type-pattern:not([class*=elementor-widget-divider--view]) .elementor-divider-separator{width:100%;min-height:var(--divider-pattern-height);-webkit-mask-size:var(--divider-pattern-size) 100%;mask-size:var(--divider-pattern-size) 100%;-webkit-mask-repeat:var(--divider-pattern-repeat);mask-repeat:var(--divider-pattern-repeat);background-color:var(--divider-color);-webkit-mask-image:var(--divider-pattern-url);mask-image:var(--divider-pattern-url)}.elementor-widget-divider--no-spacing{--divider-pattern-size:auto}.elementor-widget-divider--bg-round{--divider-pattern-repeat:round}.rtl .elementor-widget-divider .elementor-divider__text{direction:rtl}.e-con-inner>.elementor-widget-divider,.e-con>.elementor-widget-divider{width:var(--container-widget-width,100%);--flex-grow:var(--container-widget-flex-grow)}<\/style>\t\t<div class=\"elementor-divider\">\n\t\t\t<span class=\"elementor-divider-separator\">\n\t\t\t\t\t\t<\/span>\n\t\t<\/div>\n\t\t\t\t<\/div>\n\t\t\t\t<\/div>\n\t\t\t\t\t<\/div>\n\t\t<\/div>\n\t\t\t\t\t<\/div>\n\t\t<\/section>\n\t\t\t\t<section class=\"elementor-section elementor-top-section elementor-element elementor-element-9ef08e2 elementor-section-boxed elementor-section-height-default elementor-section-height-default\" data-id=\"9ef08e2\" data-element_type=\"section\">\n\t\t\t\t\t\t<div class=\"elementor-container elementor-column-gap-default\">\n\t\t\t\t\t<div class=\"elementor-column elementor-col-100 elementor-top-column elementor-element elementor-element-c2fef9b\" data-id=\"c2fef9b\" data-element_type=\"column\">\n\t\t\t<div class=\"elementor-widget-wrap elementor-element-populated\">\n\t\t\t\t\t\t<section class=\"elementor-section elementor-inner-section elementor-element elementor-element-9241f19 elementor-section-boxed elementor-section-height-default elementor-section-height-default\" data-id=\"9241f19\" data-element_type=\"section\">\n\t\t\t\t\t\t<div class=\"elementor-container elementor-column-gap-default\">\n\t\t\t\t\t<div class=\"elementor-column elementor-col-100 elementor-inner-column elementor-element elementor-element-ea27797\" data-id=\"ea27797\" data-element_type=\"column\">\n\t\t\t<div class=\"elementor-widget-wrap elementor-element-populated\">\n\t\t\t\t\t\t<div class=\"elementor-element elementor-element-1be9d2c btn-filtro elementor-widget elementor-widget-pd-pcf\" data-id=\"1be9d2c\" data-element_type=\"widget\" data-widget_type=\"pd-pcf.default\">\n\t\t\t\t<div class=\"elementor-widget-container\">\n\t\t\t<div\r\n\t        \t\tclass=\"pd-pcf-container pd-pcf-column-type-default\"\r\n\t        \t\tid=\"wbel_pd_pcf_pd_pcf1be9d2c\"\r\n\t        \t\tdata-columns_per_row=\"3\"\r\n\t        \t\tdata-post_types=\"post\"\r\n\t        \t\tdata-tax_query=\"{&quot;0&quot;:{&quot;taxonomy&quot;:&quot;category&quot;,&quot;field&quot;:&quot;term_id&quot;,&quot;terms&quot;:[&quot;7&quot;]},&quot;relation&quot;:&quot;OR&quot;}\"\r\n\t        \t\tdata-posts_per_page=\"9\"\r\n\t        \t\tdata-settings=\"{&quot;category_ids&quot;:[&quot;7&quot;],&quot;template_style&quot;:&quot;default&quot;,&quot;columns_per_row&quot;:3,&quot;read_more_text&quot;:&quot;leer m\\u00e1s&quot;,&quot;post_types&quot;:&quot;post&quot;,&quot;posts_per_page&quot;:9,&quot;thumbnail_size_size&quot;:&quot;medium&quot;,&quot;thumbnail_size_custom_dimension&quot;:null,&quot;display_image&quot;:&quot;yes&quot;,&quot;id&quot;:&quot;pd_pcf1be9d2c&quot;}\"\r\n\t        \t>\t\r\n\t        \t<div class=\"wbel-pd-pcf-category-container pd-pcf-filter-button-group\">\r\n\t        \t\t\t\t\t\t\t  <a href=\"#\" class=\"pd-pcf-filter-btn\" data-filter=\"*\">Show All<\/a>\r\n\t\t\t\t\t    \t\t\t\t\t\t\t\t\t<a href=\"#\" class=\"pd-pcf-filter-btn\" data-filter=\".formacion-7\">Formaci\u00f3n<\/a>\r\n\t\t\t\t\t\t\t  \t\r\n\t        \t<\/div>\r\n\t        <div\r\n\t\t        \t\tclass=\"wbel_pd_pcf_wrapper wbel_pd_pcf_default\"\r\n\t\t        \t><div class=\"pd_pcf_item pd-pcf-col-3 formacion-7 \">\r\n\t<div class=\"pd_pcf_single_item\">\r\n\t\t\t<div class=\"pd_pcf_thumbnail\">\r\n\t\t\t<a href=\"https:\/\/mascalagrimas.es\/dev-msi_old\/cursos-y-masters-en-bim-que-buscar-y-como-elegir-el-adecuado\/\">\r\n\t\t\t\t<img decoding=\"async\" src=\"https:\/\/mascalagrimas.es\/dev-msi_old\/wp-content\/uploads\/2024\/04\/MSI-Blog-1-300x300.jpg\" title=\"cursos bim\" alt=\"cursos bim\" \/>\t\t\t<\/a>\r\n\t\t<\/div>\r\n\t\t\t<div class=\"pd_pcf_content\">\r\n\r\n\t\t\t<div class=\"pd_pcf_title\">\r\n\t\t\t\t<h2><a href=\"https:\/\/mascalagrimas.es\/dev-msi_old\/cursos-y-masters-en-bim-que-buscar-y-como-elegir-el-adecuado\/\">Cursos y m\u00e1sters en BIM: qu\u00e9 buscar y c\u00f3mo elegir el adecuado<\/a><\/h2>\r\n\t\t\t<\/div>\r\n\r\n\t\t\t<div class=\"pd_pcf_description\">\r\n\r\n\t\t\t\t<div class=\"pd_pcf_text\"><p>A medida que la demanda de profesionales capacitados en los nuevos avances tecnol\u00f3gicos aumenta, la elecci\u00f3n de cursos y m\u00e1sters en BIM se vuelve m\u00e1s relevante. En Msi Studio sabemos que la formaci\u00f3n adecuada es esencial para mantenerse actualizado, por&hellip;<\/p>\n<\/div>\r\n\r\n\t\t\t\t\t\t\t\t\t<div class=\"pd_pcf_readmore\">\r\n\t\t\t\t\t\t<a class=\"pd_pcf_readmore_link\" href=\"https:\/\/mascalagrimas.es\/dev-msi_old\/cursos-y-masters-en-bim-que-buscar-y-como-elegir-el-adecuado\/\">leer m\u00e1s<\/a>\r\n\t\t\t\t\t<\/div>\r\n\t\t\t\t\t\t\t<\/div>\r\n\t\t\r\n\t\t<\/div>\r\n\t<\/div>\r\n<\/div><div class=\"pd_pcf_item pd-pcf-col-3 arquitectura-90 dynamo-17 formacion-7 formacion-20 patrones-307 personalizacion-306 pyrevit-308 revit-22 \">\r\n\t<div class=\"pd_pcf_single_item\">\r\n\t\t\t<div class=\"pd_pcf_thumbnail\">\r\n\t\t\t<a href=\"https:\/\/mascalagrimas.es\/dev-msi_old\/patrones-de-relleno-en-revit-personalizacion\/\">\r\n\t\t\t\t<img decoding=\"async\" src=\"https:\/\/mascalagrimas.es\/dev-msi_old\/wp-content\/uploads\/2021\/11\/portada-Fatima--300x300.jpg\" title=\"portada Fatima\" alt=\"portada Fatima\" \/>\t\t\t<\/a>\r\n\t\t<\/div>\r\n\t\t\t<div class=\"pd_pcf_content\">\r\n\r\n\t\t\t<div class=\"pd_pcf_title\">\r\n\t\t\t\t<h2><a href=\"https:\/\/mascalagrimas.es\/dev-msi_old\/patrones-de-relleno-en-revit-personalizacion\/\">Patrones de relleno en Revit. Personalizaci\u00f3n<\/a><\/h2>\r\n\t\t\t<\/div>\r\n\r\n\t\t\t<div class=\"pd_pcf_description\">\r\n\r\n\t\t\t\t<div class=\"pd_pcf_text\"><p>En el post anterior indagamos en las propiedades y caracter\u00edsticas de los patrones. En esta edici\u00f3n intentaremos mostrar diferentes formas de personalizaci\u00f3n de la herramienta, pues sabemos que, dependiendo de muchos factores -descarga, versi\u00f3n del programa, necesidades particulares, requisitos del&hellip;<\/p>\n<\/div>\r\n\r\n\t\t\t\t\t\t\t\t\t<div class=\"pd_pcf_readmore\">\r\n\t\t\t\t\t\t<a class=\"pd_pcf_readmore_link\" href=\"https:\/\/mascalagrimas.es\/dev-msi_old\/patrones-de-relleno-en-revit-personalizacion\/\">leer m\u00e1s<\/a>\r\n\t\t\t\t\t<\/div>\r\n\t\t\t\t\t\t\t<\/div>\r\n\t\t\r\n\t\t<\/div>\r\n\t<\/div>\r\n<\/div><div class=\"pd_pcf_item pd-pcf-col-3 arquitectura-90 diseno-187 formacion-7 formacion-20 materiales-73 personalizacion-306 revit-22 \">\r\n\t<div class=\"pd_pcf_single_item\">\r\n\t\t\t<div class=\"pd_pcf_thumbnail\">\r\n\t\t\t<a href=\"https:\/\/mascalagrimas.es\/dev-msi_old\/patrones-de-relleno-en-revit-propiedades-y-caracteristicas\/\">\r\n\t\t\t\t<img decoding=\"async\" src=\"https:\/\/mascalagrimas.es\/dev-msi_old\/wp-content\/uploads\/2021\/11\/portada-fatima-300x300.jpg\" title=\"portada fatima\" alt=\"portada fatima\" \/>\t\t\t<\/a>\r\n\t\t<\/div>\r\n\t\t\t<div class=\"pd_pcf_content\">\r\n\r\n\t\t\t<div class=\"pd_pcf_title\">\r\n\t\t\t\t<h2><a href=\"https:\/\/mascalagrimas.es\/dev-msi_old\/patrones-de-relleno-en-revit-propiedades-y-caracteristicas\/\">Patrones de relleno en Revit. Propiedades y caracter\u00edsticas<\/a><\/h2>\r\n\t\t\t<\/div>\r\n\r\n\t\t\t<div class=\"pd_pcf_description\">\r\n\r\n\t\t\t\t<div class=\"pd_pcf_text\"><p>Cuando se est\u00e1 desarrollando un proyecto de Revit y llega la hora de representarlo en planos o vistas espec\u00edficas, las configuraciones de gr\u00e1ficos toman una importancia bastante significativa, a veces inclusive se vuelven clave para poder representar un elemento, ya&hellip;<\/p>\n<\/div>\r\n\r\n\t\t\t\t\t\t\t\t\t<div class=\"pd_pcf_readmore\">\r\n\t\t\t\t\t\t<a class=\"pd_pcf_readmore_link\" href=\"https:\/\/mascalagrimas.es\/dev-msi_old\/patrones-de-relleno-en-revit-propiedades-y-caracteristicas\/\">leer m\u00e1s<\/a>\r\n\t\t\t\t\t<\/div>\r\n\t\t\t\t\t\t\t<\/div>\r\n\t\t\r\n\t\t<\/div>\r\n\t<\/div>\r\n<\/div><div class=\"pd_pcf_item pd-pcf-col-3 acp-172 architecture-233 bim-11 formacion-7 professional-232 revit-22 \">\r\n\t<div class=\"pd_pcf_single_item\">\r\n\t\t\t<div class=\"pd_pcf_thumbnail\">\r\n\t\t\t<a href=\"https:\/\/mascalagrimas.es\/dev-msi_old\/acp-autodesk-certified-professional-en-revit-arquitectura\/\">\r\n\t\t\t\t<img decoding=\"async\" src=\"https:\/\/mascalagrimas.es\/dev-msi_old\/wp-content\/uploads\/2021\/05\/Post-Sara-300x300.jpg\" title=\"Post Sara\" alt=\"Post Sara\" \/>\t\t\t<\/a>\r\n\t\t<\/div>\r\n\t\t\t<div class=\"pd_pcf_content\">\r\n\r\n\t\t\t<div class=\"pd_pcf_title\">\r\n\t\t\t\t<h2><a href=\"https:\/\/mascalagrimas.es\/dev-msi_old\/acp-autodesk-certified-professional-en-revit-arquitectura\/\">ACP \u2013 Autodesk Certified Professional en Revit Arquitectura<\/a><\/h2>\r\n\t\t\t<\/div>\r\n\r\n\t\t\t<div class=\"pd_pcf_description\">\r\n\r\n\t\t\t\t<div class=\"pd_pcf_text\"><p>En el siguiente post se tratar\u00e1 la certificaci\u00f3n ACP o Autodesk Certified Professional en Revit Arquitectura. El ACP o Autodesk Certified Professional es la certificaci\u00f3n m\u00e1s prestigiosa de Autodesk que valida los conocimientos avanzados en la herramienta en cuesti\u00f3n, con&hellip;<\/p>\n<\/div>\r\n\r\n\t\t\t\t\t\t\t\t\t<div class=\"pd_pcf_readmore\">\r\n\t\t\t\t\t\t<a class=\"pd_pcf_readmore_link\" href=\"https:\/\/mascalagrimas.es\/dev-msi_old\/acp-autodesk-certified-professional-en-revit-arquitectura\/\">leer m\u00e1s<\/a>\r\n\t\t\t\t\t<\/div>\r\n\t\t\t\t\t\t\t<\/div>\r\n\t\t\r\n\t\t<\/div>\r\n\t<\/div>\r\n<\/div><div class=\"pd_pcf_item pd-pcf-col-3 acp-172 architecture-233 bim-11 formacion-7 mep-14 professional-232 revit-22 structural-234 \">\r\n\t<div class=\"pd_pcf_single_item\">\r\n\t\t\t<div class=\"pd_pcf_thumbnail\">\r\n\t\t\t<a href=\"https:\/\/mascalagrimas.es\/dev-msi_old\/certificaciones-autodesk-revit\/\">\r\n\t\t\t\t<img decoding=\"async\" src=\"https:\/\/mascalagrimas.es\/dev-msi_old\/wp-content\/uploads\/2021\/03\/Post-sara-1-300x300.jpg\" title=\"Post sara 1\" alt=\"Post sara 1\" \/>\t\t\t<\/a>\r\n\t\t<\/div>\r\n\t\t\t<div class=\"pd_pcf_content\">\r\n\r\n\t\t\t<div class=\"pd_pcf_title\">\r\n\t\t\t\t<h2><a href=\"https:\/\/mascalagrimas.es\/dev-msi_old\/certificaciones-autodesk-revit\/\">Certificaciones Autodesk Revit<\/a><\/h2>\r\n\t\t\t<\/div>\r\n\r\n\t\t\t<div class=\"pd_pcf_description\">\r\n\r\n\t\t\t\t<div class=\"pd_pcf_text\"><p>Autodesk tiene una serie de certificaciones para validar los conocimientos y habilidades en los softwares. Encontramos certificaciones a dos niveles: Autodesk Certified User (ACU, de ahora en adelante): Certificaci\u00f3n de conocimientos b\u00e1sicos de Revit, con aproximadamente 150 horas de experiencia&hellip;<\/p>\n<\/div>\r\n\r\n\t\t\t\t\t\t\t\t\t<div class=\"pd_pcf_readmore\">\r\n\t\t\t\t\t\t<a class=\"pd_pcf_readmore_link\" href=\"https:\/\/mascalagrimas.es\/dev-msi_old\/certificaciones-autodesk-revit\/\">leer m\u00e1s<\/a>\r\n\t\t\t\t\t<\/div>\r\n\t\t\t\t\t\t\t<\/div>\r\n\t\t\r\n\t\t<\/div>\r\n\t<\/div>\r\n<\/div><div class=\"pd_pcf_item pd-pcf-col-3 5d-67 bim-11 formacion-7 mediciones-68 presupuestos-69 revit-22 tcq-140 \">\r\n\t<div class=\"pd_pcf_single_item\">\r\n\t\t\t<div class=\"pd_pcf_thumbnail\">\r\n\t\t\t<a href=\"https:\/\/mascalagrimas.es\/dev-msi_old\/flujo-de-trabajo-autodesk-revit-tcq-archivo-ifc-parte-ii\/\">\r\n\t\t\t\t<img decoding=\"async\" src=\"https:\/\/mascalagrimas.es\/dev-msi_old\/wp-content\/uploads\/2021\/03\/Post-Sara-300x300.jpg\" title=\"Post Sara\" alt=\"Post Sara\" \/>\t\t\t<\/a>\r\n\t\t<\/div>\r\n\t\t\t<div class=\"pd_pcf_content\">\r\n\r\n\t\t\t<div class=\"pd_pcf_title\">\r\n\t\t\t\t<h2><a href=\"https:\/\/mascalagrimas.es\/dev-msi_old\/flujo-de-trabajo-autodesk-revit-tcq-archivo-ifc-parte-ii\/\">Flujo de trabajo Autodesk Revit \u2013 TCQ. Archivo IFC. Parte II.<\/a><\/h2>\r\n\t\t\t<\/div>\r\n\r\n\t\t\t<div class=\"pd_pcf_description\">\r\n\r\n\t\t\t\t<div class=\"pd_pcf_text\"><p>Retomando la cadena de posts de \u201cFlujo de trabajo entre Autodesk Revit y TCQ\u201d, el pasado 14 de octubre se public\u00f3 Flujo de trabajo Autodesk Revit \u2013 TCQ. Archivo IFC. Parte I. , hoy retomamos la segunda parte, donde nos&hellip;<\/p>\n<\/div>\r\n\r\n\t\t\t\t\t\t\t\t\t<div class=\"pd_pcf_readmore\">\r\n\t\t\t\t\t\t<a class=\"pd_pcf_readmore_link\" href=\"https:\/\/mascalagrimas.es\/dev-msi_old\/flujo-de-trabajo-autodesk-revit-tcq-archivo-ifc-parte-ii\/\">leer m\u00e1s<\/a>\r\n\t\t\t\t\t<\/div>\r\n\t\t\t\t\t\t\t<\/div>\r\n\t\t\r\n\t\t<\/div>\r\n\t<\/div>\r\n<\/div><div class=\"pd_pcf_item pd-pcf-col-3 bim-11 formacion-7 formacion-2-214 learning-management-system-2-219 lms-220 \">\r\n\t<div class=\"pd_pcf_single_item\">\r\n\t\t\t<div class=\"pd_pcf_thumbnail\">\r\n\t\t\t<a href=\"https:\/\/mascalagrimas.es\/dev-msi_old\/la-importancia-de-un-learning-management-system-en-formacion\/\">\r\n\t\t\t\t<img decoding=\"async\" src=\"https:\/\/mascalagrimas.es\/dev-msi_old\/wp-content\/uploads\/2021\/01\/Post-Sara-300x300.jpg\" title=\"Post Sara\" alt=\"Post Sara\" \/>\t\t\t<\/a>\r\n\t\t<\/div>\r\n\t\t\t<div class=\"pd_pcf_content\">\r\n\r\n\t\t\t<div class=\"pd_pcf_title\">\r\n\t\t\t\t<h2><a href=\"https:\/\/mascalagrimas.es\/dev-msi_old\/la-importancia-de-un-learning-management-system-en-formacion\/\">La importancia de un \u00abLearning Management System\u00bb en formaci\u00f3n<\/a><\/h2>\r\n\t\t\t<\/div>\r\n\r\n\t\t\t<div class=\"pd_pcf_description\">\r\n\r\n\t\t\t\t<div class=\"pd_pcf_text\"><p>En las \u00faltimas d\u00e9cadas el sector de la formaci\u00f3n ha dado grandes cambios, sobre todo a nivel tecnol\u00f3gico. Adem\u00e1s, durante el pasado a\u00f1o, 2020 ha surgido un agravante, la pandemia provocada por el coronavirus que oblig\u00f3 a cerrar toda la&hellip;<\/p>\n<\/div>\r\n\r\n\t\t\t\t\t\t\t\t\t<div class=\"pd_pcf_readmore\">\r\n\t\t\t\t\t\t<a class=\"pd_pcf_readmore_link\" href=\"https:\/\/mascalagrimas.es\/dev-msi_old\/la-importancia-de-un-learning-management-system-en-formacion\/\">leer m\u00e1s<\/a>\r\n\t\t\t\t\t<\/div>\r\n\t\t\t\t\t\t\t<\/div>\r\n\t\t\r\n\t\t<\/div>\r\n\t<\/div>\r\n<\/div><div class=\"pd_pcf_item pd-pcf-col-3 familias-36 formacion-2-214 formacion-7 modelado-25 parametros-58 revit-2020-177 \">\r\n\t<div class=\"pd_pcf_single_item\">\r\n\t\t\t<div class=\"pd_pcf_thumbnail\">\r\n\t\t\t<a href=\"https:\/\/mascalagrimas.es\/dev-msi_old\/que-son-las-familias-anidadas-en-revit-parte-i\/\">\r\n\t\t\t\t<img decoding=\"async\" src=\"https:\/\/mascalagrimas.es\/dev-msi_old\/wp-content\/uploads\/2020\/12\/Post-Cristhian-300x300.jpg\" title=\"Post Cristhian\" alt=\"Post Cristhian\" \/>\t\t\t<\/a>\r\n\t\t<\/div>\r\n\t\t\t<div class=\"pd_pcf_content\">\r\n\r\n\t\t\t<div class=\"pd_pcf_title\">\r\n\t\t\t\t<h2><a href=\"https:\/\/mascalagrimas.es\/dev-msi_old\/que-son-las-familias-anidadas-en-revit-parte-i\/\">\u00bfQu\u00e9 son las familias anidadas en Revit? Parte I<\/a><\/h2>\r\n\t\t\t<\/div>\r\n\r\n\t\t\t<div class=\"pd_pcf_description\">\r\n\r\n\t\t\t\t<div class=\"pd_pcf_text\"><p>En ocasiones, cuando comenzamos a desarrollar proyectos con Revit, nos vamos familiarizando poco a poco con las diferentes herramientas que este software nos ofrece. Desde el punto de vista de la creaci\u00f3n de una familia, nos damos cuenta que es&hellip;<\/p>\n<\/div>\r\n\r\n\t\t\t\t\t\t\t\t\t<div class=\"pd_pcf_readmore\">\r\n\t\t\t\t\t\t<a class=\"pd_pcf_readmore_link\" href=\"https:\/\/mascalagrimas.es\/dev-msi_old\/que-son-las-familias-anidadas-en-revit-parte-i\/\">leer m\u00e1s<\/a>\r\n\t\t\t\t\t<\/div>\r\n\t\t\t\t\t\t\t<\/div>\r\n\t\t\r\n\t\t<\/div>\r\n\t<\/div>\r\n<\/div><div class=\"pd_pcf_item pd-pcf-col-3 conjunto-de-opciones-186 diseno-187 distribucion-188 formacion-7 opciones-de-diseno-2-189 revit-22 visibilidad-190 \">\r\n\t<div class=\"pd_pcf_single_item\">\r\n\t\t\t<div class=\"pd_pcf_thumbnail\">\r\n\t\t\t<a href=\"https:\/\/mascalagrimas.es\/dev-msi_old\/replantear-los-espacios-en-epoca-de-covid19-opciones-de-diseno-en-revit\/\">\r\n\t\t\t\t<img decoding=\"async\" src=\"https:\/\/mascalagrimas.es\/dev-msi_old\/wp-content\/uploads\/2020\/10\/Portada-Jose-300x300.jpg\" title=\"Portada Jose\" alt=\"Portada Jose\" \/>\t\t\t<\/a>\r\n\t\t<\/div>\r\n\t\t\t<div class=\"pd_pcf_content\">\r\n\r\n\t\t\t<div class=\"pd_pcf_title\">\r\n\t\t\t\t<h2><a href=\"https:\/\/mascalagrimas.es\/dev-msi_old\/replantear-los-espacios-en-epoca-de-covid19-opciones-de-diseno-en-revit\/\">Replantear los espacios en \u00e9poca de Covid19: Opciones de Dise\u00f1o en Revit<\/a><\/h2>\r\n\t\t\t<\/div>\r\n\r\n\t\t\t<div class=\"pd_pcf_description\">\r\n\r\n\t\t\t\t<div class=\"pd_pcf_text\"><p>Muchos de los espacios en los que estamos acostumbrados a pasar horas y horas rodeados de otras personas, han sufrido una transformaci\u00f3n debido al estado actual por consecuencia del COVID-19. Estos espacios, tales como oficinas, aulas, espacios comunes, comedores, entre&hellip;<\/p>\n<\/div>\r\n\r\n\t\t\t\t\t\t\t\t\t<div class=\"pd_pcf_readmore\">\r\n\t\t\t\t\t\t<a class=\"pd_pcf_readmore_link\" href=\"https:\/\/mascalagrimas.es\/dev-msi_old\/replantear-los-espacios-en-epoca-de-covid19-opciones-de-diseno-en-revit\/\">leer m\u00e1s<\/a>\r\n\t\t\t\t\t<\/div>\r\n\t\t\t\t\t\t\t<\/div>\r\n\t\t\r\n\t\t<\/div>\r\n\t<\/div>\r\n<\/div><\/div>\t\t\t\t\t\t<div class=\"pd-pcf-load-btn\">\r\n\t\t\t\t\t\t\t<a class=\"pd_pcf_loadmore_btn\" href=\"#\" data-load_more=\"Cargar m\u00e1s\" data-loading_more=\"Cargando...\">\r\n\t\t\t\t\t\t\t\t<span class=\"pd_pcf_load_icon\">\r\n\t\t\t\t\t\t\t\t\t<i aria-hidden=\"true\" class=\"fas fa-spinner\"><\/i>\r\n\t\t\t\t\t\t\t\t<\/span>\r\n\t\t\t\t\t\t\t\t<span class=\"pd_pcf_loading_icon pd-pcf-d-none\">\r\n\t\t\t\t\t\t\t\t\t<i aria-hidden=\"true\" class=\"fas fa-spinner fa-spin\"><\/i>\r\n\t\t\t\t\t\t\t\t<\/span>\r\n\t\t\t\t\t\t\t\t<span class=\"pd-pcf-load-more-text\">Cargar m\u00e1s<\/span>\r\n\t\t\t\t\t\t\t<\/a>\r\n\t\t\t\t\t\t<\/div>\r\n\t\t\t<\/div>\t\t<\/div>\n\t\t\t\t<\/div>\n\t\t\t\t\t<\/div>\n\t\t<\/div>\n\t\t\t\t\t<\/div>\n\t\t<\/section>\n\t\t\t\t\t<\/div>\n\t\t<\/div>\n\t\t\t\t\t<\/div>\n\t\t<\/section>\n\t\t\t\t<\/div>\n\t\t","protected":false},"excerpt":{"rendered":"<p>FORMACI\u00d3N BIM show all Formaci\u00f3n La importancia de un \u00abLearning Management System\u00bb en formaci\u00f3n En las \u00faltimas d\u00e9cadas el sector de la formaci\u00f3n ha dado grandes cambios, sobre todo a nivel tecnol\u00f3gico. Adem\u00e1s, durante el pasado a\u00f1o, 2020 ha surgido un agravante, la pandemia provocada por el coronavirus que oblig\u00f3 a cerrar toda la&hellip; leer&hellip; <a class=\"more-link\" href=\"https:\/\/mascalagrimas.es\/dev-msi_old\/replantear-los-espacios-en-epoca-de-covid19-opciones-de-diseno-en-revit\/\">Seguir leyendo <span class=\"screen-reader-text\">Replantear los espacios en \u00e9poca de Covid19: Opciones de Dise\u00f1o en Revit<\/span><\/a><\/p>\n","protected":false},"author":17,"featured_media":0,"parent":0,"menu_order":0,"comment_status":"closed","ping_status":"closed","template":"elementor_canvas","meta":{"rank_math_lock_modified_date":false,"_joinchat":[],"footnotes":""},"class_list":["post-36706","page","type-page","status-publish","hentry","entry"],"acf":[],"_links":{"self":[{"href":"https:\/\/mascalagrimas.es\/dev-msi_old\/wp-json\/wp\/v2\/pages\/36706"}],"collection":[{"href":"https:\/\/mascalagrimas.es\/dev-msi_old\/wp-json\/wp\/v2\/pages"}],"about":[{"href":"https:\/\/mascalagrimas.es\/dev-msi_old\/wp-json\/wp\/v2\/types\/page"}],"author":[{"embeddable":true,"href":"https:\/\/mascalagrimas.es\/dev-msi_old\/wp-json\/wp\/v2\/users\/17"}],"replies":[{"embeddable":true,"href":"https:\/\/mascalagrimas.es\/dev-msi_old\/wp-json\/wp\/v2\/comments?post=36706"}],"version-history":[{"count":0,"href":"https:\/\/mascalagrimas.es\/dev-msi_old\/wp-json\/wp\/v2\/pages\/36706\/revisions"}],"wp:attachment":[{"href":"https:\/\/mascalagrimas.es\/dev-msi_old\/wp-json\/wp\/v2\/media?parent=36706"}],"curies":[{"name":"wp","href":"https:\/\/api.w.org\/{rel}","templated":true}]}}