{"id":36700,"date":"2021-02-22T09:55:22","date_gmt":"2021-02-22T08:55:22","guid":{"rendered":"https:\/\/mascalagrimas.es\/dev-msi_old\/?page_id=36700"},"modified":"2021-02-24T13:05:07","modified_gmt":"2021-02-24T12:05:07","slug":"facility-managment-blog","status":"publish","type":"page","link":"https:\/\/mascalagrimas.es\/dev-msi_old\/facility-managment-blog\/","title":{"rendered":"FACILITY MANAGMENT"},"content":{"rendered":"\t\t<div data-elementor-type=\"wp-page\" data-elementor-id=\"36700\" class=\"elementor elementor-36700\" data-elementor-post-type=\"page\">\n\t\t\t\t\t\t<section class=\"elementor-section elementor-top-section elementor-element elementor-element-967d03c elementor-section-boxed elementor-section-height-default elementor-section-height-default\" data-id=\"967d03c\" data-element_type=\"section\" data-settings=\"{&quot;background_background&quot;:&quot;classic&quot;}\">\n\t\t\t\t\t\t\t<div class=\"elementor-background-overlay\"><\/div>\n\t\t\t\t\t\t\t<div class=\"elementor-container elementor-column-gap-default\">\n\t\t\t\t\t<div class=\"elementor-column elementor-col-100 elementor-top-column elementor-element elementor-element-e241c11\" data-id=\"e241c11\" data-element_type=\"column\">\n\t\t\t<div class=\"elementor-widget-wrap elementor-element-populated\">\n\t\t\t\t\t\t<div class=\"elementor-element elementor-element-6803463 elementor-widget elementor-widget-heading\" data-id=\"6803463\" data-element_type=\"widget\" data-widget_type=\"heading.default\">\n\t\t\t\t<div class=\"elementor-widget-container\">\n\t\t\t<style>\/*! elementor - v3.21.0 - 08-05-2024 *\/\n.elementor-heading-title{padding:0;margin:0;line-height:1}.elementor-widget-heading .elementor-heading-title[class*=elementor-size-]>a{color:inherit;font-size:inherit;line-height:inherit}.elementor-widget-heading .elementor-heading-title.elementor-size-small{font-size:15px}.elementor-widget-heading .elementor-heading-title.elementor-size-medium{font-size:19px}.elementor-widget-heading .elementor-heading-title.elementor-size-large{font-size:29px}.elementor-widget-heading .elementor-heading-title.elementor-size-xl{font-size:39px}.elementor-widget-heading .elementor-heading-title.elementor-size-xxl{font-size:59px}<\/style><h1 class=\"elementor-heading-title elementor-size-default\">FACILITY MANAGMENT<\/h1>\t\t<\/div>\n\t\t\t\t<\/div>\n\t\t\t\t<div class=\"elementor-element elementor-element-e45510d elementor-widget-divider--view-line elementor-widget elementor-widget-divider\" data-id=\"e45510d\" data-element_type=\"widget\" data-widget_type=\"divider.default\">\n\t\t\t\t<div class=\"elementor-widget-container\">\n\t\t\t<style>\/*! elementor - v3.21.0 - 08-05-2024 *\/\n.elementor-widget-divider{--divider-border-style:none;--divider-border-width:1px;--divider-color:#0c0d0e;--divider-icon-size:20px;--divider-element-spacing:10px;--divider-pattern-height:24px;--divider-pattern-size:20px;--divider-pattern-url:none;--divider-pattern-repeat:repeat-x}.elementor-widget-divider .elementor-divider{display:flex}.elementor-widget-divider .elementor-divider__text{font-size:15px;line-height:1;max-width:95%}.elementor-widget-divider .elementor-divider__element{margin:0 var(--divider-element-spacing);flex-shrink:0}.elementor-widget-divider .elementor-icon{font-size:var(--divider-icon-size)}.elementor-widget-divider .elementor-divider-separator{display:flex;margin:0;direction:ltr}.elementor-widget-divider--view-line_icon .elementor-divider-separator,.elementor-widget-divider--view-line_text .elementor-divider-separator{align-items:center}.elementor-widget-divider--view-line_icon .elementor-divider-separator:after,.elementor-widget-divider--view-line_icon .elementor-divider-separator:before,.elementor-widget-divider--view-line_text .elementor-divider-separator:after,.elementor-widget-divider--view-line_text .elementor-divider-separator:before{display:block;content:\"\";border-block-end:0;flex-grow:1;border-block-start:var(--divider-border-width) var(--divider-border-style) var(--divider-color)}.elementor-widget-divider--element-align-left .elementor-divider .elementor-divider-separator>.elementor-divider__svg:first-of-type{flex-grow:0;flex-shrink:100}.elementor-widget-divider--element-align-left .elementor-divider-separator:before{content:none}.elementor-widget-divider--element-align-left .elementor-divider__element{margin-left:0}.elementor-widget-divider--element-align-right .elementor-divider .elementor-divider-separator>.elementor-divider__svg:last-of-type{flex-grow:0;flex-shrink:100}.elementor-widget-divider--element-align-right .elementor-divider-separator:after{content:none}.elementor-widget-divider--element-align-right .elementor-divider__element{margin-right:0}.elementor-widget-divider--element-align-start .elementor-divider .elementor-divider-separator>.elementor-divider__svg:first-of-type{flex-grow:0;flex-shrink:100}.elementor-widget-divider--element-align-start .elementor-divider-separator:before{content:none}.elementor-widget-divider--element-align-start .elementor-divider__element{margin-inline-start:0}.elementor-widget-divider--element-align-end .elementor-divider .elementor-divider-separator>.elementor-divider__svg:last-of-type{flex-grow:0;flex-shrink:100}.elementor-widget-divider--element-align-end .elementor-divider-separator:after{content:none}.elementor-widget-divider--element-align-end .elementor-divider__element{margin-inline-end:0}.elementor-widget-divider:not(.elementor-widget-divider--view-line_text):not(.elementor-widget-divider--view-line_icon) .elementor-divider-separator{border-block-start:var(--divider-border-width) var(--divider-border-style) var(--divider-color)}.elementor-widget-divider--separator-type-pattern{--divider-border-style:none}.elementor-widget-divider--separator-type-pattern.elementor-widget-divider--view-line .elementor-divider-separator,.elementor-widget-divider--separator-type-pattern:not(.elementor-widget-divider--view-line) .elementor-divider-separator:after,.elementor-widget-divider--separator-type-pattern:not(.elementor-widget-divider--view-line) .elementor-divider-separator:before,.elementor-widget-divider--separator-type-pattern:not([class*=elementor-widget-divider--view]) .elementor-divider-separator{width:100%;min-height:var(--divider-pattern-height);-webkit-mask-size:var(--divider-pattern-size) 100%;mask-size:var(--divider-pattern-size) 100%;-webkit-mask-repeat:var(--divider-pattern-repeat);mask-repeat:var(--divider-pattern-repeat);background-color:var(--divider-color);-webkit-mask-image:var(--divider-pattern-url);mask-image:var(--divider-pattern-url)}.elementor-widget-divider--no-spacing{--divider-pattern-size:auto}.elementor-widget-divider--bg-round{--divider-pattern-repeat:round}.rtl .elementor-widget-divider .elementor-divider__text{direction:rtl}.e-con-inner>.elementor-widget-divider,.e-con>.elementor-widget-divider{width:var(--container-widget-width,100%);--flex-grow:var(--container-widget-flex-grow)}<\/style>\t\t<div class=\"elementor-divider\">\n\t\t\t<span class=\"elementor-divider-separator\">\n\t\t\t\t\t\t<\/span>\n\t\t<\/div>\n\t\t\t\t<\/div>\n\t\t\t\t<\/div>\n\t\t\t\t\t<\/div>\n\t\t<\/div>\n\t\t\t\t\t<\/div>\n\t\t<\/section>\n\t\t\t\t<section class=\"elementor-section elementor-top-section elementor-element elementor-element-89c7cca elementor-section-boxed elementor-section-height-default elementor-section-height-default\" data-id=\"89c7cca\" data-element_type=\"section\">\n\t\t\t\t\t\t<div class=\"elementor-container elementor-column-gap-default\">\n\t\t\t\t\t<div class=\"elementor-column elementor-col-100 elementor-top-column elementor-element elementor-element-b55c337\" data-id=\"b55c337\" data-element_type=\"column\">\n\t\t\t<div class=\"elementor-widget-wrap elementor-element-populated\">\n\t\t\t\t\t\t<section class=\"elementor-section elementor-inner-section elementor-element elementor-element-427ac6f elementor-section-boxed elementor-section-height-default elementor-section-height-default\" data-id=\"427ac6f\" data-element_type=\"section\">\n\t\t\t\t\t\t<div class=\"elementor-container elementor-column-gap-default\">\n\t\t\t\t\t<div class=\"elementor-column elementor-col-100 elementor-inner-column elementor-element elementor-element-821540e\" data-id=\"821540e\" data-element_type=\"column\">\n\t\t\t<div class=\"elementor-widget-wrap elementor-element-populated\">\n\t\t\t\t\t\t<div class=\"elementor-element elementor-element-002c278 btn-filtro elementor-widget elementor-widget-pd-pcf\" data-id=\"002c278\" data-element_type=\"widget\" data-widget_type=\"pd-pcf.default\">\n\t\t\t\t<div class=\"elementor-widget-container\">\n\t\t\t<div\r\n\t        \t\tclass=\"pd-pcf-container pd-pcf-column-type-default\"\r\n\t        \t\tid=\"wbel_pd_pcf_pd_pcf002c278\"\r\n\t        \t\tdata-columns_per_row=\"3\"\r\n\t        \t\tdata-post_types=\"post\"\r\n\t        \t\tdata-tax_query=\"{&quot;0&quot;:{&quot;taxonomy&quot;:&quot;category&quot;,&quot;field&quot;:&quot;term_id&quot;,&quot;terms&quot;:[&quot;8&quot;]},&quot;relation&quot;:&quot;OR&quot;}\"\r\n\t        \t\tdata-posts_per_page=\"9\"\r\n\t        \t\tdata-settings=\"{&quot;category_ids&quot;:[&quot;8&quot;],&quot;template_style&quot;:&quot;default&quot;,&quot;columns_per_row&quot;:3,&quot;read_more_text&quot;:&quot;leer m\\u00e1s&quot;,&quot;post_types&quot;:&quot;post&quot;,&quot;posts_per_page&quot;:9,&quot;thumbnail_size_size&quot;:&quot;medium&quot;,&quot;thumbnail_size_custom_dimension&quot;:null,&quot;display_image&quot;:&quot;yes&quot;,&quot;id&quot;:&quot;pd_pcf002c278&quot;}\"\r\n\t        \t>\t\r\n\t        \t<div class=\"wbel-pd-pcf-category-container pd-pcf-filter-button-group\">\r\n\t        \t\t\t\t\t\t\t  <a href=\"#\" class=\"pd-pcf-filter-btn\" data-filter=\"*\">Show All<\/a>\r\n\t\t\t\t\t    \t\t\t\t\t\t\t\t\t<a href=\"#\" class=\"pd-pcf-filter-btn\" data-filter=\".facility-management-8\">Facility Management<\/a>\r\n\t\t\t\t\t\t\t  \t\r\n\t        \t<\/div>\r\n\t        <div\r\n\t\t        \t\tclass=\"wbel_pd_pcf_wrapper wbel_pd_pcf_default\"\r\n\t\t        \t><div class=\"pd_pcf_item pd-pcf-col-3 bim-en-obra-6 facility-management-8 \">\r\n\t<div class=\"pd_pcf_single_item\">\r\n\t\t\t<div class=\"pd_pcf_thumbnail\">\r\n\t\t\t<a href=\"https:\/\/mascalagrimas.es\/dev-msi_old\/gediav-h2o-gemelos-avanzados-en-depuradoras-de-agua\/\">\r\n\t\t\t\t<img decoding=\"async\" src=\"https:\/\/mascalagrimas.es\/dev-msi_old\/wp-content\/uploads\/2023\/03\/MSI-Blog-1-300x300.png\" title=\"GEDIAV H2O\" alt=\"GEDIAV H2O\" \/>\t\t\t<\/a>\r\n\t\t<\/div>\r\n\t\t\t<div class=\"pd_pcf_content\">\r\n\r\n\t\t\t<div class=\"pd_pcf_title\">\r\n\t\t\t\t<h2><a href=\"https:\/\/mascalagrimas.es\/dev-msi_old\/gediav-h2o-gemelos-avanzados-en-depuradoras-de-agua\/\">GEDIAV H2O Gemelos avanzados en Depuradoras de agua<\/a><\/h2>\r\n\t\t\t<\/div>\r\n\r\n\t\t\t<div class=\"pd_pcf_description\">\r\n\r\n\t\t\t\t<div class=\"pd_pcf_text\"><p>Los \"gemelos digitales\" se est\u00e1n convirtiendo en una tecnolog\u00eda emergente muy extendida en varias industrias, estando intr\u00ednsecamente vinculados con otros t\u00e9rminos en auge como la Industria 4.0 y los sistemas ciberf\u00edsicos. Seg\u00fan Gartner, se anticipa que las grandes corporaciones industriales&hellip;<\/p>\n<\/div>\r\n\r\n\t\t\t\t\t\t\t\t\t<div class=\"pd_pcf_readmore\">\r\n\t\t\t\t\t\t<a class=\"pd_pcf_readmore_link\" href=\"https:\/\/mascalagrimas.es\/dev-msi_old\/gediav-h2o-gemelos-avanzados-en-depuradoras-de-agua\/\">leer m\u00e1s<\/a>\r\n\t\t\t\t\t<\/div>\r\n\t\t\t\t\t\t\t<\/div>\r\n\t\t\r\n\t\t<\/div>\r\n\t<\/div>\r\n<\/div><div class=\"pd_pcf_item pd-pcf-col-3 acca-317 arquitecture-319 bim-11 facility-management-8 fm-71 ifc-38 omniclass-253 software-318 \">\r\n\t<div class=\"pd_pcf_single_item\">\r\n\t\t\t<div class=\"pd_pcf_thumbnail\">\r\n\t\t\t<a href=\"https:\/\/mascalagrimas.es\/dev-msi_old\/clasificacion-de-los-modelos-bim-ifc-y-acca-software\/\">\r\n\t\t\t\t<img decoding=\"async\" src=\"https:\/\/mascalagrimas.es\/dev-msi_old\/wp-content\/uploads\/2021\/12\/portada-300x300.jpg\" title=\"portada\" alt=\"portada\" \/>\t\t\t<\/a>\r\n\t\t<\/div>\r\n\t\t\t<div class=\"pd_pcf_content\">\r\n\r\n\t\t\t<div class=\"pd_pcf_title\">\r\n\t\t\t\t<h2><a href=\"https:\/\/mascalagrimas.es\/dev-msi_old\/clasificacion-de-los-modelos-bim-ifc-y-acca-software\/\">Clasificaci\u00f3n de los modelos BIM IFC y Acca Software<\/a><\/h2>\r\n\t\t\t<\/div>\r\n\r\n\t\t\t<div class=\"pd_pcf_description\">\r\n\r\n\t\t\t\t<div class=\"pd_pcf_text\"><p>Tal y como especifica la ISO 19650 en su primera parte, el modelo BIM debe componerse por elementos clasificados seg\u00fan uno o m\u00e1s sistemas de clasificaci\u00f3n y que adem\u00e1s la clasificaci\u00f3n aplicada siga con los principios expuestos en la ISO&hellip;<\/p>\n<\/div>\r\n\r\n\t\t\t\t\t\t\t\t\t<div class=\"pd_pcf_readmore\">\r\n\t\t\t\t\t\t<a class=\"pd_pcf_readmore_link\" href=\"https:\/\/mascalagrimas.es\/dev-msi_old\/clasificacion-de-los-modelos-bim-ifc-y-acca-software\/\">leer m\u00e1s<\/a>\r\n\t\t\t\t\t<\/div>\r\n\t\t\t\t\t\t\t<\/div>\r\n\t\t\r\n\t\t<\/div>\r\n\t<\/div>\r\n<\/div><div class=\"pd_pcf_item pd-pcf-col-3 bim-11 facility-management-8 fm-71 gis-248 \">\r\n\t<div class=\"pd_pcf_single_item\">\r\n\t\t\t<div class=\"pd_pcf_thumbnail\">\r\n\t\t\t<a href=\"https:\/\/mascalagrimas.es\/dev-msi_old\/bim-y-gis-a-un-paso-parte-iii\/\">\r\n\t\t\t\t<img decoding=\"async\" src=\"https:\/\/mascalagrimas.es\/dev-msi_old\/wp-content\/uploads\/2021\/10\/portada-Tere--300x300.jpg\" title=\"portada Tere\" alt=\"portada Tere\" \/>\t\t\t<\/a>\r\n\t\t<\/div>\r\n\t\t\t<div class=\"pd_pcf_content\">\r\n\r\n\t\t\t<div class=\"pd_pcf_title\">\r\n\t\t\t\t<h2><a href=\"https:\/\/mascalagrimas.es\/dev-msi_old\/bim-y-gis-a-un-paso-parte-iii\/\">BIM Y GIS A UN PASO: PARTE III<\/a><\/h2>\r\n\t\t\t<\/div>\r\n\r\n\t\t\t<div class=\"pd_pcf_description\">\r\n\r\n\t\t\t\t<div class=\"pd_pcf_text\"><p>SIG para el interior de edificios desde los modelos BIM Hasta el momento, GIS se ha utilizado a nivel de entorno para la gesti\u00f3n de activos; gesti\u00f3n de suelo en los aeropuertos, aguas residuales a nivel municipal, red distribuci\u00f3n de&hellip;<\/p>\n<\/div>\r\n\r\n\t\t\t\t\t\t\t\t\t<div class=\"pd_pcf_readmore\">\r\n\t\t\t\t\t\t<a class=\"pd_pcf_readmore_link\" href=\"https:\/\/mascalagrimas.es\/dev-msi_old\/bim-y-gis-a-un-paso-parte-iii\/\">leer m\u00e1s<\/a>\r\n\t\t\t\t\t<\/div>\r\n\t\t\t\t\t\t\t<\/div>\r\n\t\t\r\n\t\t<\/div>\r\n\t<\/div>\r\n<\/div><div class=\"pd_pcf_item pd-pcf-col-3 bim-3-216 cde-2-180 revit-2-161 aim-125 ecodomus-31 facility-management-8 fm-71 middleware-227 \">\r\n\t<div class=\"pd_pcf_single_item\">\r\n\t\t\t<div class=\"pd_pcf_thumbnail\">\r\n\t\t\t<a href=\"https:\/\/mascalagrimas.es\/dev-msi_old\/como-preparar-correctamente-un-modelo-para-la-fase-de-om\/\">\r\n\t\t\t\t<img decoding=\"async\" src=\"https:\/\/mascalagrimas.es\/dev-msi_old\/wp-content\/uploads\/2021\/10\/portada-david--300x300.jpg\" title=\"portada david\" alt=\"portada david\" \/>\t\t\t<\/a>\r\n\t\t<\/div>\r\n\t\t\t<div class=\"pd_pcf_content\">\r\n\r\n\t\t\t<div class=\"pd_pcf_title\">\r\n\t\t\t\t<h2><a href=\"https:\/\/mascalagrimas.es\/dev-msi_old\/como-preparar-correctamente-un-modelo-para-la-fase-de-om\/\">\u00bfC\u00f3mo preparar correctamente un modelo para la fase de O&#038;M?<\/a><\/h2>\r\n\t\t\t<\/div>\r\n\r\n\t\t\t<div class=\"pd_pcf_description\">\r\n\r\n\t\t\t\t<div class=\"pd_pcf_text\"><p>A la hora de utilizar un \u201cmiddleware\u201d o \u201csoftware\u201d enfocado a la fase de O&amp;M, es necesario tener en cuenta diversas especificaciones para realizar el modelo BIM. Si no lo hacemos, es posible que no se pueda sacar el m\u00e1ximo&hellip;<\/p>\n<\/div>\r\n\r\n\t\t\t\t\t\t\t\t\t<div class=\"pd_pcf_readmore\">\r\n\t\t\t\t\t\t<a class=\"pd_pcf_readmore_link\" href=\"https:\/\/mascalagrimas.es\/dev-msi_old\/como-preparar-correctamente-un-modelo-para-la-fase-de-om\/\">leer m\u00e1s<\/a>\r\n\t\t\t\t\t<\/div>\r\n\t\t\t\t\t\t\t<\/div>\r\n\t\t\r\n\t\t<\/div>\r\n\t<\/div>\r\n<\/div><div class=\"pd_pcf_item pd-pcf-col-3 facility-management-8 fm-71 \">\r\n\t<div class=\"pd_pcf_single_item\">\r\n\t\t\t<div class=\"pd_pcf_thumbnail\">\r\n\t\t\t<a href=\"https:\/\/mascalagrimas.es\/dev-msi_old\/bim-y-gis-a-un-paso-parte-ii\/\">\r\n\t\t\t\t<img decoding=\"async\" src=\"https:\/\/mascalagrimas.es\/dev-msi_old\/wp-content\/uploads\/2021\/10\/portada-tere-300x300.jpg\" title=\"portada tere\" alt=\"portada tere\" \/>\t\t\t<\/a>\r\n\t\t<\/div>\r\n\t\t\t<div class=\"pd_pcf_content\">\r\n\r\n\t\t\t<div class=\"pd_pcf_title\">\r\n\t\t\t\t<h2><a href=\"https:\/\/mascalagrimas.es\/dev-msi_old\/bim-y-gis-a-un-paso-parte-ii\/\">BIM Y GIS A UN PASO \u2013 PARTE II<\/a><\/h2>\r\n\t\t\t<\/div>\r\n\r\n\t\t\t<div class=\"pd_pcf_description\">\r\n\r\n\t\t\t\t<div class=\"pd_pcf_text\"><p>GeoBIM GeoBIM es el nuevo termino de referencia para la integraci\u00f3n de datos de BIM y GIS. Norma ISO 19650 en su parte 1: Conceptos y principios, introduce el \"Nivel de necesidad de informaci\u00f3n\", que se define como \"el nivel&hellip;<\/p>\n<\/div>\r\n\r\n\t\t\t\t\t\t\t\t\t<div class=\"pd_pcf_readmore\">\r\n\t\t\t\t\t\t<a class=\"pd_pcf_readmore_link\" href=\"https:\/\/mascalagrimas.es\/dev-msi_old\/bim-y-gis-a-un-paso-parte-ii\/\">leer m\u00e1s<\/a>\r\n\t\t\t\t\t<\/div>\r\n\t\t\t\t\t\t\t<\/div>\r\n\t\t\r\n\t\t<\/div>\r\n\t<\/div>\r\n<\/div><div class=\"pd_pcf_item pd-pcf-col-3 bases-de-datos-191 clasificaciones-250 cobie-70 constructoras-272 facility-management-8 fm-71 gestion-de-datos-192 gestion-documental-193 gubimclass-255 herramientas-de-gestion-194 masterformat-254 nuevas-tecnologias-222 om-197 omniclass-253 uniclass-251 uniformat-252 \">\r\n\t<div class=\"pd_pcf_single_item\">\r\n\t\t\t<div class=\"pd_pcf_thumbnail\">\r\n\t\t\t<a href=\"https:\/\/mascalagrimas.es\/dev-msi_old\/son-compatibles-fm-y-bim\/\">\r\n\t\t\t\t<img decoding=\"async\" src=\"https:\/\/mascalagrimas.es\/dev-msi_old\/wp-content\/uploads\/2021\/06\/Portada-post-Fatima-300x300.jpg\" title=\"Portada post Fatima\" alt=\"Portada post Fatima\" \/>\t\t\t<\/a>\r\n\t\t<\/div>\r\n\t\t\t<div class=\"pd_pcf_content\">\r\n\r\n\t\t\t<div class=\"pd_pcf_title\">\r\n\t\t\t\t<h2><a href=\"https:\/\/mascalagrimas.es\/dev-msi_old\/son-compatibles-fm-y-bim\/\">Herramientas b\u00e1sicas para estructurar datos en FM<\/a><\/h2>\r\n\t\t\t<\/div>\r\n\r\n\t\t\t<div class=\"pd_pcf_description\">\r\n\r\n\t\t\t\t<div class=\"pd_pcf_text\"><p>A menudo se piensa que trabajar FM con BIM, es decir, la s\u00e9ptima dimensi\u00f3n BIM, est\u00e1 a a\u00f1os luz, especialmente porque no es asequible, pues debe invertirse en alta tecnolog\u00eda y hacer costosos modelados, contratar nuevo personal, aprender \u201cx\u201d cantidad&hellip;<\/p>\n<\/div>\r\n\r\n\t\t\t\t\t\t\t\t\t<div class=\"pd_pcf_readmore\">\r\n\t\t\t\t\t\t<a class=\"pd_pcf_readmore_link\" href=\"https:\/\/mascalagrimas.es\/dev-msi_old\/son-compatibles-fm-y-bim\/\">leer m\u00e1s<\/a>\r\n\t\t\t\t\t<\/div>\r\n\t\t\t\t\t\t\t<\/div>\r\n\t\t\r\n\t\t<\/div>\r\n\t<\/div>\r\n<\/div><div class=\"pd_pcf_item pd-pcf-col-3 bim-11 facility-management-8 gis-248 informacion-geografica-249 \">\r\n\t<div class=\"pd_pcf_single_item\">\r\n\t\t\t<div class=\"pd_pcf_thumbnail\">\r\n\t\t\t<a href=\"https:\/\/mascalagrimas.es\/dev-msi_old\/bim-y-gis-a-un-paso-parte-i\/\">\r\n\t\t\t\t<img decoding=\"async\" src=\"https:\/\/mascalagrimas.es\/dev-msi_old\/wp-content\/uploads\/2021\/05\/Plantilla-Post-XXSS-1-300x300.jpg\" title=\"Plantilla Post XXSS 1\" alt=\"Plantilla Post XXSS 1\" \/>\t\t\t<\/a>\r\n\t\t<\/div>\r\n\t\t\t<div class=\"pd_pcf_content\">\r\n\r\n\t\t\t<div class=\"pd_pcf_title\">\r\n\t\t\t\t<h2><a href=\"https:\/\/mascalagrimas.es\/dev-msi_old\/bim-y-gis-a-un-paso-parte-i\/\">BIM y GIS a un paso &#8211; Parte I<\/a><\/h2>\r\n\t\t\t<\/div>\r\n\r\n\t\t\t<div class=\"pd_pcf_description\">\r\n\r\n\t\t\t\t<div class=\"pd_pcf_text\"><p>Los Sistemas de Informaci\u00f3n Geogr\u00e1fica (SIG) acoplados a la tecnolog\u00eda Building Information Modeling (BIM) permite crear un modelo de datos GIS en 3D que tiene por objeto proporcionar una mayor eficiencia, sostenibilidad y habitabilidad de las ciudades, campus y lugares&hellip;<\/p>\n<\/div>\r\n\r\n\t\t\t\t\t\t\t\t\t<div class=\"pd_pcf_readmore\">\r\n\t\t\t\t\t\t<a class=\"pd_pcf_readmore_link\" href=\"https:\/\/mascalagrimas.es\/dev-msi_old\/bim-y-gis-a-un-paso-parte-i\/\">leer m\u00e1s<\/a>\r\n\t\t\t\t\t<\/div>\r\n\t\t\t\t\t\t\t<\/div>\r\n\t\t\r\n\t\t<\/div>\r\n\t<\/div>\r\n<\/div><div class=\"pd_pcf_item pd-pcf-col-3 informationmanagment-217 bim-11 bimdata-83 bimfm-84 cde-40 facility-management-8 middleware-227 \">\r\n\t<div class=\"pd_pcf_single_item\">\r\n\t\t\t<div class=\"pd_pcf_thumbnail\">\r\n\t\t\t<a href=\"https:\/\/mascalagrimas.es\/dev-msi_old\/caso-de-exito-gsa-selecciona-ecodomus-como-plataforma-cde\/\">\r\n\t\t\t\t<img decoding=\"async\" src=\"https:\/\/mascalagrimas.es\/dev-msi_old\/wp-content\/uploads\/2021\/03\/post-Tere-300x300.jpg\" title=\"post Tere\" alt=\"post Tere\" \/>\t\t\t<\/a>\r\n\t\t<\/div>\r\n\t\t\t<div class=\"pd_pcf_content\">\r\n\r\n\t\t\t<div class=\"pd_pcf_title\">\r\n\t\t\t\t<h2><a href=\"https:\/\/mascalagrimas.es\/dev-msi_old\/caso-de-exito-gsa-selecciona-ecodomus-como-plataforma-cde\/\">Caso de \u00e9xito: GSA selecciona EcoDomus como plataforma CDE<\/a><\/h2>\r\n\t\t\t<\/div>\r\n\r\n\t\t\t<div class=\"pd_pcf_description\">\r\n\r\n\t\t\t\t<div class=\"pd_pcf_text\"><p>Entre los propietarios m\u00e1s influyentes que han considerado BIM la gesti\u00f3n de su patrimonio, Servicio de Edificios P\u00fablicos (PBS) de la Administraci\u00f3n de Servicios Generales de Estados Unidos (GSA) culmina por su historia extraordinaria en las combinaciones de esfuerzos empresariales,&hellip;<\/p>\n<\/div>\r\n\r\n\t\t\t\t\t\t\t\t\t<div class=\"pd_pcf_readmore\">\r\n\t\t\t\t\t\t<a class=\"pd_pcf_readmore_link\" href=\"https:\/\/mascalagrimas.es\/dev-msi_old\/caso-de-exito-gsa-selecciona-ecodomus-como-plataforma-cde\/\">leer m\u00e1s<\/a>\r\n\t\t\t\t\t<\/div>\r\n\t\t\t\t\t\t\t<\/div>\r\n\t\t\r\n\t\t<\/div>\r\n\t<\/div>\r\n<\/div><div class=\"pd_pcf_item pd-pcf-col-3 bases-de-datos-191 facility-management-8 fm-71 gestion-de-datos-192 gestion-documental-193 herramientas-de-gestion-194 informacion-195 modelo-bim-7d-196 nuevas-tecnologias-222 om-197 \">\r\n\t<div class=\"pd_pcf_single_item\">\r\n\t\t\t<div class=\"pd_pcf_thumbnail\">\r\n\t\t\t<a href=\"https:\/\/mascalagrimas.es\/dev-msi_old\/herramientas-de-gestion-parte-ii\/\">\r\n\t\t\t\t<img decoding=\"async\" src=\"https:\/\/mascalagrimas.es\/dev-msi_old\/wp-content\/uploads\/2021\/02\/Parte-2-fatima-1-300x300.jpg\" title=\"Parte 2 fatima 1\" alt=\"Parte 2 fatima 1\" \/>\t\t\t<\/a>\r\n\t\t<\/div>\r\n\t\t\t<div class=\"pd_pcf_content\">\r\n\r\n\t\t\t<div class=\"pd_pcf_title\">\r\n\t\t\t\t<h2><a href=\"https:\/\/mascalagrimas.es\/dev-msi_old\/herramientas-de-gestion-parte-ii\/\">Herramientas de gesti\u00f3n. Parte II.<\/a><\/h2>\r\n\t\t\t<\/div>\r\n\r\n\t\t\t<div class=\"pd_pcf_description\">\r\n\r\n\t\t\t\t<div class=\"pd_pcf_text\"><p>En el post anterior coment\u00e1bamos sobre las diferentes herramientas de apoyo en la gesti\u00f3n del FM y su aplicaci\u00f3n en general; en esta ocasi\u00f3n, os presentamos un detalle de funcionalidades de cada una de ellas. Descripci\u00f3n Herramientas de apoyo a&hellip;<\/p>\n<\/div>\r\n\r\n\t\t\t\t\t\t\t\t\t<div class=\"pd_pcf_readmore\">\r\n\t\t\t\t\t\t<a class=\"pd_pcf_readmore_link\" href=\"https:\/\/mascalagrimas.es\/dev-msi_old\/herramientas-de-gestion-parte-ii\/\">leer m\u00e1s<\/a>\r\n\t\t\t\t\t<\/div>\r\n\t\t\t\t\t\t\t<\/div>\r\n\t\t\r\n\t\t<\/div>\r\n\t<\/div>\r\n<\/div><\/div>\t\t\t\t\t\t<div class=\"pd-pcf-load-btn\">\r\n\t\t\t\t\t\t\t<a class=\"pd_pcf_loadmore_btn\" href=\"#\" data-load_more=\"Cargar m\u00e1s\" data-loading_more=\"Cargando...\">\r\n\t\t\t\t\t\t\t\t<span class=\"pd_pcf_load_icon\">\r\n\t\t\t\t\t\t\t\t\t<i aria-hidden=\"true\" class=\"fas fa-spinner\"><\/i>\r\n\t\t\t\t\t\t\t\t<\/span>\r\n\t\t\t\t\t\t\t\t<span class=\"pd_pcf_loading_icon pd-pcf-d-none\">\r\n\t\t\t\t\t\t\t\t\t<i aria-hidden=\"true\" class=\"fas fa-spinner fa-spin\"><\/i>\r\n\t\t\t\t\t\t\t\t<\/span>\r\n\t\t\t\t\t\t\t\t<span class=\"pd-pcf-load-more-text\">Cargar m\u00e1s<\/span>\r\n\t\t\t\t\t\t\t<\/a>\r\n\t\t\t\t\t\t<\/div>\r\n\t\t\t<\/div>\t\t<\/div>\n\t\t\t\t<\/div>\n\t\t\t\t\t<\/div>\n\t\t<\/div>\n\t\t\t\t\t<\/div>\n\t\t<\/section>\n\t\t\t\t\t<\/div>\n\t\t<\/div>\n\t\t\t\t\t<\/div>\n\t\t<\/section>\n\t\t\t\t<\/div>\n\t\t","protected":false},"excerpt":{"rendered":"<p>FACILITY MANAGMENT show all Facility Management Herramientas de gesti\u00f3n. Parte II. En el post anterior coment\u00e1bamos sobre las diferentes herramientas de apoyo en la gesti\u00f3n del FM y su aplicaci\u00f3n en general; en esta ocasi\u00f3n, os presentamos un detalle de funcionalidades de cada una de ellas. Descripci\u00f3n Herramientas de apoyo a&hellip; leer m\u00e1s Herramientas de&hellip; <a class=\"more-link\" href=\"https:\/\/mascalagrimas.es\/dev-msi_old\/herramientas-de-gestion-parte-ii\/\">Seguir leyendo <span class=\"screen-reader-text\">Herramientas de gesti\u00f3n. Parte II.<\/span><\/a><\/p>\n","protected":false},"author":17,"featured_media":0,"parent":0,"menu_order":0,"comment_status":"closed","ping_status":"closed","template":"elementor_canvas","meta":{"rank_math_lock_modified_date":false,"_joinchat":[],"footnotes":""},"class_list":["post-36700","page","type-page","status-publish","hentry","entry"],"acf":[],"_links":{"self":[{"href":"https:\/\/mascalagrimas.es\/dev-msi_old\/wp-json\/wp\/v2\/pages\/36700"}],"collection":[{"href":"https:\/\/mascalagrimas.es\/dev-msi_old\/wp-json\/wp\/v2\/pages"}],"about":[{"href":"https:\/\/mascalagrimas.es\/dev-msi_old\/wp-json\/wp\/v2\/types\/page"}],"author":[{"embeddable":true,"href":"https:\/\/mascalagrimas.es\/dev-msi_old\/wp-json\/wp\/v2\/users\/17"}],"replies":[{"embeddable":true,"href":"https:\/\/mascalagrimas.es\/dev-msi_old\/wp-json\/wp\/v2\/comments?post=36700"}],"version-history":[{"count":0,"href":"https:\/\/mascalagrimas.es\/dev-msi_old\/wp-json\/wp\/v2\/pages\/36700\/revisions"}],"wp:attachment":[{"href":"https:\/\/mascalagrimas.es\/dev-msi_old\/wp-json\/wp\/v2\/media?parent=36700"}],"curies":[{"name":"wp","href":"https:\/\/api.w.org\/{rel}","templated":true}]}}