{"id":3962,"date":"2023-10-30T16:32:58","date_gmt":"2023-10-30T15:32:58","guid":{"rendered":"https:\/\/mascalagrimas.es\/dev-enthec_old\/?page_id=3962"},"modified":"2024-01-11T17:23:50","modified_gmt":"2024-01-11T16:23:50","slug":"eventos","status":"publish","type":"page","link":"https:\/\/mascalagrimas.es\/dev-enthec_old\/eventos\/","title":{"rendered":"Eventos"},"content":{"rendered":"<p>[et_pb_section fb_built=\u00bb1&#8243; admin_label=\u00bbTitle\u00bb _builder_version=\u00bb4.22.2&#8243; _module_preset=\u00bbdefault\u00bb locked=\u00bboff\u00bb global_colors_info=\u00bb{}\u00bb][et_pb_row admin_label=\u00bbRow\u00bb _builder_version=\u00bb4.22.2&#8243; _module_preset=\u00bbdefault\u00bb width=\u00bb60%\u00bb width_tablet=\u00bb90%\u00bb width_phone=\u00bb90%\u00bb width_last_edited=\u00bbon|desktop\u00bb custom_padding=\u00bb100px||100px||false|false\u00bb locked=\u00bboff\u00bb collapsed=\u00bboff\u00bb global_colors_info=\u00bb{}\u00bb][et_pb_column type=\u00bb4_4&#8243; _builder_version=\u00bb4.20.4&#8243; _module_preset=\u00bbdefault\u00bb global_colors_info=\u00bb{}\u00bb][et_pb_image src=\u00bbhttps:\/\/mascalagrimas.es\/dev-enthec_old\/wp-content\/uploads\/2023\/09\/Mesa-de-trabajo-2-copia-5-1.png\u00bb title_text=\u00bbMesa-de-trabajo-2-copia-5-1&#8243; align=\u00bbcenter\u00bb _builder_version=\u00bb4.22.2&#8243; _module_preset=\u00bbdefault\u00bb global_colors_info=\u00bb{}\u00bb][\/et_pb_image][et_pb_text _builder_version=\u00bb4.22.2&#8243; _module_preset=\u00bbdefault\u00bb header_2_font=\u00bb|700|||||||\u00bb header_2_text_align=\u00bbcenter\u00bb header_2_text_color=\u00bb#000000&#8243; header_2_font_size=\u00bb4.06rem\u00bb width=\u00bb73%\u00bb module_alignment=\u00bbcenter\u00bb header_2_font_size_tablet=\u00bb3.13rem\u00bb header_2_font_size_phone=\u00bb2rem\u00bb header_2_font_size_last_edited=\u00bbon|phone\u00bb global_colors_info=\u00bb{}\u00bb]<\/p>\n<h2>Eventos<\/h2>\n<p>[\/et_pb_text][et_pb_code _builder_version=\u00bb4.22.2&#8243; _module_preset=\u00bbdefault\u00bb global_colors_info=\u00bb{}\u00bb]<\/p>\n<div class=\"line-black\"><!-- [et_pb_line_break_holder] --><\/div>\n<p>[\/et_pb_code][et_pb_text _builder_version=\u00bb4.22.2&#8243; _module_preset=\u00bbdefault\u00bb text_font=\u00bb|300|||||||\u00bb text_font_size=\u00bb1.25rem\u00bb text_line_height=\u00bb1em\u00bb text_orientation=\u00bbcenter\u00bb width=\u00bb61%\u00bb width_tablet=\u00bb90%\u00bb width_phone=\u00bb90%\u00bb width_last_edited=\u00bbon|desktop\u00bb module_alignment=\u00bbcenter\u00bb text_font_size_tablet=\u00bb1rem\u00bb text_font_size_phone=\u00bb0.75rem\u00bb text_font_size_last_edited=\u00bbon|phone\u00bb global_colors_info=\u00bb{}\u00bb]<\/p>\n<p>As\u00ed lo vivimos y as\u00ed lo viviremos. Apunta en la agenda todo lo que est\u00e1 por venir.<\/p>\n<p>[\/et_pb_text][\/et_pb_column][\/et_pb_row][\/et_pb_section][et_pb_section fb_built=\u00bb1&#8243; admin_label=\u00bbFirst Event\u00bb _builder_version=\u00bb4.23.1&#8243; _module_preset=\u00bbdefault\u00bb background_color=\u00bbgcid-1b4a3854-7b44-49f6-922e-e1ac36476373&#8243; locked=\u00bboff\u00bb global_colors_info=\u00bb{%22gcid-1b4a3854-7b44-49f6-922e-e1ac36476373%22:%91%22background_color%22%93}\u00bb][et_pb_row _builder_version=\u00bb4.22.2&#8243; _module_preset=\u00bbdefault\u00bb background_color=\u00bbRGBA(255,255,255,0)\u00bb width=\u00bb90%\u00bb max_width=\u00bb100%\u00bb custom_margin=\u00bb||||false|false\u00bb custom_padding=\u00bb1rem||1rem||false|false\u00bb locked=\u00bboff\u00bb collapsed=\u00bboff\u00bb global_colors_info=\u00bb{}\u00bb][et_pb_column type=\u00bb4_4&#8243; _builder_version=\u00bb4.22.2&#8243; _module_preset=\u00bbdefault\u00bb global_colors_info=\u00bb{}\u00bb][et_pb_code _builder_version=\u00bb4.23.1&#8243; _module_preset=\u00bbdefault\u00bb global_colors_info=\u00bb{}\u00bb]\n        <div class=\"et_pb_slides customPostSlider\">\n            <div class=\"et_pb_slide et_pb_bg_layout_dark et_pb_post_slide-973 et-pb-active-slide\" \n                style=\"background-image: url(https:\/\/mascalagrimas.es\/dev-enthec_old\/wp-content\/uploads\/2024\/09\/IMG_2868-scaled.jpeg);\">\n                <div class=\"et_pb_container clearfix\" style=\"height: 550px;\">\n                    <div class=\"et_pb_slider_container_inner\">\n                        <div class=\"et_pb_slide_description\">\n                        <div class=\"et_pb_slide_content\">\n                        <p class=\"post-meta\"> \n                            <span class=\"published\">11-09-2024<\/span> \n                        <\/p>\n                        <\/div>\n                            <h2 class=\"et_pb_slide_title\"><a href=\"https:\/\/mascalagrimas.es\/dev-enthec_old\/events_\/enthec-gmc\/\">Enthec participa en el GMC de la C\u00e1mara de Comercio de Espa\u00f1a<\/a><\/h2>\n                            <div class=\"et_pb_slide_content\">\n                                <div>\n                                    Este a\u00f1o, Madrid ha sido sede del Global Management Challenge (GMC), organizado por la C\u00e1mara de Comercio de Espa\u00f1a y en el que Enthec ha participado como invitado. En el evento, nuestra COO, Lola Miravet, ha representado a Enthec en la mesa redonda \"\u00bfQu\u00e9 buscan las empresas en la universidad?\"\u00a0 y ha compartido su visi\u00f3n sobre la importancia del talento joven y lo que buscan las empresas al reclutar nuevos profesionales. Un interesante debate mantenido junto a grandes profesionales del sector como Eva Rojo Cibri\u00e1n de Banco Sabadell, Carlos Calleja de Akkodis, Alejandro Segura Profesor de la Universidad Polit\u00e9cnica de Madrid, y Luis Cascales Presidente de UniPymeMadrid. El Global Management Challenge es la mayor competici\u00f3n de estrategia y gesti\u00f3n empresarial a nivel mundial, que se celebra anualmente y re\u00fane a equipos de estudiantes y profesionales de m\u00e1s de 40 pa\u00edses. &nbsp; &nbsp;\n                                <\/div>\n                            <\/div>\n                            <div class=\"slide-button-custom\"><a\n                                href=\"https:\/\/mascalagrimas.es\/dev-enthec_old\/events_\/enthec-gmc\/\">Ver Evento<span class=\"et-pb-icon\">$<\/span><\/a>\n                            <\/div>\n                        <\/div>\n                    <\/div>\n                <\/div>\n            <\/div>\n        <\/div>[\/et_pb_code][\/et_pb_column][\/et_pb_row][\/et_pb_section]<\/p>\n","protected":false},"excerpt":{"rendered":"<p>[et_pb_section fb_built=\u00bb1&#8243; admin_label=\u00bbTitle\u00bb _builder_version=\u00bb4.22.2&#8243; _module_preset=\u00bbdefault\u00bb locked=\u00bboff\u00bb global_colors_info=\u00bb{}\u00bb][et_pb_row admin_label=\u00bbRow\u00bb _builder_version=\u00bb4.22.2&#8243; _module_preset=\u00bbdefault\u00bb width=\u00bb60%\u00bb width_tablet=\u00bb90%\u00bb width_phone=\u00bb90%\u00bb width_last_edited=\u00bbon|desktop\u00bb custom_padding=\u00bb100px||100px||false|false\u00bb locked=\u00bboff\u00bb collapsed=\u00bboff\u00bb global_colors_info=\u00bb{}\u00bb][et_pb_column type=\u00bb4_4&#8243; _builder_version=\u00bb4.20.4&#8243; _module_preset=\u00bbdefault\u00bb global_colors_info=\u00bb{}\u00bb][et_pb_image src=\u00bbhttps:\/\/mascalagrimas.es\/dev-enthec_old\/wp-content\/uploads\/2023\/09\/Mesa-de-trabajo-2-copia-5-1.png\u00bb title_text=\u00bbMesa-de-trabajo-2-copia-5-1&#8243; align=\u00bbcenter\u00bb _builder_version=\u00bb4.22.2&#8243; _module_preset=\u00bbdefault\u00bb global_colors_info=\u00bb{}\u00bb][\/et_pb_image][et_pb_text _builder_version=\u00bb4.22.2&#8243; _module_preset=\u00bbdefault\u00bb header_2_font=\u00bb|700|||||||\u00bb header_2_text_align=\u00bbcenter\u00bb header_2_text_color=\u00bb#000000&#8243; header_2_font_size=\u00bb4.06rem\u00bb width=\u00bb73%\u00bb module_alignment=\u00bbcenter\u00bb header_2_font_size_tablet=\u00bb3.13rem\u00bb header_2_font_size_phone=\u00bb2rem\u00bb header_2_font_size_last_edited=\u00bbon|phone\u00bb global_colors_info=\u00bb{}\u00bb] Eventos [\/et_pb_text][et_pb_code _builder_version=\u00bb4.22.2&#8243; _module_preset=\u00bbdefault\u00bb global_colors_info=\u00bb{}\u00bb] [\/et_pb_code][et_pb_text _builder_version=\u00bb4.22.2&#8243; _module_preset=\u00bbdefault\u00bb text_font=\u00bb|300|||||||\u00bb text_font_size=\u00bb1.25rem\u00bb text_line_height=\u00bb1em\u00bb text_orientation=\u00bbcenter\u00bb width=\u00bb61%\u00bb width_tablet=\u00bb90%\u00bb width_phone=\u00bb90%\u00bb [&hellip;]<\/p>\n","protected":false},"author":2,"featured_media":0,"parent":0,"menu_order":0,"comment_status":"closed","ping_status":"closed","template":"","meta":{"_et_pb_use_builder":"on","_et_pb_old_content":"","_et_gb_content_width":"","footnotes":""},"class_list":["post-3962","page","type-page","status-publish","hentry"],"yoast_head":"<!-- This site is optimized with the Yoast SEO plugin v23.6 - https:\/\/yoast.com\/wordpress\/plugins\/seo\/ -->\n<title>Eventos - Entech.com<\/title>\n<meta name=\"robots\" content=\"noindex, follow, max-snippet:-1, max-image-preview:large, max-video-preview:-1\" \/>\n<meta property=\"og:locale\" content=\"es_ES\" \/>\n<meta property=\"og:type\" content=\"article\" \/>\n<meta property=\"og:title\" content=\"Eventos - Entech.com\" \/>\n<meta property=\"og:description\" content=\"[et_pb_section fb_built=\u00bb1&#8243; admin_label=\u00bbTitle\u00bb _builder_version=\u00bb4.22.2&#8243; _module_preset=\u00bbdefault\u00bb locked=\u00bboff\u00bb global_colors_info=\u00bb{}\u00bb][et_pb_row admin_label=\u00bbRow\u00bb _builder_version=\u00bb4.22.2&#8243; _module_preset=\u00bbdefault\u00bb width=\u00bb60%\u00bb width_tablet=\u00bb90%\u00bb width_phone=\u00bb90%\u00bb width_last_edited=\u00bbon|desktop\u00bb custom_padding=\u00bb100px||100px||false|false\u00bb locked=\u00bboff\u00bb collapsed=\u00bboff\u00bb global_colors_info=\u00bb{}\u00bb][et_pb_column type=\u00bb4_4&#8243; _builder_version=\u00bb4.20.4&#8243; _module_preset=\u00bbdefault\u00bb global_colors_info=\u00bb{}\u00bb][et_pb_image src=\u00bbhttps:\/\/mascalagrimas.es\/dev-enthec_old\/wp-content\/uploads\/2023\/09\/Mesa-de-trabajo-2-copia-5-1.png\u00bb title_text=\u00bbMesa-de-trabajo-2-copia-5-1&#8243; align=\u00bbcenter\u00bb _builder_version=\u00bb4.22.2&#8243; _module_preset=\u00bbdefault\u00bb global_colors_info=\u00bb{}\u00bb][\/et_pb_image][et_pb_text _builder_version=\u00bb4.22.2&#8243; _module_preset=\u00bbdefault\u00bb header_2_font=\u00bb|700|||||||\u00bb header_2_text_align=\u00bbcenter\u00bb header_2_text_color=\u00bb#000000&#8243; header_2_font_size=\u00bb4.06rem\u00bb width=\u00bb73%\u00bb module_alignment=\u00bbcenter\u00bb header_2_font_size_tablet=\u00bb3.13rem\u00bb header_2_font_size_phone=\u00bb2rem\u00bb header_2_font_size_last_edited=\u00bbon|phone\u00bb global_colors_info=\u00bb{}\u00bb] Eventos [\/et_pb_text][et_pb_code _builder_version=\u00bb4.22.2&#8243; _module_preset=\u00bbdefault\u00bb global_colors_info=\u00bb{}\u00bb] [\/et_pb_code][et_pb_text _builder_version=\u00bb4.22.2&#8243; _module_preset=\u00bbdefault\u00bb text_font=\u00bb|300|||||||\u00bb text_font_size=\u00bb1.25rem\u00bb text_line_height=\u00bb1em\u00bb text_orientation=\u00bbcenter\u00bb width=\u00bb61%\u00bb width_tablet=\u00bb90%\u00bb width_phone=\u00bb90%\u00bb [&hellip;]\" \/>\n<meta property=\"og:url\" content=\"https:\/\/mascalagrimas.es\/dev-enthec_old\/eventos\/\" \/>\n<meta property=\"og:site_name\" content=\"Enthec\" \/>\n<meta property=\"article:modified_time\" content=\"2024-01-11T16:23:50+00:00\" \/>\n<meta property=\"og:image\" content=\"https:\/\/mascalagrimas.es\/dev-enthec_old\/wp-content\/uploads\/2024\/01\/Cabecera-Mail.jpg\" \/>\n\t<meta property=\"og:image:width\" content=\"600\" \/>\n\t<meta property=\"og:image:height\" content=\"200\" \/>\n\t<meta property=\"og:image:type\" content=\"image\/jpeg\" \/>\n<meta name=\"twitter:card\" content=\"summary_large_image\" \/>\n<meta name=\"twitter:label1\" content=\"Tiempo de lectura\" \/>\n\t<meta name=\"twitter:data1\" content=\"1 minuto\" \/>\n<script type=\"application\/ld+json\" class=\"yoast-schema-graph\">{\"@context\":\"https:\/\/schema.org\",\"@graph\":[{\"@type\":\"WebPage\",\"@id\":\"https:\/\/mascalagrimas.es\/dev-enthec_old\/eventos\/\",\"url\":\"https:\/\/mascalagrimas.es\/dev-enthec_old\/eventos\/\",\"name\":\"Eventos - Entech.com\",\"isPartOf\":{\"@id\":\"https:\/\/mascalagrimas.es\/dev-enthec_old\/#website\"},\"datePublished\":\"2023-10-30T15:32:58+00:00\",\"dateModified\":\"2024-01-11T16:23:50+00:00\",\"breadcrumb\":{\"@id\":\"https:\/\/mascalagrimas.es\/dev-enthec_old\/eventos\/#breadcrumb\"},\"inLanguage\":\"es\",\"potentialAction\":[{\"@type\":\"ReadAction\",\"target\":[\"https:\/\/mascalagrimas.es\/dev-enthec_old\/eventos\/\"]}]},{\"@type\":\"BreadcrumbList\",\"@id\":\"https:\/\/mascalagrimas.es\/dev-enthec_old\/eventos\/#breadcrumb\",\"itemListElement\":[{\"@type\":\"ListItem\",\"position\":1,\"name\":\"Home\",\"item\":\"https:\/\/mascalagrimas.es\/dev-enthec_old\/\"},{\"@type\":\"ListItem\",\"position\":2,\"name\":\"Eventos\"}]},{\"@type\":\"WebSite\",\"@id\":\"https:\/\/mascalagrimas.es\/dev-enthec_old\/#website\",\"url\":\"https:\/\/mascalagrimas.es\/dev-enthec_old\/\",\"name\":\"Enthec\",\"description\":\"La plataforma XTI automatizada\",\"publisher\":{\"@id\":\"https:\/\/mascalagrimas.es\/dev-enthec_old\/#organization\"},\"alternateName\":\"Kartos by Enthec\",\"potentialAction\":[{\"@type\":\"SearchAction\",\"target\":{\"@type\":\"EntryPoint\",\"urlTemplate\":\"https:\/\/mascalagrimas.es\/dev-enthec_old\/?s={search_term_string}\"},\"query-input\":{\"@type\":\"PropertyValueSpecification\",\"valueRequired\":true,\"valueName\":\"search_term_string\"}}],\"inLanguage\":\"es\"},{\"@type\":\"Organization\",\"@id\":\"https:\/\/mascalagrimas.es\/dev-enthec_old\/#organization\",\"name\":\"Enthec\",\"alternateName\":\"Kartos by Enthec\u00e7\",\"url\":\"https:\/\/mascalagrimas.es\/dev-enthec_old\/\",\"logo\":{\"@type\":\"ImageObject\",\"inLanguage\":\"es\",\"@id\":\"https:\/\/mascalagrimas.es\/dev-enthec_old\/#\/schema\/logo\/image\/\",\"url\":\"https:\/\/mascalagrimas.es\/dev-enthec_old\/wp-content\/uploads\/2023\/09\/cropped-Mesa-de-trabajo-2-copia-5-1.png\",\"contentUrl\":\"https:\/\/mascalagrimas.es\/dev-enthec_old\/wp-content\/uploads\/2023\/09\/cropped-Mesa-de-trabajo-2-copia-5-1.png\",\"width\":512,\"height\":512,\"caption\":\"Enthec\"},\"image\":{\"@id\":\"https:\/\/mascalagrimas.es\/dev-enthec_old\/#\/schema\/logo\/image\/\"}}]}<\/script>\n<!-- \/ Yoast SEO plugin. -->","yoast_head_json":{"title":"Eventos - Entech.com","robots":{"index":"noindex","follow":"follow","max-snippet":"max-snippet:-1","max-image-preview":"max-image-preview:large","max-video-preview":"max-video-preview:-1"},"og_locale":"es_ES","og_type":"article","og_title":"Eventos - Entech.com","og_description":"[et_pb_section fb_built=\u00bb1&#8243; admin_label=\u00bbTitle\u00bb _builder_version=\u00bb4.22.2&#8243; _module_preset=\u00bbdefault\u00bb locked=\u00bboff\u00bb global_colors_info=\u00bb{}\u00bb][et_pb_row admin_label=\u00bbRow\u00bb _builder_version=\u00bb4.22.2&#8243; _module_preset=\u00bbdefault\u00bb width=\u00bb60%\u00bb width_tablet=\u00bb90%\u00bb width_phone=\u00bb90%\u00bb width_last_edited=\u00bbon|desktop\u00bb custom_padding=\u00bb100px||100px||false|false\u00bb locked=\u00bboff\u00bb collapsed=\u00bboff\u00bb global_colors_info=\u00bb{}\u00bb][et_pb_column type=\u00bb4_4&#8243; _builder_version=\u00bb4.20.4&#8243; _module_preset=\u00bbdefault\u00bb global_colors_info=\u00bb{}\u00bb][et_pb_image src=\u00bbhttps:\/\/mascalagrimas.es\/dev-enthec_old\/wp-content\/uploads\/2023\/09\/Mesa-de-trabajo-2-copia-5-1.png\u00bb title_text=\u00bbMesa-de-trabajo-2-copia-5-1&#8243; align=\u00bbcenter\u00bb _builder_version=\u00bb4.22.2&#8243; _module_preset=\u00bbdefault\u00bb global_colors_info=\u00bb{}\u00bb][\/et_pb_image][et_pb_text _builder_version=\u00bb4.22.2&#8243; _module_preset=\u00bbdefault\u00bb header_2_font=\u00bb|700|||||||\u00bb header_2_text_align=\u00bbcenter\u00bb header_2_text_color=\u00bb#000000&#8243; header_2_font_size=\u00bb4.06rem\u00bb width=\u00bb73%\u00bb module_alignment=\u00bbcenter\u00bb header_2_font_size_tablet=\u00bb3.13rem\u00bb header_2_font_size_phone=\u00bb2rem\u00bb header_2_font_size_last_edited=\u00bbon|phone\u00bb global_colors_info=\u00bb{}\u00bb] Eventos [\/et_pb_text][et_pb_code _builder_version=\u00bb4.22.2&#8243; _module_preset=\u00bbdefault\u00bb global_colors_info=\u00bb{}\u00bb] [\/et_pb_code][et_pb_text _builder_version=\u00bb4.22.2&#8243; _module_preset=\u00bbdefault\u00bb text_font=\u00bb|300|||||||\u00bb text_font_size=\u00bb1.25rem\u00bb text_line_height=\u00bb1em\u00bb text_orientation=\u00bbcenter\u00bb width=\u00bb61%\u00bb width_tablet=\u00bb90%\u00bb width_phone=\u00bb90%\u00bb [&hellip;]","og_url":"https:\/\/mascalagrimas.es\/dev-enthec_old\/eventos\/","og_site_name":"Enthec","article_modified_time":"2024-01-11T16:23:50+00:00","og_image":[{"width":600,"height":200,"url":"https:\/\/mascalagrimas.es\/dev-enthec_old\/wp-content\/uploads\/2024\/01\/Cabecera-Mail.jpg","type":"image\/jpeg"}],"twitter_card":"summary_large_image","twitter_misc":{"Tiempo de lectura":"1 minuto"},"schema":{"@context":"https:\/\/schema.org","@graph":[{"@type":"WebPage","@id":"https:\/\/mascalagrimas.es\/dev-enthec_old\/eventos\/","url":"https:\/\/mascalagrimas.es\/dev-enthec_old\/eventos\/","name":"Eventos - Entech.com","isPartOf":{"@id":"https:\/\/mascalagrimas.es\/dev-enthec_old\/#website"},"datePublished":"2023-10-30T15:32:58+00:00","dateModified":"2024-01-11T16:23:50+00:00","breadcrumb":{"@id":"https:\/\/mascalagrimas.es\/dev-enthec_old\/eventos\/#breadcrumb"},"inLanguage":"es","potentialAction":[{"@type":"ReadAction","target":["https:\/\/mascalagrimas.es\/dev-enthec_old\/eventos\/"]}]},{"@type":"BreadcrumbList","@id":"https:\/\/mascalagrimas.es\/dev-enthec_old\/eventos\/#breadcrumb","itemListElement":[{"@type":"ListItem","position":1,"name":"Home","item":"https:\/\/mascalagrimas.es\/dev-enthec_old\/"},{"@type":"ListItem","position":2,"name":"Eventos"}]},{"@type":"WebSite","@id":"https:\/\/mascalagrimas.es\/dev-enthec_old\/#website","url":"https:\/\/mascalagrimas.es\/dev-enthec_old\/","name":"Enthec","description":"La plataforma XTI automatizada","publisher":{"@id":"https:\/\/mascalagrimas.es\/dev-enthec_old\/#organization"},"alternateName":"Kartos by Enthec","potentialAction":[{"@type":"SearchAction","target":{"@type":"EntryPoint","urlTemplate":"https:\/\/mascalagrimas.es\/dev-enthec_old\/?s={search_term_string}"},"query-input":{"@type":"PropertyValueSpecification","valueRequired":true,"valueName":"search_term_string"}}],"inLanguage":"es"},{"@type":"Organization","@id":"https:\/\/mascalagrimas.es\/dev-enthec_old\/#organization","name":"Enthec","alternateName":"Kartos by Enthec\u00e7","url":"https:\/\/mascalagrimas.es\/dev-enthec_old\/","logo":{"@type":"ImageObject","inLanguage":"es","@id":"https:\/\/mascalagrimas.es\/dev-enthec_old\/#\/schema\/logo\/image\/","url":"https:\/\/mascalagrimas.es\/dev-enthec_old\/wp-content\/uploads\/2023\/09\/cropped-Mesa-de-trabajo-2-copia-5-1.png","contentUrl":"https:\/\/mascalagrimas.es\/dev-enthec_old\/wp-content\/uploads\/2023\/09\/cropped-Mesa-de-trabajo-2-copia-5-1.png","width":512,"height":512,"caption":"Enthec"},"image":{"@id":"https:\/\/mascalagrimas.es\/dev-enthec_old\/#\/schema\/logo\/image\/"}}]}},"_links":{"self":[{"href":"https:\/\/mascalagrimas.es\/dev-enthec_old\/wp-json\/wp\/v2\/pages\/3962","targetHints":{"allow":["GET"]}}],"collection":[{"href":"https:\/\/mascalagrimas.es\/dev-enthec_old\/wp-json\/wp\/v2\/pages"}],"about":[{"href":"https:\/\/mascalagrimas.es\/dev-enthec_old\/wp-json\/wp\/v2\/types\/page"}],"author":[{"embeddable":true,"href":"https:\/\/mascalagrimas.es\/dev-enthec_old\/wp-json\/wp\/v2\/users\/2"}],"replies":[{"embeddable":true,"href":"https:\/\/mascalagrimas.es\/dev-enthec_old\/wp-json\/wp\/v2\/comments?post=3962"}],"version-history":[{"count":66,"href":"https:\/\/mascalagrimas.es\/dev-enthec_old\/wp-json\/wp\/v2\/pages\/3962\/revisions"}],"predecessor-version":[{"id":6498,"href":"https:\/\/mascalagrimas.es\/dev-enthec_old\/wp-json\/wp\/v2\/pages\/3962\/revisions\/6498"}],"wp:attachment":[{"href":"https:\/\/mascalagrimas.es\/dev-enthec_old\/wp-json\/wp\/v2\/media?parent=3962"}],"curies":[{"name":"wp","href":"https:\/\/api.w.org\/{rel}","templated":true}]}}