{"id":18,"date":"2023-09-15T12:02:40","date_gmt":"2023-09-15T12:02:40","guid":{"rendered":"https:\/\/mascalagrimas.es\/dev-enthec_old\/?page_id=18"},"modified":"2024-10-01T14:01:31","modified_gmt":"2024-10-01T12:01:31","slug":"blog","status":"publish","type":"page","link":"https:\/\/mascalagrimas.es\/dev-enthec_old\/blog\/","title":{"rendered":"Blog"},"content":{"rendered":"<p>[et_pb_section fb_built=\u00bb1&#8243; admin_label=\u00bbTitle\u00bb _builder_version=\u00bb4.22.2&#8243; _module_preset=\u00bbdefault\u00bb background_image=\u00bbhttps:\/\/mascalagrimas.es\/dev-enthec_old\/wp-content\/uploads\/2023\/09\/Group-98.jpg\u00bb width=\u00bb100%\u00bb max_width=\u00bb100%\u00bb module_alignment=\u00bbleft\u00bb custom_padding=\u00bb||||false|false\u00bb collapsed=\u00bbon\u00bb global_colors_info=\u00bb{}\u00bb][et_pb_row _builder_version=\u00bb4.22.2&#8243; _module_preset=\u00bbdefault\u00bb width=\u00bb90%\u00bb max_width=\u00bb100%\u00bb custom_padding=\u00bb||||false|false\u00bb global_colors_info=\u00bb{}\u00bb][et_pb_column type=\u00bb4_4&#8243; _builder_version=\u00bb4.22.2&#8243; _module_preset=\u00bbdefault\u00bb global_colors_info=\u00bb{}\u00bb][et_pb_text _builder_version=\u00bb4.22.2&#8243; _module_preset=\u00bbdefault\u00bb header_2_text_align=\u00bbleft\u00bb header_2_text_color=\u00bb#FFFFFF\u00bb header_2_font_size=\u00bb45px\u00bb custom_padding=\u00bb||25px||false|false\u00bb global_colors_info=\u00bb{}\u00bb]<\/p>\n<h2>Pensamientos <strong style=\"color: #f2273b;\">XTI Watchbots.<\/strong><\/h2>\n<p>[\/et_pb_text][et_pb_text _builder_version=\u00bb4.22.2&#8243; _module_preset=\u00bbdefault\u00bb text_text_color=\u00bb#FFFFFF\u00bb global_colors_info=\u00bb{}\u00bb]<\/p>\n<p> Encuentra toda la informaci\u00f3n relevante del mundo de la cibervigilancia y la ciberseguridad. Conoce novedades del sector y todo el potencial que Kartos ofrece a traves de sus XTI Watchbots para tu compa\u00f1\u00eda.<\/p>\n<p>[\/et_pb_text][\/et_pb_column][\/et_pb_row][\/et_pb_section][et_pb_section fb_built=\u00bb1&#8243; admin_label=\u00bbFirst New\u00bb _builder_version=\u00bb4.23.1&#8243; _module_preset=\u00bbdefault\u00bb background_color=\u00bbgcid-1b4a3854-7b44-49f6-922e-e1ac36476373&#8243; background_enable_image=\u00bboff\u00bb custom_margin=\u00bb0px||0px||false|false\u00bb custom_padding=\u00bb0px||0px||false|false\u00bb collapsed=\u00bbon\u00bb global_colors_info=\u00bb{%22gcid-fa7cc2c1-b25a-4956-b80f-ca3588b01c16%22:%91%22background_color_gradient_stops%22%93,%22gcid-d7d27651-32df-4d20-8c0d-e16a0fc02af9%22:%91%22background_color_gradient_stops%22%93,%22gcid-1b4a3854-7b44-49f6-922e-e1ac36476373%22:%91%22background_color%22%93}\u00bb][et_pb_row _builder_version=\u00bb4.22.2&#8243; _module_preset=\u00bbdefault\u00bb background_color=\u00bbRGBA(255,255,255,0)\u00bb width=\u00bb90%\u00bb max_width=\u00bb100%\u00bb custom_margin=\u00bb||||false|false\u00bb custom_padding=\u00bb1rem||1rem||false|false\u00bb global_colors_info=\u00bb{}\u00bb][et_pb_column type=\u00bb4_4&#8243; _builder_version=\u00bb4.22.2&#8243; _module_preset=\u00bbdefault\u00bb global_colors_info=\u00bb{}\u00bb][et_pb_post_slider posts_number=\u00bb3&#8243; use_manual_excerpt=\u00bboff\u00bb show_meta=\u00bboff\u00bb image_placement=\u00bbright\u00bb use_bg_overlay=\u00bboff\u00bb _builder_version=\u00bb4.22.2&#8243; _module_preset=\u00bbdefault\u00bb header_font=\u00bb|700|||||||\u00bb header_text_color=\u00bb#000000&#8243; header_font_size=\u00bb50px\u00bb body_font=\u00bb|600|||||||\u00bb background_color=\u00bbRGBA(255,255,255,0)\u00bb custom_button=\u00bbon\u00bb button_text_color=\u00bb#FFFFFF\u00bb button_bg_color=\u00bbgcid-d7d27651-32df-4d20-8c0d-e16a0fc02af9&#8243; button_border_color=\u00bbgcid-d7d27651-32df-4d20-8c0d-e16a0fc02af9&#8243; button_border_radius=\u00bb10px\u00bb button_use_icon=\u00bboff\u00bb background_layout=\u00bblight\u00bb custom_margin=\u00bb0px||0px||false|false\u00bb custom_padding=\u00bb5rem||5rem||false|false\u00bb auto=\u00bbon\u00bb global_colors_info=\u00bb{%22gcid-d7d27651-32df-4d20-8c0d-e16a0fc02af9%22:%91%22button_bg_color%22,%22button_border_color%22%93}\u00bb][\/et_pb_post_slider][\/et_pb_column][\/et_pb_row][\/et_pb_section][et_pb_section fb_built=\u00bb1&#8243; admin_label=\u00bbBlog\u00bb _builder_version=\u00bb4.22.2&#8243; _module_preset=\u00bbdefault\u00bb collapsed=\u00bboff\u00bb global_colors_info=\u00bb{}\u00bb][et_pb_row column_structure=\u00bb1_4,3_4&#8243; _builder_version=\u00bb4.22.2&#8243; _module_preset=\u00bbdefault\u00bb width=\u00bb90%\u00bb max_width=\u00bb100%\u00bb collapsed=\u00bboff\u00bb global_colors_info=\u00bb{}\u00bb][et_pb_column type=\u00bb1_4&#8243; _builder_version=\u00bb4.22.2&#8243; _module_preset=\u00bbdefault\u00bb global_colors_info=\u00bb{}\u00bb][et_pb_sidebar _builder_version=\u00bb4.22.2&#8243; _module_preset=\u00bbdefault\u00bb global_colors_info=\u00bb{}\u00bb][\/et_pb_sidebar][\/et_pb_column][et_pb_column type=\u00bb3_4&#8243; _builder_version=\u00bb4.22.2&#8243; _module_preset=\u00bbdefault\u00bb global_colors_info=\u00bb{}\u00bb][et_pb_blog fullwidth=\u00bboff\u00bb posts_number=\u00bb12&#8243; excerpt_length=\u00bb200&#8243; show_author=\u00bboff\u00bb show_date=\u00bboff\u00bb show_categories=\u00bboff\u00bb offset_number=\u00bb3&#8243; _builder_version=\u00bb4.27.0&#8243; _module_preset=\u00bbdefault\u00bb width=\u00bb100%\u00bb max_width=\u00bb100%\u00bb hover_enabled=\u00bb0&#8243; custom_css_main_element=\u00bbcolumn-count: 2;||column-gap: 30px;||\u00bb border_radii=\u00bbon|15px|15px|15px|15px\u00bb border_style_all=\u00bbnone\u00bb box_shadow_style=\u00bbpreset1&#8243; global_colors_info=\u00bb{}\u00bb custom_css_main_element_last_edited=\u00bbon|desktop\u00bb custom_css_main_element_tablet=\u00bbcolumn-count: 1;||column-gap: 30px;\u00bb custom_css_main_element_phone=\u00bbcolumn-count: 1;||column-gap: 30px;\u00bb sticky_enabled=\u00bb0&#8243;][\/et_pb_blog][\/et_pb_column][\/et_pb_row][\/et_pb_section][et_pb_section fb_built=\u00bb1&#8243; admin_label=\u00bbNewsletter fondo imagen\u00bb _builder_version=\u00bb4.22.2&#8243; _module_preset=\u00bbdefault\u00bb background_image=\u00bbhttps:\/\/mascalagrimas.es\/dev-enthec_old\/wp-content\/uploads\/2023\/09\/soluciones-bg.jpg\u00bb locked=\u00bboff\u00bb global_colors_info=\u00bb{}\u00bb][et_pb_row column_structure=\u00bb1_2,1_2&#8243; make_equal=\u00bbon\u00bb _builder_version=\u00bb4.22.2&#8243; _module_preset=\u00bbdefault\u00bb width=\u00bb90%\u00bb max_width=\u00bb100%\u00bb custom_padding=\u00bb30px||30px||false|false\u00bb global_colors_info=\u00bb{}\u00bb][et_pb_column type=\u00bb1_2&#8243; _builder_version=\u00bb4.22.2&#8243; _module_preset=\u00bbdefault\u00bb global_colors_info=\u00bb{}\u00bb][et_pb_image src=\u00bbhttps:\/\/mascalagrimas.es\/dev-enthec_old\/wp-content\/uploads\/2023\/09\/Group-81.png\u00bb title_text=\u00bbGroup-81&#8243; show_bottom_space=\u00bboff\u00bb _builder_version=\u00bb4.27.0&#8243; _module_preset=\u00bbdefault\u00bb custom_padding=\u00bb||25px||false|false\u00bb hover_enabled=\u00bb0&#8243; global_colors_info=\u00bb{}\u00bb sticky_enabled=\u00bb0&#8243;][\/et_pb_image][et_pb_text _builder_version=\u00bb4.22.2&#8243; _module_preset=\u00bbdefault\u00bb header_2_text_align=\u00bbleft\u00bb header_2_text_color=\u00bb#FFFFFF\u00bb header_2_font_size=\u00bb45px\u00bb global_colors_info=\u00bb{}\u00bb]<\/p>\n<h2>Ap\u00fantate a nuestra Newsletter<\/h2>\n<p>[\/et_pb_text][\/et_pb_column][et_pb_column type=\u00bb1_2&#8243; _builder_version=\u00bb4.22.2&#8243; _module_preset=\u00bbdefault\u00bb global_colors_info=\u00bb{}\u00bb][et_pb_code module_class=\u00bbcaja-formulario dark-formulario\u00bb _builder_version=\u00bb4.23.1&#8243; _module_preset=\u00bbdefault\u00bb global_colors_info=\u00bb{}\u00bb]\n<div class=\"wpcf7 no-js\" id=\"wpcf7-f5817-o1\" lang=\"en-US\" dir=\"ltr\">\n<div class=\"screen-reader-response\"><p role=\"status\" aria-live=\"polite\" aria-atomic=\"true\"><\/p> <ul><\/ul><\/div>\n<form action=\"\/dev-enthec_old\/wp-json\/wp\/v2\/pages\/18#wpcf7-f5817-o1\" method=\"post\" class=\"wpcf7-form init\" aria-label=\"Contact form\" novalidate=\"novalidate\" data-status=\"init\">\n<div style=\"display: none;\">\n<input type=\"hidden\" name=\"_wpcf7\" value=\"5817\" \/>\n<input type=\"hidden\" name=\"_wpcf7_version\" value=\"5.9.8\" \/>\n<input type=\"hidden\" name=\"_wpcf7_locale\" value=\"en_US\" \/>\n<input type=\"hidden\" name=\"_wpcf7_unit_tag\" value=\"wpcf7-f5817-o1\" \/>\n<input type=\"hidden\" name=\"_wpcf7_container_post\" value=\"0\" \/>\n<input type=\"hidden\" name=\"_wpcf7_posted_data_hash\" value=\"\" \/>\n<\/div>\n<div class=\"formulario\">\n\t<h2>Subscribe to our newsletter\n\t<\/h2>\n\t<div class=\"fs-6\">\n\t\t<p><span class=\"wpcf7-form-control-wrap\" data-name=\"your-email\"><input size=\"40\" maxlength=\"400\" class=\"wpcf7-form-control wpcf7-email wpcf7-validates-as-required wpcf7-text wpcf7-validates-as-email\" aria-required=\"true\" aria-invalid=\"false\" placeholder=\"Email*\" value=\"\" type=\"email\" name=\"your-email\" \/><\/span>\n\t\t<\/p>\n\t<\/div>\n\t<p><span class=\"wpcf7-form-control-wrap\" data-name=\"acceptance-205\"><span class=\"wpcf7-form-control wpcf7-acceptance\"><span class=\"wpcf7-list-item\"><label><input type=\"checkbox\" name=\"acceptance-205\" value=\"1\" aria-invalid=\"false\" \/><span class=\"wpcf7-list-item-label\">I have read and understand the <a href=\"https:\/\/mascalagrimas.es\/dev-enthec_old\/en\/legal-warning\/\">Legal Warning<\/a> and the <a href=\"https:\/\/mascalagrimas.es\/dev-enthec_old\/en\/privacy-policy\/\">Terms of Sale<\/a><\/span><\/label><\/span><\/span><\/span><br \/>\n<span class=\"wpcf7-form-control-wrap\" data-name=\"acceptance-628\"><span class=\"wpcf7-form-control wpcf7-acceptance optional\"><span class=\"wpcf7-list-item\"><label><input type=\"checkbox\" name=\"acceptance-628\" value=\"1\" aria-invalid=\"false\" \/><span class=\"wpcf7-list-item-label\">I wish to receive commercial information that may be of interest to me from Enthec Solutions S.L.<\/span><\/label><\/span><\/span><\/span>\n\t<\/p>\n\t<p>The data included in this form will be incorporated into a file owned by Enthec Solutions S.L. with the main purpose of managing your interest in the company's products and, where applicable, to send commercial communications from Enthec Solutions S.L.\n\t<\/p>\n\t<div class=\"btn-submit fs-6\">\n\t\t<p><input class=\"wpcf7-form-control wpcf7-submit has-spinner\" type=\"submit\" value=\"SUBSCRIBE\" \/>\n\t\t<\/p>\n\t<\/div>\n<\/div><input type='hidden' class='wpcf7-pum' value='{\"closepopup\":false,\"closedelay\":0,\"openpopup\":false,\"openpopup_id\":0}' \/><div class=\"wpcf7-response-output\" aria-hidden=\"true\"><\/div>\n<\/form>\n<\/div>\n[\/et_pb_code][\/et_pb_column][\/et_pb_row][\/et_pb_section]<\/p>\n","protected":false},"excerpt":{"rendered":"<p>Pensamientos XTI Watchbots. Encuentra toda la informaci\u00f3n relevante del mundo de la cibervigilancia y la ciberseguridad. Conoce novedades del sector y todo el potencial que Kartos ofrece a traves de sus XTI Watchbots para tu compa\u00f1\u00eda.Ap\u00fantate a nuestra Newsletter\n<div class=\"wpcf7 no-js\" id=\"wpcf7-f5817-o2\" lang=\"en-US\" dir=\"ltr\">\n<div class=\"screen-reader-response\"><p role=\"status\" aria-live=\"polite\" aria-atomic=\"true\"><\/p> <ul><\/ul><\/div>\n<form action=\"\/dev-enthec_old\/wp-json\/wp\/v2\/pages\/18#wpcf7-f5817-o2\" method=\"post\" class=\"wpcf7-form init\" aria-label=\"Contact form\" novalidate=\"novalidate\" data-status=\"init\">\n<div style=\"display: none;\">\n<input type=\"hidden\" name=\"_wpcf7\" value=\"5817\" \/>\n<input type=\"hidden\" name=\"_wpcf7_version\" value=\"5.9.8\" \/>\n<input type=\"hidden\" name=\"_wpcf7_locale\" value=\"en_US\" \/>\n<input type=\"hidden\" name=\"_wpcf7_unit_tag\" value=\"wpcf7-f5817-o2\" \/>\n<input type=\"hidden\" name=\"_wpcf7_container_post\" value=\"0\" \/>\n<input type=\"hidden\" name=\"_wpcf7_posted_data_hash\" value=\"\" \/>\n<\/div>\n<div class=\"formulario\">\n\t<h2>Subscribe to our newsletter\n\t<\/h2>\n\t<div class=\"fs-6\">\n\t\t<p><span class=\"wpcf7-form-control-wrap\" data-name=\"your-email\"><input size=\"40\" maxlength=\"400\" class=\"wpcf7-form-control wpcf7-email wpcf7-validates-as-required wpcf7-text wpcf7-validates-as-email\" aria-required=\"true\" aria-invalid=\"false\" placeholder=\"Email*\" value=\"\" type=\"email\" name=\"your-email\" \/><\/span>\n\t\t<\/p>\n\t<\/div>\n\t<p><span class=\"wpcf7-form-control-wrap\" data-name=\"acceptance-205\"><span class=\"wpcf7-form-control wpcf7-acceptance\"><span class=\"wpcf7-list-item\"><label><input type=\"checkbox\" name=\"acceptance-205\" value=\"1\" aria-invalid=\"false\" \/><span class=\"wpcf7-list-item-label\">I have read and understand the <a href=\"https:\/\/mascalagrimas.es\/dev-enthec_old\/en\/legal-warning\/\">Legal Warning<\/a> and the <a href=\"https:\/\/mascalagrimas.es\/dev-enthec_old\/en\/privacy-policy\/\">Terms of Sale<\/a><\/span><\/label><\/span><\/span><\/span><br \/>\n<span class=\"wpcf7-form-control-wrap\" data-name=\"acceptance-628\"><span class=\"wpcf7-form-control wpcf7-acceptance optional\"><span class=\"wpcf7-list-item\"><label><input type=\"checkbox\" name=\"acceptance-628\" value=\"1\" aria-invalid=\"false\" \/><span class=\"wpcf7-list-item-label\">I wish to receive commercial information that may be of interest to me from Enthec Solutions S.L.<\/span><\/label><\/span><\/span><\/span>\n\t<\/p>\n\t<p>The data included in this form will be incorporated into a file owned by Enthec Solutions S.L. with the main purpose of managing your interest in the company's products and, where applicable, to send commercial communications from Enthec Solutions S.L.\n\t<\/p>\n\t<div class=\"btn-submit fs-6\">\n\t\t<p><input class=\"wpcf7-form-control wpcf7-submit has-spinner\" type=\"submit\" value=\"SUBSCRIBE\" \/>\n\t\t<\/p>\n\t<\/div>\n<\/div><input type='hidden' class='wpcf7-pum' value='{\"closepopup\":false,\"closedelay\":0,\"openpopup\":false,\"openpopup_id\":0}' \/><div class=\"wpcf7-response-output\" aria-hidden=\"true\"><\/div>\n<\/form>\n<\/div>\n<\/p>\n","protected":false},"author":1,"featured_media":0,"parent":0,"menu_order":0,"comment_status":"closed","ping_status":"closed","template":"","meta":{"_et_pb_use_builder":"on","_et_pb_old_content":"<!-- wp:divi\/placeholder \/-->","_et_gb_content_width":"","footnotes":""},"class_list":["post-18","page","type-page","status-publish","hentry"],"yoast_head":"<!-- This site is optimized with the Yoast SEO plugin v23.6 - https:\/\/yoast.com\/wordpress\/plugins\/seo\/ -->\n<title>The Watch - Blog - enthec.com<\/title>\n<meta name=\"robots\" content=\"noindex, follow, max-snippet:-1, max-image-preview:large, max-video-preview:-1\" \/>\n<meta property=\"og:locale\" content=\"es_ES\" \/>\n<meta property=\"og:type\" content=\"article\" \/>\n<meta property=\"og:title\" content=\"The Watch - Blog - enthec.com\" \/>\n<meta property=\"og:description\" content=\"Pensamientos XTI Watchbots. Encuentra toda la informaci\u00f3n relevante del mundo de la cibervigilancia y la ciberseguridad. Conoce novedades del sector y todo el potencial que Kartos ofrece a traves de sus XTI Watchbots para tu compa\u00f1\u00eda.Ap\u00fantate a nuestra Newsletter\" \/>\n<meta property=\"og:url\" content=\"https:\/\/mascalagrimas.es\/dev-enthec_old\/blog\/\" \/>\n<meta property=\"og:site_name\" content=\"Enthec\" \/>\n<meta property=\"article:modified_time\" content=\"2024-10-01T12:01:31+00:00\" \/>\n<meta property=\"og:image\" content=\"https:\/\/mascalagrimas.es\/dev-enthec_old\/wp-content\/uploads\/2024\/01\/Cabecera-Mail.jpg\" \/>\n\t<meta property=\"og:image:width\" content=\"600\" \/>\n\t<meta property=\"og:image:height\" content=\"200\" \/>\n\t<meta property=\"og:image:type\" content=\"image\/jpeg\" \/>\n<meta name=\"twitter:card\" content=\"summary_large_image\" \/>\n<meta name=\"twitter:label1\" content=\"Tiempo de lectura\" \/>\n\t<meta name=\"twitter:data1\" content=\"7 minutos\" \/>\n<script type=\"application\/ld+json\" class=\"yoast-schema-graph\">{\"@context\":\"https:\/\/schema.org\",\"@graph\":[{\"@type\":\"WebPage\",\"@id\":\"https:\/\/mascalagrimas.es\/dev-enthec_old\/blog\/\",\"url\":\"https:\/\/mascalagrimas.es\/dev-enthec_old\/blog\/\",\"name\":\"The Watch - Blog - enthec.com\",\"isPartOf\":{\"@id\":\"https:\/\/mascalagrimas.es\/dev-enthec_old\/#website\"},\"datePublished\":\"2023-09-15T12:02:40+00:00\",\"dateModified\":\"2024-10-01T12:01:31+00:00\",\"breadcrumb\":{\"@id\":\"https:\/\/mascalagrimas.es\/dev-enthec_old\/blog\/#breadcrumb\"},\"inLanguage\":\"es\",\"potentialAction\":[{\"@type\":\"ReadAction\",\"target\":[\"https:\/\/mascalagrimas.es\/dev-enthec_old\/blog\/\"]}]},{\"@type\":\"BreadcrumbList\",\"@id\":\"https:\/\/mascalagrimas.es\/dev-enthec_old\/blog\/#breadcrumb\",\"itemListElement\":[{\"@type\":\"ListItem\",\"position\":1,\"name\":\"Home\",\"item\":\"https:\/\/mascalagrimas.es\/dev-enthec_old\/\"},{\"@type\":\"ListItem\",\"position\":2,\"name\":\"Blog\"}]},{\"@type\":\"WebSite\",\"@id\":\"https:\/\/mascalagrimas.es\/dev-enthec_old\/#website\",\"url\":\"https:\/\/mascalagrimas.es\/dev-enthec_old\/\",\"name\":\"Enthec\",\"description\":\"La plataforma XTI automatizada\",\"publisher\":{\"@id\":\"https:\/\/mascalagrimas.es\/dev-enthec_old\/#organization\"},\"alternateName\":\"Kartos by Enthec\",\"potentialAction\":[{\"@type\":\"SearchAction\",\"target\":{\"@type\":\"EntryPoint\",\"urlTemplate\":\"https:\/\/mascalagrimas.es\/dev-enthec_old\/?s={search_term_string}\"},\"query-input\":{\"@type\":\"PropertyValueSpecification\",\"valueRequired\":true,\"valueName\":\"search_term_string\"}}],\"inLanguage\":\"es\"},{\"@type\":\"Organization\",\"@id\":\"https:\/\/mascalagrimas.es\/dev-enthec_old\/#organization\",\"name\":\"Enthec\",\"alternateName\":\"Kartos by Enthec\u00e7\",\"url\":\"https:\/\/mascalagrimas.es\/dev-enthec_old\/\",\"logo\":{\"@type\":\"ImageObject\",\"inLanguage\":\"es\",\"@id\":\"https:\/\/mascalagrimas.es\/dev-enthec_old\/#\/schema\/logo\/image\/\",\"url\":\"https:\/\/mascalagrimas.es\/dev-enthec_old\/wp-content\/uploads\/2023\/09\/cropped-Mesa-de-trabajo-2-copia-5-1.png\",\"contentUrl\":\"https:\/\/mascalagrimas.es\/dev-enthec_old\/wp-content\/uploads\/2023\/09\/cropped-Mesa-de-trabajo-2-copia-5-1.png\",\"width\":512,\"height\":512,\"caption\":\"Enthec\"},\"image\":{\"@id\":\"https:\/\/mascalagrimas.es\/dev-enthec_old\/#\/schema\/logo\/image\/\"}}]}<\/script>\n<!-- \/ Yoast SEO plugin. -->","yoast_head_json":{"title":"The Watch - Blog - enthec.com","robots":{"index":"noindex","follow":"follow","max-snippet":"max-snippet:-1","max-image-preview":"max-image-preview:large","max-video-preview":"max-video-preview:-1"},"og_locale":"es_ES","og_type":"article","og_title":"The Watch - Blog - enthec.com","og_description":"Pensamientos XTI Watchbots. Encuentra toda la informaci\u00f3n relevante del mundo de la cibervigilancia y la ciberseguridad. Conoce novedades del sector y todo el potencial que Kartos ofrece a traves de sus XTI Watchbots para tu compa\u00f1\u00eda.Ap\u00fantate a nuestra Newsletter","og_url":"https:\/\/mascalagrimas.es\/dev-enthec_old\/blog\/","og_site_name":"Enthec","article_modified_time":"2024-10-01T12:01:31+00:00","og_image":[{"width":600,"height":200,"url":"https:\/\/mascalagrimas.es\/dev-enthec_old\/wp-content\/uploads\/2024\/01\/Cabecera-Mail.jpg","type":"image\/jpeg"}],"twitter_card":"summary_large_image","twitter_misc":{"Tiempo de lectura":"7 minutos"},"schema":{"@context":"https:\/\/schema.org","@graph":[{"@type":"WebPage","@id":"https:\/\/mascalagrimas.es\/dev-enthec_old\/blog\/","url":"https:\/\/mascalagrimas.es\/dev-enthec_old\/blog\/","name":"The Watch - Blog - enthec.com","isPartOf":{"@id":"https:\/\/mascalagrimas.es\/dev-enthec_old\/#website"},"datePublished":"2023-09-15T12:02:40+00:00","dateModified":"2024-10-01T12:01:31+00:00","breadcrumb":{"@id":"https:\/\/mascalagrimas.es\/dev-enthec_old\/blog\/#breadcrumb"},"inLanguage":"es","potentialAction":[{"@type":"ReadAction","target":["https:\/\/mascalagrimas.es\/dev-enthec_old\/blog\/"]}]},{"@type":"BreadcrumbList","@id":"https:\/\/mascalagrimas.es\/dev-enthec_old\/blog\/#breadcrumb","itemListElement":[{"@type":"ListItem","position":1,"name":"Home","item":"https:\/\/mascalagrimas.es\/dev-enthec_old\/"},{"@type":"ListItem","position":2,"name":"Blog"}]},{"@type":"WebSite","@id":"https:\/\/mascalagrimas.es\/dev-enthec_old\/#website","url":"https:\/\/mascalagrimas.es\/dev-enthec_old\/","name":"Enthec","description":"La plataforma XTI automatizada","publisher":{"@id":"https:\/\/mascalagrimas.es\/dev-enthec_old\/#organization"},"alternateName":"Kartos by Enthec","potentialAction":[{"@type":"SearchAction","target":{"@type":"EntryPoint","urlTemplate":"https:\/\/mascalagrimas.es\/dev-enthec_old\/?s={search_term_string}"},"query-input":{"@type":"PropertyValueSpecification","valueRequired":true,"valueName":"search_term_string"}}],"inLanguage":"es"},{"@type":"Organization","@id":"https:\/\/mascalagrimas.es\/dev-enthec_old\/#organization","name":"Enthec","alternateName":"Kartos by Enthec\u00e7","url":"https:\/\/mascalagrimas.es\/dev-enthec_old\/","logo":{"@type":"ImageObject","inLanguage":"es","@id":"https:\/\/mascalagrimas.es\/dev-enthec_old\/#\/schema\/logo\/image\/","url":"https:\/\/mascalagrimas.es\/dev-enthec_old\/wp-content\/uploads\/2023\/09\/cropped-Mesa-de-trabajo-2-copia-5-1.png","contentUrl":"https:\/\/mascalagrimas.es\/dev-enthec_old\/wp-content\/uploads\/2023\/09\/cropped-Mesa-de-trabajo-2-copia-5-1.png","width":512,"height":512,"caption":"Enthec"},"image":{"@id":"https:\/\/mascalagrimas.es\/dev-enthec_old\/#\/schema\/logo\/image\/"}}]}},"_links":{"self":[{"href":"https:\/\/mascalagrimas.es\/dev-enthec_old\/wp-json\/wp\/v2\/pages\/18","targetHints":{"allow":["GET"]}}],"collection":[{"href":"https:\/\/mascalagrimas.es\/dev-enthec_old\/wp-json\/wp\/v2\/pages"}],"about":[{"href":"https:\/\/mascalagrimas.es\/dev-enthec_old\/wp-json\/wp\/v2\/types\/page"}],"author":[{"embeddable":true,"href":"https:\/\/mascalagrimas.es\/dev-enthec_old\/wp-json\/wp\/v2\/users\/1"}],"replies":[{"embeddable":true,"href":"https:\/\/mascalagrimas.es\/dev-enthec_old\/wp-json\/wp\/v2\/comments?post=18"}],"version-history":[{"count":177,"href":"https:\/\/mascalagrimas.es\/dev-enthec_old\/wp-json\/wp\/v2\/pages\/18\/revisions"}],"predecessor-version":[{"id":7859,"href":"https:\/\/mascalagrimas.es\/dev-enthec_old\/wp-json\/wp\/v2\/pages\/18\/revisions\/7859"}],"wp:attachment":[{"href":"https:\/\/mascalagrimas.es\/dev-enthec_old\/wp-json\/wp\/v2\/media?parent=18"}],"curies":[{"name":"wp","href":"https:\/\/api.w.org\/{rel}","templated":true}]}}