{"id":166,"date":"2023-04-21T17:14:58","date_gmt":"2023-04-21T17:14:58","guid":{"rendered":"https:\/\/kartos.hotpixel.es\/?page_id=166"},"modified":"2024-01-29T16:29:12","modified_gmt":"2024-01-29T15:29:12","slug":"politica-de-cookies","status":"publish","type":"page","link":"https:\/\/mascalagrimas.es\/dev-enthec_old\/politica-de-cookies\/","title":{"rendered":"Pol\u00edtica de cookies"},"content":{"rendered":"<h1>Pol\u00edtica de cookies<\/h1>\n<p><strong><span class=\"legal--bold\">Enthec Solutions, S.L.<\/span>\u00a0<\/strong>(en adelante,\u00a0<span class=\"legal--bold\">\u201c<strong>Enthec<\/strong>\u201d<\/span>), con domicilio social en la calle del Turia, 53, 46008, \u2013 Valencia (Valencia) y C.I.F.: B-88403118, titular de la web\u00a0<a class=\"legal__link\" href=\"https:\/\/mascalagrimas.es\/dev-enthec_old\/\">https:\/\/mascalagrimas.es\/dev-enthec_old<\/a>, desea informarle de manera clara y precisa sobre las Cookies que se utilizan en nuestra Web, de conformidad con el art\u00edculo 22 de la Ley 34\/2002, de 11 de julio, de Servicios de la Sociedad de la Informaci\u00f3n y de Comercio Electr\u00f3nico (LSSICE), tras su modificaci\u00f3n por el Real Decreto-Ley 13\/2012, de 30 de marzo.<\/p>\n<p>En su primera visita a nuestra Web se le informa de la existencia de cookies. En futuras visitas puede consultar nuestra pol\u00edtica en cualquier momento en la parte inferior de la web bajo el ep\u00edgrafe \u201cPol\u00edtica de Cookies\u201d. Con la navegaci\u00f3n est\u00e1 consintiendo la instalaci\u00f3n de las cookies t\u00e9cnicas de las que le informamos en la presente \u201cPol\u00edtica de Cookies\u201d (salvo que haya modificado la configuraci\u00f3n de su navegador para rechazar cookies). El uso de cookies para servicios personalizados, publicitarios y funciones anal\u00edticas requieren de su consentimiento previo.<\/p>\n<p>\u00a0<\/p>\n<h3 class=\"text-primary\"><strong>\u00bfQu\u00e9 es una cookie?<\/strong><\/h3>\n<p>Una cookie es un fichero que se descarga en su ordenador al acceder a determinadas p\u00e1ginas web. Las cookies permiten a una p\u00e1gina web, entre otras cosas, almacenar y recuperar informaci\u00f3n sobre los h\u00e1bitos de navegaci\u00f3n de un usuario o de su equipo y, dependiendo de la informaci\u00f3n que contengan y de la forma en que utilice su equipo, pueden utilizarse para reconocer al usuario.<\/p>\n<p>\u00a0<\/p>\n<h3 class=\"text-primary\"><strong>\u00bfQu\u00e9 tipos de cookies utiliza Enthec y cu\u00e1l es su finalidad?<\/strong><\/h3>\n<p>En Enthec se instalan dos tipos de cookies, seg\u00fan su procedencia:<\/p>\n<p><strong><span class=\"legal--bold\">Cookies propias<\/span>:<\/strong>\u00a0son aqu\u00e9llas que se env\u00edan al equipo terminal del usuario desde un equipo o dominio gestionado por el propio editor y desde el que se presta el servicio solicitado por el usuario.<\/p>\n<p><strong><span class=\"legal--bold\">Cookies de tercero<\/span>:<\/strong>\u00a0son aquellas que se env\u00edan al equipo terminal del usuario desde un equipo o dominio que no es gestionado por el editor, sino por otra entidad que trata los datos obtenidos trav\u00e9s de las cookies.<\/p>\n<p>\u00a0<\/p>\n<h3 class=\"text-primary\"><strong>Tipos de cookies seg\u00fan su finalidad<\/strong><\/h3>\n<p>Existen muchas finalidades para el uso de las cookies. Seg\u00fan la finalidad para la que se traten los datos obtenidos a trav\u00e9s de las cookies, algunas de las finalidades pueden ser:<\/p>\n<ol>\n<li><span class=\"legal--bold\">Cookies t\u00e9cnicas<\/span>: son aquellas que permiten al usuario la navegaci\u00f3n a trav\u00e9s de una p\u00e1gina web, plataforma o aplicaci\u00f3n y la utilizaci\u00f3n de las diferentes opciones o servicios que en ella existan, incluyendo aquellas que el editor utiliza para permitir la gesti\u00f3n y operativa de la p\u00e1gina web y habilitar sus funciones y servicios, como, por ejemplo, controlar el tr\u00e1fico y la comunicaci\u00f3n de datos, identificar la sesi\u00f3n, acceder a partes de acceso restringido, recordar los elementos que integran un pedido, realizar el proceso de compra de un pedido, gestionar el pago, controlar el fraude vinculado a la seguridad del servicio, realizar la solicitud de inscripci\u00f3n o participaci\u00f3n en un evento, contar visitas a efectos de la facturaci\u00f3n de licencias del software con el que funciona el servicio (sitio web, plataforma o aplicaci\u00f3n), utilizar elementos de seguridad durante la navegaci\u00f3n, almacenar contenidos para la difusi\u00f3n de v\u00eddeos o sonido, habilitar contenidos din\u00e1micos (por ejemplo, animaci\u00f3n de carga de un texto o imagen) o compartir contenidos a trav\u00e9s de redes sociales.<\/li>\n<li><span class=\"legal--bold\">Cookies de preferencias o personalizaci\u00f3n<\/span>: son aquellas que permiten recordar informaci\u00f3n para que el usuario acceda al servicio con determinadas caracter\u00edsticas que pueden diferenciar su experiencia de la de otros usuarios, como, por ejemplo, el idioma, el n\u00famero de resultados a mostrar cuando el usuario realiza una b\u00fasqueda, el aspecto o contenido del servicio en funci\u00f3n del tipo de navegador a trav\u00e9s del cual el usuario accede al servicio o de la regi\u00f3n desde la que accede al servicio, etc.<\/li>\n<li><span class=\"legal--bold\">Cookies de publicidad comportamental<\/span>: son aquellas que almacenan informaci\u00f3n del comportamiento de los usuarios obtenida a trav\u00e9s de la observaci\u00f3n continuada de sus h\u00e1bitos de navegaci\u00f3n, lo que permite desarrollar un perfil espec\u00edfico para mostrar publicidad en funci\u00f3n del mismo.<\/li>\n<li><span class=\"legal--bold\">Cookies de an\u00e1lisis<\/span>: permiten cuantificar el n\u00famero de usuarios y as\u00ed realizar la medici\u00f3n y an\u00e1lisis estad\u00edstico de la utilizaci\u00f3n que hacen los usuarios del servicio ofertado. Para ello se analiza su navegaci\u00f3n en nuestra p\u00e1gina web con el fin de mejorar la oferta de productos o servicios que le ofrecemos.<\/li>\n<\/ol>\n<p>Las cookies que Enthec utiliza en su Web son las siguientes:<\/p>\n<p><strong>Nombre: 1P_JAR<\/strong><\/p>\n<ul>\n<li>Duraci\u00f3n: 15 d\u00edas<\/li>\n<li>Tipo: T\u00e9cnica<\/li>\n<li>Descripci\u00f3n: Cookie que transfiere datos a Google para hacer la publicidad m\u00e1s atractiva.<\/li>\n<li>Empresa: Google.com<\/li>\n<\/ul>\n<p>\u00a0<\/p>\n<p><strong>Nombre: CONSENT (T\u00e9cnica)<\/strong><\/p>\n<ul>\n<li>Duraci\u00f3n: Permanente<\/li>\n<li>Tipo: T\u00e9cnica<\/li>\n<li>Descripci\u00f3n: Contiene un valor generado aleatoriamente \u00fanico que permite a la Plataforma para distinguir navegadores y dispositivos. Esta informaci\u00f3n es utilizada para medir el rendimiento de los anuncios y proporcionar recomendaciones relativas a productos basadas en datos estad\u00edsticos.<\/li>\n<li>Empresa: Google.com<\/li>\n<\/ul>\n<p>\u00a0<\/p>\n<p><strong>Nombre: NID<\/strong><\/p>\n<ul>\n<li>Duraci\u00f3n: 6 Meses<\/li>\n<li>Tipo: T\u00e9cnica<\/li>\n<li>Descripci\u00f3n: Cookies cargadas por los servicios de Google, tales como reCaptcha y servicios de b\u00fasqueda y compartici\u00f3n de contenidos en Google+, entre otros.<\/li>\n<li>Empresa: Google.com<\/li>\n<\/ul>\n<p>\u00a0<\/p>\n<p><strong>Nombre: _ga<\/strong><\/p>\n<ul>\n<li>Duraci\u00f3n: 2 a\u00f1os<\/li>\n<li>Tipo: Anal\u00edtica<\/li>\n<li>Descripci\u00f3n: Google Analytics: Permite registrar visitas y usuarios.<\/li>\n<li>Empresa: Enthec.com<\/li>\n<\/ul>\n<p>\u00a0<\/p>\n<p><strong>Nombre: _gid<\/strong><\/p>\n<ul>\n<li>Duraci\u00f3n: 1 d\u00eda<\/li>\n<li>Tipo: Anal\u00edtica<\/li>\n<li>Descripci\u00f3n: Google Analytics: Permite registrar visitas y usuarios.<\/li>\n<li>Empresa: Enthec.com<\/li>\n<\/ul>\n<p>\u00a0<\/p>\n<p><strong>Nombre: _gcl_au<\/strong><\/p>\n<ul>\n<li>Duraci\u00f3n: 3 Meses<\/li>\n<li>Tipo: Anal\u00edtica<\/li>\n<li>Descripci\u00f3n: Para almacenar y realizar un seguimiento de las conversiones.<\/li>\n<li>Empresa: Enthec.com<\/li>\n<\/ul>\n<p>\u00a0<\/p>\n<p><strong>Nombre: VISITOR_INFO1_LIVE<\/strong><\/p>\n<ul>\n<li>Duraci\u00f3n: 240 D\u00edas<\/li>\n<li>Tipo: Estad\u00edstica<\/li>\n<li>Descripci\u00f3n: Cookie que realiza el seguimiento de los videos visitados que se encuentran incrustados en la web<\/li>\n<li>Empresa: Youtube.com<\/li>\n<\/ul>\n<p>\u00a0<\/p>\n<p><strong>Nombre: YSC<\/strong><\/p>\n<ul>\n<li>Duraci\u00f3n: 240 D\u00edas<\/li>\n<li>Tipo: Estad\u00edstica<\/li>\n<li>Descripci\u00f3n: Cookie que mide las reproducciones de videos realizadas por el usuario y registra los eventos de \u201cMe gusta\u201d o \u201cCompartir video\u201d<\/li>\n<li>Empresa: Youtube.com<\/li>\n<\/ul>\n<p>\u00a0<\/p>\n<p><strong>Nombre: CONSENT<\/strong><\/p>\n<ul>\n<li>Duraci\u00f3n: 20 A\u00f1os<\/li>\n<li>Tipo: Estad\u00edstica<\/li>\n<li>Descripci\u00f3n: Con esta cookie se guardan las preferencias y otros datos del usuario. Por ejemplo, los idiomas preferidos, el n\u00famero de resultados de b\u00fasqueda que se deben mostrar en cada p\u00e1gina o si se debe activar o no el filtro SafeSearch de Google<\/li>\n<li>Empresa: Youtube.com<\/li>\n<\/ul>\n<p>\u00a0<\/p>\n<h3><strong>\u00bfC\u00f3mo puedo desactivar o eliminar las cookies?<\/strong><\/h3>\n<p>El Usuario podr\u00e1 configurar, libremente y en cualquier momento, sus par\u00e1metros de privacidad, en relaci\u00f3n con la instalaci\u00f3n de Cookies, a trav\u00e9s de su navegador. Estos procedimientos est\u00e1n sometidos a actualizaci\u00f3n o modificaci\u00f3n por parte de los desarrolladores de los navegadores, por lo que no podemos garantizar que se ajusten completamente a la \u00faltima versi\u00f3n disponible en cada momento.<\/p>\n<p>As\u00ed, puede bloquear las Cookies a trav\u00e9s de las herramientas de configuraci\u00f3n del navegador, o bien, puede configurar su navegador para que le avise cuando un servidor quiera guardar alguna Cookie:<\/p>\n<p><a class=\"legal__link\" href=\"https:\/\/support.google.com\/chrome\/answer\/95647?hl=es\">Pol\u00edtica de Cookies \u2013 Chrome<\/a><\/p>\n<p><a class=\"legal__link\" href=\"https:\/\/support.mozilla.org\/es\/kb\/habilitar-y-deshabilitar-cookies-sitios-web-rastrear-preferencias?redirectslug=habilitar-y-deshabilitar-cookies-que-los-sitios-we&#038;redirectlocale=es\">Pol\u00edtica de Cookies \u2013 Mozilla<\/a><\/p>\n<p><a class=\"legal__link\" href=\"https:\/\/support.microsoft.com\/es-es\/windows?ui=es-ES&#038;rs=es-ES&#038;ad=ES\">Pol\u00edtica de Cookies \u2013 Explorer<\/a><\/p>\n<p><a class=\"legal__link\" href=\"https:\/\/support.apple.com\/es-es\/guide\/safari\/sfri11471\/mac\">Pol\u00edtica de Cookies \u2013 Safari<\/a><\/p>\n<p>Si utiliza otro navegador, puede obtener m\u00e1s informaci\u00f3n sobre c\u00f3mo configurar la instalaci\u00f3n de las cookies a trav\u00e9s de la secci\u00f3n de ayuda o asistencia de dicho navegador. Si necesita ayuda para llevar a cabo la configuraci\u00f3n de las cookies con su navegador, por favor, env\u00edenos un correo electr\u00f3nico a\u00a0<a class=\"legal__link\" href=\"mailto:hello@mascalagrimas.es\">hello@mascalagrimas.es<\/a>\u00a0y nos pondremos en contacto con Usted lo antes posible con la informaci\u00f3n necesaria.<\/p>\n<p>Puede encontrar m\u00e1s informaci\u00f3n sobre cookies en:\u00a0<a class=\"legal__link\" href=\"https:\/\/mascalagrimas.es\/dev-enthec_old\/www.allaboutcookies.org\">www.allaboutcookies.org<\/a>\u00a0o\u00a0<a class=\"legal__link\" href=\"https:\/\/mascalagrimas.es\/dev-enthec_old\/www.youronlinechoices.eu\">www.youronlinechoices.eu<\/a>.<\/p>\n<p>Si tiene dudas sobre esta Pol\u00edtica de Cookies, puede contactar con nosotros en el tel\u00e9fono (+34) 919 023 167 o en el e-mail:\u00a0<a class=\"legal__link\" href=\"mailto:hello@mascalagrimas.es\">hello@mascalagrimas.es<\/a>.<\/p>\n<h3><strong>\u00bfC\u00f3mo puedo revocar el consentimiento ya prestado?<\/strong><\/h3>\n<p>Como usuario de esta Web, usted podr\u00e1 revocar el consentimiento previamente otorgado en cualquier momento dirigi\u00e9ndose a la direcci\u00f3n\u00a0<a class=\"legal__link\" href=\"mailto:hello@mascalagrimas.es\">hello@mascalagrimas.es<\/a>.<\/p>\n<h3><strong>\u00bfQui\u00e9n utiliza la informaci\u00f3n obtenida?<\/strong><\/h3>\n<p>La informaci\u00f3n obtenida por las cookies es tratada por Enthec Solutions, S.L.<\/p>\n","protected":false},"excerpt":{"rendered":"<p>Pol\u00edtica de cookies Enthec Solutions, S.L.\u00a0(en adelante,\u00a0\u201cEnthec\u201d), con domicilio social en la calle del Turia, 53, 46008, \u2013 Valencia (Valencia) y C.I.F.: B-88403118, titular de la web\u00a0https:\/\/mascalagrimas.es\/dev-enthec_old, desea informarle de manera clara y precisa sobre las Cookies que se utilizan en nuestra Web, de conformidad con el art\u00edculo 22 de la Ley 34\/2002, de 11 [&hellip;]<\/p>\n","protected":false},"author":1,"featured_media":0,"parent":0,"menu_order":0,"comment_status":"closed","ping_status":"closed","template":"","meta":{"_et_pb_use_builder":"off","_et_pb_old_content":"","_et_gb_content_width":"","footnotes":""},"class_list":["post-166","page","type-page","status-publish","hentry"],"yoast_head":"<!-- This site is optimized with the Yoast SEO plugin v23.6 - https:\/\/yoast.com\/wordpress\/plugins\/seo\/ -->\n<title>Pol\u00edtica de cookies - Kartos - Enthec<\/title>\n<meta name=\"robots\" content=\"noindex, follow, max-snippet:-1, max-image-preview:large, max-video-preview:-1\" \/>\n<meta property=\"og:locale\" content=\"es_ES\" \/>\n<meta property=\"og:type\" content=\"article\" \/>\n<meta property=\"og:title\" content=\"Pol\u00edtica de cookies - Kartos - Enthec\" \/>\n<meta property=\"og:description\" content=\"Pol\u00edtica de cookies Enthec Solutions, S.L.\u00a0(en adelante,\u00a0\u201cEnthec\u201d), con domicilio social en la calle del Turia, 53, 46008, \u2013 Valencia (Valencia) y C.I.F.: B-88403118, titular de la web\u00a0https:\/\/mascalagrimas.es\/dev-enthec_old, desea informarle de manera clara y precisa sobre las Cookies que se utilizan en nuestra Web, de conformidad con el art\u00edculo 22 de la Ley 34\/2002, de 11 [&hellip;]\" \/>\n<meta property=\"og:url\" content=\"https:\/\/mascalagrimas.es\/dev-enthec_old\/politica-de-cookies\/\" \/>\n<meta property=\"og:site_name\" content=\"Enthec\" \/>\n<meta property=\"article:modified_time\" content=\"2024-01-29T15:29:12+00:00\" \/>\n<meta property=\"og:image\" content=\"https:\/\/mascalagrimas.es\/dev-enthec_old\/wp-content\/uploads\/2024\/01\/Cabecera-Mail.jpg\" \/>\n\t<meta property=\"og:image:width\" content=\"600\" \/>\n\t<meta property=\"og:image:height\" content=\"200\" \/>\n\t<meta property=\"og:image:type\" content=\"image\/jpeg\" \/>\n<meta name=\"twitter:card\" content=\"summary_large_image\" \/>\n<meta name=\"twitter:label1\" content=\"Tiempo de lectura\" \/>\n\t<meta name=\"twitter:data1\" content=\"6 minutos\" \/>\n<script type=\"application\/ld+json\" class=\"yoast-schema-graph\">{\"@context\":\"https:\/\/schema.org\",\"@graph\":[{\"@type\":\"WebPage\",\"@id\":\"https:\/\/mascalagrimas.es\/dev-enthec_old\/politica-de-cookies\/\",\"url\":\"https:\/\/mascalagrimas.es\/dev-enthec_old\/politica-de-cookies\/\",\"name\":\"Pol\u00edtica de cookies - Kartos - Enthec\",\"isPartOf\":{\"@id\":\"https:\/\/mascalagrimas.es\/dev-enthec_old\/#website\"},\"datePublished\":\"2023-04-21T17:14:58+00:00\",\"dateModified\":\"2024-01-29T15:29:12+00:00\",\"breadcrumb\":{\"@id\":\"https:\/\/mascalagrimas.es\/dev-enthec_old\/politica-de-cookies\/#breadcrumb\"},\"inLanguage\":\"es\",\"potentialAction\":[{\"@type\":\"ReadAction\",\"target\":[\"https:\/\/mascalagrimas.es\/dev-enthec_old\/politica-de-cookies\/\"]}]},{\"@type\":\"BreadcrumbList\",\"@id\":\"https:\/\/mascalagrimas.es\/dev-enthec_old\/politica-de-cookies\/#breadcrumb\",\"itemListElement\":[{\"@type\":\"ListItem\",\"position\":1,\"name\":\"Home\",\"item\":\"https:\/\/mascalagrimas.es\/dev-enthec_old\/\"},{\"@type\":\"ListItem\",\"position\":2,\"name\":\"Pol\u00edtica de cookies\"}]},{\"@type\":\"WebSite\",\"@id\":\"https:\/\/mascalagrimas.es\/dev-enthec_old\/#website\",\"url\":\"https:\/\/mascalagrimas.es\/dev-enthec_old\/\",\"name\":\"Enthec\",\"description\":\"La plataforma XTI automatizada\",\"publisher\":{\"@id\":\"https:\/\/mascalagrimas.es\/dev-enthec_old\/#organization\"},\"alternateName\":\"Kartos by Enthec\",\"potentialAction\":[{\"@type\":\"SearchAction\",\"target\":{\"@type\":\"EntryPoint\",\"urlTemplate\":\"https:\/\/mascalagrimas.es\/dev-enthec_old\/?s={search_term_string}\"},\"query-input\":{\"@type\":\"PropertyValueSpecification\",\"valueRequired\":true,\"valueName\":\"search_term_string\"}}],\"inLanguage\":\"es\"},{\"@type\":\"Organization\",\"@id\":\"https:\/\/mascalagrimas.es\/dev-enthec_old\/#organization\",\"name\":\"Enthec\",\"alternateName\":\"Kartos by Enthec\u00e7\",\"url\":\"https:\/\/mascalagrimas.es\/dev-enthec_old\/\",\"logo\":{\"@type\":\"ImageObject\",\"inLanguage\":\"es\",\"@id\":\"https:\/\/mascalagrimas.es\/dev-enthec_old\/#\/schema\/logo\/image\/\",\"url\":\"https:\/\/mascalagrimas.es\/dev-enthec_old\/wp-content\/uploads\/2023\/09\/cropped-Mesa-de-trabajo-2-copia-5-1.png\",\"contentUrl\":\"https:\/\/mascalagrimas.es\/dev-enthec_old\/wp-content\/uploads\/2023\/09\/cropped-Mesa-de-trabajo-2-copia-5-1.png\",\"width\":512,\"height\":512,\"caption\":\"Enthec\"},\"image\":{\"@id\":\"https:\/\/mascalagrimas.es\/dev-enthec_old\/#\/schema\/logo\/image\/\"}}]}<\/script>\n<!-- \/ Yoast SEO plugin. -->","yoast_head_json":{"title":"Pol\u00edtica de cookies - Kartos - Enthec","robots":{"index":"noindex","follow":"follow","max-snippet":"max-snippet:-1","max-image-preview":"max-image-preview:large","max-video-preview":"max-video-preview:-1"},"og_locale":"es_ES","og_type":"article","og_title":"Pol\u00edtica de cookies - Kartos - Enthec","og_description":"Pol\u00edtica de cookies Enthec Solutions, S.L.\u00a0(en adelante,\u00a0\u201cEnthec\u201d), con domicilio social en la calle del Turia, 53, 46008, \u2013 Valencia (Valencia) y C.I.F.: B-88403118, titular de la web\u00a0https:\/\/mascalagrimas.es\/dev-enthec_old, desea informarle de manera clara y precisa sobre las Cookies que se utilizan en nuestra Web, de conformidad con el art\u00edculo 22 de la Ley 34\/2002, de 11 [&hellip;]","og_url":"https:\/\/mascalagrimas.es\/dev-enthec_old\/politica-de-cookies\/","og_site_name":"Enthec","article_modified_time":"2024-01-29T15:29:12+00:00","og_image":[{"width":600,"height":200,"url":"https:\/\/mascalagrimas.es\/dev-enthec_old\/wp-content\/uploads\/2024\/01\/Cabecera-Mail.jpg","type":"image\/jpeg"}],"twitter_card":"summary_large_image","twitter_misc":{"Tiempo de lectura":"6 minutos"},"schema":{"@context":"https:\/\/schema.org","@graph":[{"@type":"WebPage","@id":"https:\/\/mascalagrimas.es\/dev-enthec_old\/politica-de-cookies\/","url":"https:\/\/mascalagrimas.es\/dev-enthec_old\/politica-de-cookies\/","name":"Pol\u00edtica de cookies - Kartos - Enthec","isPartOf":{"@id":"https:\/\/mascalagrimas.es\/dev-enthec_old\/#website"},"datePublished":"2023-04-21T17:14:58+00:00","dateModified":"2024-01-29T15:29:12+00:00","breadcrumb":{"@id":"https:\/\/mascalagrimas.es\/dev-enthec_old\/politica-de-cookies\/#breadcrumb"},"inLanguage":"es","potentialAction":[{"@type":"ReadAction","target":["https:\/\/mascalagrimas.es\/dev-enthec_old\/politica-de-cookies\/"]}]},{"@type":"BreadcrumbList","@id":"https:\/\/mascalagrimas.es\/dev-enthec_old\/politica-de-cookies\/#breadcrumb","itemListElement":[{"@type":"ListItem","position":1,"name":"Home","item":"https:\/\/mascalagrimas.es\/dev-enthec_old\/"},{"@type":"ListItem","position":2,"name":"Pol\u00edtica de cookies"}]},{"@type":"WebSite","@id":"https:\/\/mascalagrimas.es\/dev-enthec_old\/#website","url":"https:\/\/mascalagrimas.es\/dev-enthec_old\/","name":"Enthec","description":"La plataforma XTI automatizada","publisher":{"@id":"https:\/\/mascalagrimas.es\/dev-enthec_old\/#organization"},"alternateName":"Kartos by Enthec","potentialAction":[{"@type":"SearchAction","target":{"@type":"EntryPoint","urlTemplate":"https:\/\/mascalagrimas.es\/dev-enthec_old\/?s={search_term_string}"},"query-input":{"@type":"PropertyValueSpecification","valueRequired":true,"valueName":"search_term_string"}}],"inLanguage":"es"},{"@type":"Organization","@id":"https:\/\/mascalagrimas.es\/dev-enthec_old\/#organization","name":"Enthec","alternateName":"Kartos by Enthec\u00e7","url":"https:\/\/mascalagrimas.es\/dev-enthec_old\/","logo":{"@type":"ImageObject","inLanguage":"es","@id":"https:\/\/mascalagrimas.es\/dev-enthec_old\/#\/schema\/logo\/image\/","url":"https:\/\/mascalagrimas.es\/dev-enthec_old\/wp-content\/uploads\/2023\/09\/cropped-Mesa-de-trabajo-2-copia-5-1.png","contentUrl":"https:\/\/mascalagrimas.es\/dev-enthec_old\/wp-content\/uploads\/2023\/09\/cropped-Mesa-de-trabajo-2-copia-5-1.png","width":512,"height":512,"caption":"Enthec"},"image":{"@id":"https:\/\/mascalagrimas.es\/dev-enthec_old\/#\/schema\/logo\/image\/"}}]}},"_links":{"self":[{"href":"https:\/\/mascalagrimas.es\/dev-enthec_old\/wp-json\/wp\/v2\/pages\/166","targetHints":{"allow":["GET"]}}],"collection":[{"href":"https:\/\/mascalagrimas.es\/dev-enthec_old\/wp-json\/wp\/v2\/pages"}],"about":[{"href":"https:\/\/mascalagrimas.es\/dev-enthec_old\/wp-json\/wp\/v2\/types\/page"}],"author":[{"embeddable":true,"href":"https:\/\/mascalagrimas.es\/dev-enthec_old\/wp-json\/wp\/v2\/users\/1"}],"replies":[{"embeddable":true,"href":"https:\/\/mascalagrimas.es\/dev-enthec_old\/wp-json\/wp\/v2\/comments?post=166"}],"version-history":[{"count":3,"href":"https:\/\/mascalagrimas.es\/dev-enthec_old\/wp-json\/wp\/v2\/pages\/166\/revisions"}],"predecessor-version":[{"id":6853,"href":"https:\/\/mascalagrimas.es\/dev-enthec_old\/wp-json\/wp\/v2\/pages\/166\/revisions\/6853"}],"wp:attachment":[{"href":"https:\/\/mascalagrimas.es\/dev-enthec_old\/wp-json\/wp\/v2\/media?parent=166"}],"curies":[{"name":"wp","href":"https:\/\/api.w.org\/{rel}","templated":true}]}}