{"id":3695,"date":"2018-11-21T12:16:59","date_gmt":"2018-11-21T11:16:59","guid":{"rendered":"https:\/\/mascalagrimas.es\/dev-clinicadentalacaciasnew\/?page_id=3695"},"modified":"2022-10-03T12:57:14","modified_gmt":"2022-10-03T11:57:14","slug":"politica-de-cookies","status":"publish","type":"page","link":"https:\/\/mascalagrimas.es\/dev-clinicadentalacaciasnew\/politica-de-cookies","title":{"rendered":"Pol\u00edtica de Cookies"},"content":{"rendered":"\n<h4 class=\"wp-block-heading\"><strong>\u00bfQu\u00e9 es una cookie?<\/strong><\/h4>\n\n\n\n<p>Las cookies son peque\u00f1os archivos de texto ubicados en el directorio de su navegador, que podr\u00edan ser colocadas en su dispositivo. Cuando se accede a un sitio web, la cookie que se coloca en un dispositivo enviar\u00e1 informaci\u00f3n a la parte que la hubiese colocado. Las cookies son extremadamente comunes y utilizadas en numerosos sitios web. Estas tecnolog\u00edas pueden servir para finalidades muy diversas, como, por ejemplo, reconocerte como usuario, obtener informaci\u00f3n sobre tus h\u00e1bitos de navegaci\u00f3n, o personalizar la forma en que se muestra el contenido.<\/p>\n\n\n\n<p><em>MANCAIDENTAL S.L <\/em>utiliza<em> los <\/em>siguientes tipos de cookies<em>:<\/em><\/p>\n\n\n\n<h4 class=\"wp-block-heading\"><strong><em>Clasificadas por su titularidad:<\/em><\/strong><\/h4>\n\n\n\n<p><em>\u00a0\u00a0 * \u00a0\u00a0<strong>Cookies propias<\/strong>: enviadas y gestionadas directamente por MANCAIDENTAL S.L.<\/em><\/p>\n\n\n\n<p><em>\u00a0\u00a0 * \u00a0<strong>Cookies de terceros<\/strong>: enviadas y gestionadas por un tercero ajeno a MANCAIDENTAL, S.L. de forma an\u00f3nima, con la finalidad de realizar estudios estad\u00edsticos de navegaci\u00f3n por las p\u00e1ginas web de MANCAIDENTAL S.L <\/em><\/p>\n\n\n\n<h4 class=\"wp-block-heading\"><em><strong>Clasificadas por su finalidad:<\/strong><\/em><\/h4>\n\n\n\n<p><em>&nbsp;&nbsp; *&nbsp;<strong>Cookies t\u00e9cnicas y\/o de personalizaci\u00f3n<\/strong>: facilitan la navegaci\u00f3n, al identificar la sesi\u00f3n, permitir el acceso a herramientas de acceso restringido, adem\u00e1s de configurar a medida las opciones disponibles. Posibilitan la prestaci\u00f3n del servicio solicitado previamente por el usuario.<\/em><\/p>\n\n\n\n<p><em>\u00a0\u00a0 * \u00a0<strong>Cookies de an\u00e1lisis y\/o publicidad:<\/strong>\u00a0permiten conocer el n\u00famero de visitas recibidas en las diferentes secciones de las p\u00e1ginas web, los h\u00e1bitos y tendencias de sus usuarios y en consecuencia, poder mejorar la navegaci\u00f3n y el servicio ofrecido por MANCAIDENTAL S.L (fundamentalmente, Google Analytics), as\u00ed como gestionar los espacios publicitarios incluidos en la p\u00e1gina web visitada por el usuario. Recopila datos de forma an\u00f3nima con la finalidad de obtener perfiles de navegaci\u00f3n de los usuarios.<\/em><\/p>\n\n\n\n<h4 class=\"wp-block-heading\"><em><strong>Clasificadas por su duraci\u00f3n:<\/strong><\/em><\/h4>\n\n\n\n<p><em>&nbsp;&nbsp;* &nbsp;&nbsp;<strong>Cookies de sesi\u00f3n<\/strong>: recaban y almacenan los datos mientras el usuario accede a la p\u00e1gina web.<\/em><\/p>\n\n\n\n<p><em>&nbsp;&nbsp;* &nbsp;<strong>Cookies persistentes<\/strong>: recaban y almacenan los datos en el terminal del usuario durante un periodo de tiempo variable en funci\u00f3n de cu\u00e1l sea la finalidad para la que han sido utilizadas.<\/em><\/p>\n\n\n\n<h4 class=\"wp-block-heading\"><strong>Identificaci\u00f3n de cookies utilizadas<\/strong><\/h4>\n\n\n\n<p>La siguiente tabla muestra las cookies propias y de terceros que utilizamos en la web y la finalidad para la que se utiliza cada una:<\/p>\n\n\n\n<figure class=\"wp-block-table\"><table><tbody><tr><td><strong>COOKIE<\/strong><\/td><td><strong>PROPIETARIO<\/strong><\/td><td><strong>CADUCIDAD<\/strong><\/td><td><strong>CATEGOR\u00cdA<\/strong><\/td><td><strong>FINALIDAD<\/strong><\/td><\/tr><tr><td>_gid<\/td><td>Google Analytics, Google LLC<\/td><td>24 horas<\/td><td>Anal\u00edtica<\/td><td>Se usa para distinguir a los usuarios.<\/td><\/tr><tr><td>_ga<\/td><td>Google Analytics, Google LLC<\/td><td>2 a\u00f1os<\/td><td>Anal\u00edtica<\/td><td>Se usa para distinguir a los usuarios.<\/td><\/tr><tr><td>_gat_*<\/td><td>Google Analytics, Google LLC<\/td><td>1 minuto<\/td><td>Anal\u00edtica<\/td><td>Se usa para limitar el porcentaje de solicitudes. Si se ha implementado Google Analytics mediante Google Tag Manager, esta cookie se llamar\u00e1 _dc_gtm_.<\/td><\/tr><tr><td>wordpress_gdpr_allowed_services<\/td><td>Acacias Cl\u00ednica Dental<\/td><td>180 d\u00edas<\/td><td>T\u00e9cnica<\/td><td>Guarda los servicios permitidos para guardar cookies.<\/td><\/tr><tr><td>wordpress_gdpr_cookies_allowed<\/td><td> Acacias Cl\u00ednica Dental <\/td><td>180 d\u00edas<\/td><td>T\u00e9cnica<\/td><td>Guarda una lista de cookies permitidas.<\/td><\/tr><tr><td>wordpress_gdpr_cookies_declined<\/td><td> Acacias Cl\u00ednica Dental <\/td><td>180 d\u00edas<\/td><td>T\u00e9cnica<\/td><td>Guarda una lista de cookies rechazadas.<\/td><\/tr><\/tbody><\/table><\/figure>\n\n\n\n<h4 class=\"wp-block-heading\"><strong>Desactivaci\u00f3n de cookies <\/strong><\/h4>\n\n\n\n<p>Puede usted permitir, bloquear o eliminar las cookies instaladas en su equipo mediante la configuraci\u00f3n de las opciones del navegador instalado en su ordenador. Por favor, lea atentamente la secci\u00f3n de ayuda de su navegador para conocer m\u00e1s acerca de c\u00f3mo activar el \u201cmodo privado\u201d o desbloquear determinadas cookies.<\/p>\n\n\n\n<ul class=\"wp-block-list\"><li><strong>Internet Explorer<\/strong>: Herramientas -&gt; Opciones de Internet -&gt; Privacidad -&gt; Configuraci\u00f3n.<\/li><\/ul>\n\n\n\n<p>Para m\u00e1s informaci\u00f3n, puedes consultar el <a href=\"https:\/\/support.microsoft.com\/es-es\/help\/17442\/windows-internet-explorer-delete-manage-cookies\" rel=\"nofollow noopener\" target=\"_blank\">soporte de Microsoft<\/a> o la Ayuda del navegador.<\/p>\n\n\n\n<ul class=\"wp-block-list\"><li><strong>Firefox<\/strong>: Herramientas -&gt; Opciones -&gt; Privacidad -&gt; Historial -&gt; Configuraci\u00f3n Personalizada.<\/li><\/ul>\n\n\n\n<p>Para m\u00e1s informaci\u00f3n, puedes consultar el <a href=\"https:\/\/support.mozilla.org\/es\/kb\/cookies-informacion-que-los-sitios-web-guardan-en-\" rel=\"nofollow noopener\" target=\"_blank\">soporte de Mozilla<\/a> o la Ayuda del navegador.<\/p>\n\n\n\n<ul class=\"wp-block-list\"><li><strong>Chrome<\/strong>: Configuraci\u00f3n -&gt; Mostrar opciones avanzadas -&gt; Privacidad -&gt; Configuraci\u00f3n de contenido.<\/li><\/ul>\n\n\n\n<p>Para m\u00e1s informaci\u00f3n, puedes consultar el <a href=\"https:\/\/support.google.com\/chrome\/answer\/95647?hl=es&amp;ref_topic=3434352\" rel=\"nofollow noopener\" target=\"_blank\">soporte de Google<\/a> o la Ayuda del navegador.<\/p>\n\n\n\n<ul class=\"wp-block-list\"><li><strong>Safari<\/strong>: Preferencias -&gt; Seguridad.<\/li><\/ul>\n\n\n\n<p>Para m\u00e1s informaci\u00f3n, puedes consultar el <a href=\"http:\/\/support.apple.com\/kb\/HT1677?viewlocale=es_ES&amp;locale=es_ES\" rel=\"nofollow noopener\" target=\"_blank\">soporte de Apple<\/a> o la Ayuda del navegador.<\/p>\n","protected":false},"excerpt":{"rendered":"<p>\u00bfQu\u00e9 es una cookie? Las cookies son peque\u00f1os archivos de texto ubicados en el directorio de su navegador, que podr\u00edan ser colocadas en su dispositivo. Cuando se accede a un sitio web, la cookie que se coloca en un dispositivo enviar\u00e1 informaci\u00f3n a la parte que la hubiese colocado. Las cookies son extremadamente comunes y [&hellip;]<\/p>\n","protected":false},"author":14,"featured_media":5583,"parent":0,"menu_order":100,"comment_status":"closed","ping_status":"closed","template":"","meta":{"footnotes":""},"class_list":["post-3695","page","type-page","status-publish","has-post-thumbnail","hentry"],"blocksy_meta":{"styles_descriptor":{"styles":{"desktop":"","tablet":"","mobile":""},"google_fonts":[],"version":6}},"_links":{"self":[{"href":"https:\/\/mascalagrimas.es\/dev-clinicadentalacaciasnew\/wp-json\/wp\/v2\/pages\/3695","targetHints":{"allow":["GET"]}}],"collection":[{"href":"https:\/\/mascalagrimas.es\/dev-clinicadentalacaciasnew\/wp-json\/wp\/v2\/pages"}],"about":[{"href":"https:\/\/mascalagrimas.es\/dev-clinicadentalacaciasnew\/wp-json\/wp\/v2\/types\/page"}],"author":[{"embeddable":true,"href":"https:\/\/mascalagrimas.es\/dev-clinicadentalacaciasnew\/wp-json\/wp\/v2\/users\/14"}],"replies":[{"embeddable":true,"href":"https:\/\/mascalagrimas.es\/dev-clinicadentalacaciasnew\/wp-json\/wp\/v2\/comments?post=3695"}],"version-history":[{"count":0,"href":"https:\/\/mascalagrimas.es\/dev-clinicadentalacaciasnew\/wp-json\/wp\/v2\/pages\/3695\/revisions"}],"wp:featuredmedia":[{"embeddable":true,"href":"https:\/\/mascalagrimas.es\/dev-clinicadentalacaciasnew\/wp-json\/wp\/v2\/media\/5583"}],"wp:attachment":[{"href":"https:\/\/mascalagrimas.es\/dev-clinicadentalacaciasnew\/wp-json\/wp\/v2\/media?parent=3695"}],"curies":[{"name":"wp","href":"https:\/\/api.w.org\/{rel}","templated":true}]}}