{"id":3653,"date":"2018-11-21T08:40:36","date_gmt":"2018-11-21T07:40:36","guid":{"rendered":"https:\/\/mascalagrimas.es\/dev-clinicadentalacaciasnew\/?page_id=3653"},"modified":"2022-10-03T11:54:28","modified_gmt":"2022-10-03T10:54:28","slug":"aviso-legal","status":"publish","type":"page","link":"https:\/\/mascalagrimas.es\/dev-clinicadentalacaciasnew\/aviso-legal","title":{"rendered":"Aviso legal"},"content":{"rendered":"\n<h4 class=\"wp-block-heading\">1.<strong>DATOS IDENTIFICATIVOS:<\/strong><\/h4>\n\n\n\n<p>En cumplimiento con el deber de informaci\u00f3n recogido en art\u00edculo 10 de la Ley 34\/2002, de 11 de julio, de Servicios de la Sociedad de la Informaci\u00f3n y del Comercio Electr\u00f3nico (LSSICE), MANCAI DENTAL S.L, le informa de lo siguiente:<\/p>\n\n\n\n<ul class=\"wp-block-list\"><li><strong>Denominaci\u00f3n social<\/strong>: MANCAIDENTAL S.L. <\/li><li><strong>CIF<\/strong>: B-88367842<\/li><li><strong>Domicilio social<\/strong>: PASO DE LAS ACACIAS,50, 28005, MADRID <\/li><li><strong>Inscrita en el Registro Mercantil de<\/strong>: MADRID <\/li><li><strong>Tel\u00e9fono<\/strong>: <a href=\"tel:+34913545048\">913 545 048<\/a><\/li><li><strong>Email<\/strong>: <a href=\"mailto:info@mascalagrimas.es\">info@mascalagrimas.es<\/a><\/li><li><strong>Autorizaci\u00f3n administrativa<\/strong>: AUTORIZACI\u00d3N SANITARIA<\/li><li><strong>Doctores colegiados<\/strong>: Dr. Pedro Ruiz S\u00e1nchez (Col.n\u00ba 28007564), Dra. Sara Gil C\u00e1ceres (Col.n\u00ba 28009092) , Dr. Guillermo Mart\u00ed Olalla (Col.n\u00ba 28007396), Dra. Mar\u00eda Giulia Pezzola (Col.n\u00ba 28012750), Dra. Am\u00e9rica Lara Sacido (Col.n\u00ba 28088634), Dra. Paula Pajares Soloz\u00e1bal (Col.n\u00ba 282877894)<\/li><\/ul>\n\n\n\n<p><strong>Delegado de Protecci\u00f3n de Datos:<\/strong> &nbsp;<a href=\"mailto:protecciondedatos.infocitec@stericycle.com\" target=\"_blank\" rel=\"noreferrer noopener\"><em>protecciondedatos.infocitec@stericycle.com<\/em><\/a> <\/p>\n\n\n\n<p><\/p>\n\n\n\n<h4 class=\"wp-block-heading\"><strong>2.USO DEL PORTAL:<\/strong><\/h4>\n\n\n\n<p>El sitio web y sus servicios son de acceso libre y gratuito, no obstante para poder cumplir con las finalidades de algunos de los servicios ofrecidos por MANCAI DENTAL S.L el usuario debe cumplimentar previamente el correspondiente formulario. Por tanto, si no se facilitan los datos necesarios o no lo hace correctamente no podr\u00e1n atenderse las solicitudes, sin perjuicio de que podr\u00e1 visualizar libremente el contenido de la web.<\/p>\n\n\n\n<h4 class=\"wp-block-heading\">3.<strong>USUARIOS:<\/strong><\/h4>\n\n\n\n<p>El acceso y\/o uso de este portal atribuye la condici\u00f3n de USUARIO, que acepta, desde dicho acceso y\/o uso, las Condiciones Generales de Uso aqu\u00ed reflejadas. Las citadas Condiciones ser\u00e1n de aplicaci\u00f3n independientemente de las Condiciones Generales de Contrataci\u00f3n que en su caso resulten de obligado cumplimiento. El Usuario:<\/p>\n\n\n\n<ul class=\"wp-block-list\"><li>Garantiza que ha informado a los terceros de los que facilite sus datos, en caso de hacerlo, de los aspectos contenidos en este documento. Asimismo, garantiza que ha obtenido su autorizaci\u00f3n para facilitar sus datos a MANCAI DENTAL S.L para los fines se\u00f1alados.<\/li><li>Ser\u00e1 responsable de las informaciones falsas o inexactas que proporcione a trav\u00e9s del Sitio Web y de los da\u00f1os y perjuicios, directos o indirectos, que ello cause a MANCAI DENTAL S.L o a terceros.<\/li><\/ul>\n\n\n\n<h4 class=\"wp-block-heading\">4<strong>.PROPIEDAD INTELECTUAL E INDUSTRIAL:<\/strong><\/h4>\n\n\n\n<p>MANCAI DENTAL S.L por s\u00ed o como cesionaria, es titular de todos los derechos de propiedad intelectual e industrial de su p\u00e1gina web, as\u00ed como de los elementos contenidos en la misma (a t\u00edtulo enunciativo, im\u00e1genes, sonido, audio, v\u00eddeo, software o textos; marcas o logotipos, combinaciones de colores, estructura y dise\u00f1o, selecci\u00f3n de materiales usados, programas de ordenador necesarios para su funcionamiento, acceso y uso, etc.), titularidad de MANCAI DENTAL S.L o bien de sus licenciantes. Todos los derechos reservados. En virtud de lo dispuesto en los art\u00edculos 8 y 32.1, p\u00e1rrafo segundo, de la Ley de Propiedad Intelectual, quedan expresamente prohibidas la reproducci\u00f3n, la distribuci\u00f3n y la comunicaci\u00f3n p\u00fablica, incluida su modalidad de puesta a disposici\u00f3n, de la totalidad o parte de los contenidos de esta p\u00e1gina web, con fines comerciales, en cualquier soporte y por cualquier medio t\u00e9cnico, sin la autorizaci\u00f3n de MANCAI DENTAL S.L. El USUARIO se compromete a respetar los derechos de Propiedad Intelectual e Industrial titularidad de MANCAI DENTAL S.L. Podr\u00e1 visualizar los elementos del portal e incluso imprimirlos, copiarlos y almacenarlos en el disco duro de su ordenador o en cualquier otro soporte f\u00edsico siempre y cuando sea, \u00fanica y exclusivamente, para su uso personal y privado. El USUARIO deber\u00e1 abstenerse de suprimir, alterar, eludir o manipular cualquier dispositivo de protecci\u00f3n o sistema de seguridad que estuviera instalado en el las p\u00e1ginas de MANCAI DENTAL S.L.<\/p>\n\n\n\n<h4 class=\"wp-block-heading\"><strong>5<\/strong>.<strong>EXCLUSI\u00d3N DE GARANT\u00cdAS Y RESPONSABILIDAD:<\/strong><\/h4>\n\n\n\n<p>MANCAI DENTAL S.L no se hace responsable, en ning\u00fan caso, de los da\u00f1os y perjuicios de cualquier naturaleza que pudieran ocasionar, a t\u00edtulo enunciativo: errores u omisiones en los contenidos, falta de disponibilidad del portal o la transmisi\u00f3n de virus o programas maliciosos o lesivos en los contenidos, a pesar de haber adoptado todas las medidas tecnol\u00f3gicas necesarias para evitarlo.<\/p>\n\n\n\n<h4 class=\"wp-block-heading\"><strong>6<\/strong>.<strong>MODIFICACIONES:<\/strong><\/h4>\n\n\n\n<p>MANCAI DENTAL S.L se reserva el derecho de efectuar sin previo aviso las modificaciones que considere oportunas en su portal, pudiendo cambiar, suprimir o a\u00f1adir tanto los contenidos y servicios que se presten a trav\u00e9s de la misma como la forma en la que \u00e9stos aparezcan presentados o localizados en su portal.<\/p>\n\n\n\n<h4 class=\"wp-block-heading\"><strong>7.ENLACES:<\/strong><\/h4>\n\n\n\n<p>En el caso de que en el portal se dispusiesen enlaces o hiperv\u00ednculos hac\u00eda otros sitios de Internet, MANCAI DENTAL S.L no ejercer\u00e1 ning\u00fan tipo de control sobre dichos sitios y contenidos. En ning\u00fan caso  MANCAI DENTAL S.L  asumir\u00e1 responsabilidad alguna por los contenidos de alg\u00fan enlace perteneciente a un sitio web ajeno, ni garantizar\u00e1 la disponibilidad t\u00e9cnica, calidad, fiabilidad, exactitud, amplitud, veracidad, validez y constitucionalidad de cualquier material o informaci\u00f3n contenida en ninguno de dichos hiperv\u00ednculos u otros sitios de Internet. Igualmente la inclusi\u00f3n de estas conexiones externas no implicar\u00e1 ning\u00fan tipo de asociaci\u00f3n, fusi\u00f3n o participaci\u00f3n con las entidades conectadas.<\/p>\n\n\n\n<h4 class=\"wp-block-heading\">8.<strong>DERECHO DE EXCLUSI\u00d3N:<\/strong><\/h4>\n\n\n\n<p> MANCAI DENTAL S.L  se reserva el derecho a denegar o retirar el acceso a portal y\/o los servicios ofrecidos sin necesidad de preaviso, a instancia propia o de un tercero, a aquellos usuarios que incumplan las presentes Condiciones Generales de Uso.<\/p>\n\n\n\n<h4 class=\"wp-block-heading\"><strong>9<\/strong>.<strong>GENERALIDADES:<\/strong><\/h4>\n\n\n\n<p>MANCAI DENTAL S.L  perseguir\u00e1 el incumplimiento de las presentes condiciones as\u00ed como cualquier utilizaci\u00f3n indebida de su portal ejerciendo todas las acciones civiles y penales que le puedan corresponder en derecho.<\/p>\n\n\n\n<h4 class=\"wp-block-heading\">1<strong>0<\/strong>.<strong>MODIFICACI\u00d3N DE LAS PRESENTES CONDICIONES Y DURACI\u00d3N:<\/strong><\/h4>\n\n\n\n<p>MANCAI DENTAL S.L  podr\u00e1 modificar en cualquier momento las condiciones aqu\u00ed determinadas, siendo debidamente publicadas como aqu\u00ed aparecen. La vigencia de las citadas condiciones ir\u00e1 en funci\u00f3n de su exposici\u00f3n y estar\u00e1n vigentes hasta que sean modificadas por otras debidamente publicadas.<\/p>\n","protected":false},"excerpt":{"rendered":"<p>1.DATOS IDENTIFICATIVOS: En cumplimiento con el deber de informaci\u00f3n recogido en art\u00edculo 10 de la Ley 34\/2002, de 11 de julio, de Servicios de la Sociedad de la Informaci\u00f3n y del Comercio Electr\u00f3nico (LSSICE), MANCAI DENTAL S.L, le informa de lo siguiente: Denominaci\u00f3n social: MANCAIDENTAL S.L. CIF: B-88367842 Domicilio social: PASO DE LAS ACACIAS,50, 28005, [&hellip;]<\/p>\n","protected":false},"author":14,"featured_media":5583,"parent":0,"menu_order":100,"comment_status":"closed","ping_status":"closed","template":"","meta":{"footnotes":""},"class_list":["post-3653","page","type-page","status-publish","has-post-thumbnail","hentry"],"blocksy_meta":{"styles_descriptor":{"styles":{"desktop":"","tablet":"","mobile":""},"google_fonts":[],"version":6}},"_links":{"self":[{"href":"https:\/\/mascalagrimas.es\/dev-clinicadentalacaciasnew\/wp-json\/wp\/v2\/pages\/3653","targetHints":{"allow":["GET"]}}],"collection":[{"href":"https:\/\/mascalagrimas.es\/dev-clinicadentalacaciasnew\/wp-json\/wp\/v2\/pages"}],"about":[{"href":"https:\/\/mascalagrimas.es\/dev-clinicadentalacaciasnew\/wp-json\/wp\/v2\/types\/page"}],"author":[{"embeddable":true,"href":"https:\/\/mascalagrimas.es\/dev-clinicadentalacaciasnew\/wp-json\/wp\/v2\/users\/14"}],"replies":[{"embeddable":true,"href":"https:\/\/mascalagrimas.es\/dev-clinicadentalacaciasnew\/wp-json\/wp\/v2\/comments?post=3653"}],"version-history":[{"count":0,"href":"https:\/\/mascalagrimas.es\/dev-clinicadentalacaciasnew\/wp-json\/wp\/v2\/pages\/3653\/revisions"}],"wp:featuredmedia":[{"embeddable":true,"href":"https:\/\/mascalagrimas.es\/dev-clinicadentalacaciasnew\/wp-json\/wp\/v2\/media\/5583"}],"wp:attachment":[{"href":"https:\/\/mascalagrimas.es\/dev-clinicadentalacaciasnew\/wp-json\/wp\/v2\/media?parent=3653"}],"curies":[{"name":"wp","href":"https:\/\/api.w.org\/{rel}","templated":true}]}}