{"id":12538,"date":"2022-02-01T14:47:43","date_gmt":"2022-02-01T13:47:43","guid":{"rendered":"https:\/\/mascalagrimas.es\/dev-clinicadentalacaciasnew\/?page_id=12538"},"modified":"2022-02-01T15:07:33","modified_gmt":"2022-02-01T14:07:33","slug":"clinica-blanqueamiento-dental-madrid","status":"publish","type":"page","link":"https:\/\/mascalagrimas.es\/dev-clinicadentalacaciasnew\/clinica-blanqueamiento-dental-madrid","title":{"rendered":"Clinica Blanqueamiento Dental Madrid"},"content":{"rendered":"\t\t<div data-elementor-type=\"wp-page\" data-elementor-id=\"12538\" class=\"elementor elementor-12538\" data-elementor-post-type=\"page\">\n\t\t\t\t\t\t<section class=\"elementor-section elementor-top-section elementor-element elementor-element-d5d8d30 elementor-section-height-min-height elementor-section-boxed elementor-section-height-default elementor-section-items-middle\" data-id=\"d5d8d30\" data-element_type=\"section\" data-e-type=\"section\" data-settings=\"{&quot;background_background&quot;:&quot;classic&quot;}\">\n\t\t\t\t\t\t\t<div class=\"elementor-background-overlay\"><\/div>\n\t\t\t\t\t\t\t<div class=\"elementor-container elementor-column-gap-default\">\n\t\t\t\t\t<div class=\"elementor-column elementor-col-50 elementor-top-column elementor-element elementor-element-af09437\" data-id=\"af09437\" data-element_type=\"column\" data-e-type=\"column\">\n\t\t\t<div class=\"elementor-widget-wrap elementor-element-populated\">\n\t\t\t\t\t\t<div class=\"elementor-element elementor-element-f49fd51 elementor-widget elementor-widget-heading\" data-id=\"f49fd51\" data-element_type=\"widget\" data-e-type=\"widget\" data-widget_type=\"heading.default\">\n\t\t\t\t<div class=\"elementor-widget-container\">\n\t\t\t\t\t<h2 class=\"elementor-heading-title elementor-size-default\">Clinica blanqueamiento dental en Madrid<\/h2>\t\t\t\t<\/div>\n\t\t\t\t<\/div>\n\t\t\t\t<div class=\"elementor-element elementor-element-ec9b8f6 elementor-align-center elementor-widget elementor-widget-button\" data-id=\"ec9b8f6\" data-element_type=\"widget\" data-e-type=\"widget\" data-widget_type=\"button.default\">\n\t\t\t\t<div class=\"elementor-widget-container\">\n\t\t\t\t\t\t\t\t\t<div class=\"elementor-button-wrapper\">\n\t\t\t\t\t<a class=\"elementor-button elementor-button-link elementor-size-sm\" href=\"https:\/\/mascalagrimas.es\/dev-clinicadentalacaciasnew\/contacto\">\n\t\t\t\t\t\t<span class=\"elementor-button-content-wrapper\">\n\t\t\t\t\t\t<span class=\"elementor-button-icon\">\n\t\t\t\t<svg aria-hidden=\"true\" class=\"e-font-icon-svg e-fas-arrow-right\" viewBox=\"0 0 448 512\" xmlns=\"http:\/\/www.w3.org\/2000\/svg\"><path d=\"M190.5 66.9l22.2-22.2c9.4-9.4 24.6-9.4 33.9 0L441 239c9.4 9.4 9.4 24.6 0 33.9L246.6 467.3c-9.4 9.4-24.6 9.4-33.9 0l-22.2-22.2c-9.5-9.5-9.3-25 .4-34.3L311.4 296H24c-13.3 0-24-10.7-24-24v-32c0-13.3 10.7-24 24-24h287.4L190.9 101.2c-9.8-9.3-10-24.8-.4-34.3z\"><\/path><\/svg>\t\t\t<\/span>\n\t\t\t\t\t\t\t\t\t<span class=\"elementor-button-text\">Reserva tu cita ahora<\/span>\n\t\t\t\t\t<\/span>\n\t\t\t\t\t<\/a>\n\t\t\t\t<\/div>\n\t\t\t\t\t\t\t\t<\/div>\n\t\t\t\t<\/div>\n\t\t\t\t<div class=\"elementor-element elementor-element-d78d399 elementor-widget elementor-widget-text-editor\" data-id=\"d78d399\" data-element_type=\"widget\" data-e-type=\"widget\" data-widget_type=\"text-editor.default\">\n\t\t\t\t<div class=\"elementor-widget-container\">\n\t\t\t\t\t\t\t\t\tO llama al:\n\t\t\t\t\t\t\t\t<\/div>\n\t\t\t\t<\/div>\n\t\t\t\t<div class=\"elementor-element elementor-element-651e04b elementor-widget elementor-widget-heading\" data-id=\"651e04b\" data-element_type=\"widget\" data-e-type=\"widget\" data-widget_type=\"heading.default\">\n\t\t\t\t<div class=\"elementor-widget-container\">\n\t\t\t\t\t<h2 class=\"elementor-heading-title elementor-size-default\"><a href=\"tel:+34913545048\">913 54 50 48<\/a><\/h2>\t\t\t\t<\/div>\n\t\t\t\t<\/div>\n\t\t\t\t\t<\/div>\n\t\t<\/div>\n\t\t\t\t<div class=\"elementor-column elementor-col-50 elementor-top-column elementor-element elementor-element-adf5383\" data-id=\"adf5383\" data-element_type=\"column\" data-e-type=\"column\">\n\t\t\t<div class=\"elementor-widget-wrap elementor-element-populated\">\n\t\t\t\t\t\t<section class=\"elementor-section elementor-inner-section elementor-element elementor-element-7bd3fb6 elementor-section-boxed elementor-section-height-default elementor-section-height-default\" data-id=\"7bd3fb6\" data-element_type=\"section\" data-e-type=\"section\">\n\t\t\t\t\t\t<div class=\"elementor-container elementor-column-gap-default\">\n\t\t\t\t\t<div class=\"elementor-column elementor-col-100 elementor-inner-column elementor-element elementor-element-12c9fd8\" data-id=\"12c9fd8\" data-element_type=\"column\" data-e-type=\"column\" data-settings=\"{&quot;background_background&quot;:&quot;classic&quot;}\">\n\t\t\t<div class=\"elementor-widget-wrap elementor-element-populated\">\n\t\t\t\t\t\t<div class=\"elementor-element elementor-element-714ea23 elementor-widget elementor-widget-heading\" data-id=\"714ea23\" data-element_type=\"widget\" data-e-type=\"widget\" data-widget_type=\"heading.default\">\n\t\t\t\t<div class=\"elementor-widget-container\">\n\t\t\t\t\t<h4 class=\"elementor-heading-title elementor-size-default\">Contacta con nosotros<\/h4>\t\t\t\t<\/div>\n\t\t\t\t<\/div>\n\t\t\t\t<div class=\"elementor-element elementor-element-6491660 elementor-button-align-start elementor-widget elementor-widget-global elementor-global-10755 elementor-widget-form\" data-id=\"6491660\" data-element_type=\"widget\" data-e-type=\"widget\" data-settings=\"{&quot;step_next_label&quot;:&quot;Next&quot;,&quot;step_previous_label&quot;:&quot;Previous&quot;,&quot;button_width&quot;:&quot;100&quot;,&quot;step_type&quot;:&quot;number_text&quot;,&quot;step_icon_shape&quot;:&quot;circle&quot;}\" data-widget_type=\"form.default\">\n\t\t\t\t<div class=\"elementor-widget-container\">\n\t\t\t\t\t\t\t<form class=\"elementor-form\" method=\"post\" id=\"contac_home\" name=\"Contacto\" aria-label=\"Contacto\">\n\t\t\t<input type=\"hidden\" name=\"post_id\" value=\"12538\"\/>\n\t\t\t<input type=\"hidden\" name=\"form_id\" value=\"6491660\"\/>\n\t\t\t<input type=\"hidden\" name=\"referer_title\" value=\"\" \/>\n\n\t\t\t\n\t\t\t<div class=\"elementor-form-fields-wrapper elementor-labels-\">\n\t\t\t\t\t\t\t\t<div class=\"elementor-field-type-text elementor-field-group elementor-column elementor-field-group-nombre elementor-col-50 elementor-field-required\">\n\t\t\t\t\t\t\t\t\t\t\t\t<label for=\"form-field-nombre\" class=\"elementor-field-label elementor-screen-only\">\n\t\t\t\t\t\t\t\tNombre\t\t\t\t\t\t\t<\/label>\n\t\t\t\t\t\t\t\t\t\t\t\t\t\t<input size=\"1\" type=\"text\" name=\"form_fields[nombre]\" id=\"form-field-nombre\" class=\"elementor-field elementor-size-md  elementor-field-textual\" placeholder=\"Nombre*\" required=\"required\">\n\t\t\t\t\t\t\t\t\t\t\t<\/div>\n\t\t\t\t\t\t\t\t<div class=\"elementor-field-type-text elementor-field-group elementor-column elementor-field-group-message elementor-col-50 elementor-field-required\">\n\t\t\t\t\t\t\t\t\t\t\t\t<label for=\"form-field-message\" class=\"elementor-field-label elementor-screen-only\">\n\t\t\t\t\t\t\t\tTel\u00e9fono\t\t\t\t\t\t\t<\/label>\n\t\t\t\t\t\t\t\t\t\t\t\t\t\t<input size=\"1\" type=\"text\" name=\"form_fields[message]\" id=\"form-field-message\" class=\"elementor-field elementor-size-md  elementor-field-textual\" placeholder=\"Tel\u00e9fono *\" required=\"required\">\n\t\t\t\t\t\t\t\t\t\t\t<\/div>\n\t\t\t\t\t\t\t\t<div class=\"elementor-field-type-email elementor-field-group elementor-column elementor-field-group-email elementor-col-50 elementor-field-required\">\n\t\t\t\t\t\t\t\t\t\t\t\t<label for=\"form-field-email\" class=\"elementor-field-label elementor-screen-only\">\n\t\t\t\t\t\t\t\tEmail\t\t\t\t\t\t\t<\/label>\n\t\t\t\t\t\t\t\t\t\t\t\t\t\t<input size=\"1\" type=\"email\" name=\"form_fields[email]\" id=\"form-field-email\" class=\"elementor-field elementor-size-md  elementor-field-textual\" placeholder=\"Email*\" required=\"required\">\n\t\t\t\t\t\t\t\t\t\t\t<\/div>\n\t\t\t\t\t\t\t\t<div class=\"elementor-field-type-select elementor-field-group elementor-column elementor-field-group-ac_pais elementor-col-50 elementor-field-required\">\n\t\t\t\t\t\t\t\t\t\t\t\t<label for=\"form-field-ac_pais\" class=\"elementor-field-label elementor-screen-only\">\n\t\t\t\t\t\t\t\tPa\u00eds\t\t\t\t\t\t\t<\/label>\n\t\t\t\t\t\t\t\t<div class=\"elementor-field elementor-select-wrapper remove-before \">\n\t\t\t<div class=\"select-caret-down-wrapper\">\n\t\t\t\t<svg aria-hidden=\"true\" class=\"e-font-icon-svg e-eicon-caret-down\" viewBox=\"0 0 571.4 571.4\" xmlns=\"http:\/\/www.w3.org\/2000\/svg\"><path d=\"M571 393Q571 407 561 418L311 668Q300 679 286 679T261 668L11 418Q0 407 0 393T11 368 36 357H536Q550 357 561 368T571 393Z\"><\/path><\/svg>\t\t\t<\/div>\n\t\t\t<select name=\"form_fields[ac_pais]\" id=\"form-field-ac_pais\" class=\"elementor-field-textual elementor-size-md\" required=\"required\">\n\t\t\t\t\t\t\t\t\t<option value=\"\">Seleccione su pa\u00eds....<\/option>\n\t\t\t\t\t\t\t\t\t<option value=\"Espa\u00f1a\">Espa\u00f1a<\/option>\n\t\t\t\t\t\t\t\t\t<option value=\"Otro pa\u00eds\">Otro pa\u00eds<\/option>\n\t\t\t\t\t\t\t<\/select>\n\t\t<\/div>\n\t\t\t\t\t\t<\/div>\n\t\t\t\t\t\t\t\t<div class=\"elementor-field-type-text elementor-field-group elementor-column elementor-field-group-field_fdc74c9 elementor-col-100 elementor-field-required\">\n\t\t\t\t\t\t\t\t\t\t\t\t<label for=\"form-field-field_fdc74c9\" class=\"elementor-field-label elementor-screen-only\">\n\t\t\t\t\t\t\t\tMotivo de la consulta\t\t\t\t\t\t\t<\/label>\n\t\t\t\t\t\t\t\t\t\t\t\t\t\t<input size=\"1\" type=\"text\" name=\"form_fields[field_fdc74c9]\" id=\"form-field-field_fdc74c9\" class=\"elementor-field elementor-size-md  elementor-field-textual\" placeholder=\"Motivo de la consulta*\" required=\"required\">\n\t\t\t\t\t\t\t\t\t\t\t<\/div>\n\t\t\t\t\t\t\t\t<div class=\"elementor-field-type-textarea elementor-field-group elementor-column elementor-field-group-field_713d6eb elementor-col-100\">\n\t\t\t\t\t\t\t\t\t\t\t\t<label for=\"form-field-field_713d6eb\" class=\"elementor-field-label elementor-screen-only\">\n\t\t\t\t\t\t\t\tComentario\t\t\t\t\t\t\t<\/label>\n\t\t\t\t\t\t<textarea class=\"elementor-field-textual elementor-field  elementor-size-md\" name=\"form_fields[field_713d6eb]\" id=\"form-field-field_713d6eb\" rows=\"4\" placeholder=\"Comentario\"><\/textarea>\t\t\t\t<\/div>\n\t\t\t\t\t\t\t\t<div class=\"elementor-field-type-acceptance elementor-field-group elementor-column elementor-field-group-field_11bd445 elementor-col-100 elementor-field-required\">\n\t\t\t\t\t\t\t<div class=\"elementor-field-subgroup\">\n\t\t\t<span class=\"elementor-field-option\">\n\t\t\t\t<input type=\"checkbox\" name=\"form_fields[field_11bd445]\" id=\"form-field-field_11bd445\" class=\"elementor-field elementor-size-md  elementor-acceptance-field\" required=\"required\">\n\t\t\t\t<label for=\"form-field-field_11bd445\">He le\u00eddo y acepto las condiciones (<a href=\"https:\/\/mascalagrimas.es\/dev-clinicadentalacaciasnew\/aviso-legal\" target=\"_blank\">aviso legal<\/a> y <a href=\"https:\/\/mascalagrimas.es\/dev-clinicadentalacaciasnew\/politica-privacidad\" target=\"_blank\">pol\u00edticas de privacidad<\/a>).<\/label>\t\t\t<\/span>\n\t\t<\/div>\n\t\t\t\t\t\t<\/div>\n\t\t\t\t\t\t\t\t<div class=\"elementor-field-type-radio elementor-field-group elementor-column elementor-field-group-field_981bbe2 elementor-col-100\">\n\t\t\t\t\t\t\t\t\t\t\t\t<label for=\"form-field-field_981bbe2\" class=\"elementor-field-label elementor-screen-only\">\n\t\t\t\t\t\t\t\tTratamiento datos\t\t\t\t\t\t\t<\/label>\n\t\t\t\t\t\t<div class=\"elementor-field-subgroup  elementor-subgroup-inline\"><span class=\"elementor-field-option\"><input type=\"radio\" value=\"S\u00ed\" id=\"form-field-field_981bbe2-0\" name=\"form_fields[field_981bbe2]\"> <label for=\"form-field-field_981bbe2-0\">S\u00cd<\/label><\/span><span class=\"elementor-field-option\"><input type=\"radio\" value=\"No\" id=\"form-field-field_981bbe2-1\" name=\"form_fields[field_981bbe2]\"> <label for=\"form-field-field_981bbe2-1\">NO acepto el env\u00edo de informaci\u00f3n comercial sobre promociones, productos y servicios ofrecidos por CL\u00cdNICA DENTAL ACACIAS.<\/label><\/span><\/div>\t\t\t\t<\/div>\n\t\t\t\t\t\t\t\t<div class=\"elementor-field-type-recaptcha_v3 elementor-field-group elementor-column elementor-field-group-field_0002f8a elementor-col-100 recaptcha_v3-bottomright\">\n\t\t\t\t\t<div class=\"elementor-field\" id=\"form-field-field_0002f8a\"><div class=\"elementor-g-recaptcha\" data-sitekey=\"6LegKBUcAAAAANhysL5SXrNySQ9op56j7JtNCrx1\" data-type=\"v3\" data-action=\"Form\" data-badge=\"bottomright\" data-size=\"invisible\"><\/div><\/div>\t\t\t\t<\/div>\n\t\t\t\t\t\t\t\t<div class=\"elementor-field-group elementor-column elementor-field-type-submit elementor-col-100 e-form__buttons\">\n\t\t\t\t\t<button class=\"elementor-button elementor-size-sm\" type=\"submit\">\n\t\t\t\t\t\t<span class=\"elementor-button-content-wrapper\">\n\t\t\t\t\t\t\t\t\t\t\t\t\t\t\t\t\t\t\t\t\t\t<span class=\"elementor-button-text\">enviar<\/span>\n\t\t\t\t\t\t\t\t\t\t\t\t\t<\/span>\n\t\t\t\t\t<\/button>\n\t\t\t\t<\/div>\n\t\t\t<\/div>\n\t\t<\/form>\n\t\t\t\t\t\t<\/div>\n\t\t\t\t<\/div>\n\t\t\t\t<div class=\"elementor-element elementor-element-6876abd elementor-widget elementor-widget-global elementor-global-12210 elementor-widget-toggle\" data-id=\"6876abd\" data-element_type=\"widget\" data-e-type=\"widget\" data-widget_type=\"toggle.default\">\n\t\t\t\t<div class=\"elementor-widget-container\">\n\t\t\t\t\t\t\t<div class=\"elementor-toggle\">\n\t\t\t\t\t\t\t<div class=\"elementor-toggle-item\">\n\t\t\t\t\t<div id=\"elementor-tab-title-1091\" class=\"elementor-tab-title\" data-tab=\"1\" role=\"button\" aria-controls=\"elementor-tab-content-1091\" aria-expanded=\"false\">\n\t\t\t\t\t\t\t\t\t\t\t\t<span class=\"elementor-toggle-icon elementor-toggle-icon-left\" aria-hidden=\"true\">\n\t\t\t\t\t\t\t\t\t\t\t\t\t\t\t<span class=\"elementor-toggle-icon-closed\"><svg class=\"e-font-icon-svg e-fas-plus\" viewBox=\"0 0 448 512\" xmlns=\"http:\/\/www.w3.org\/2000\/svg\"><path d=\"M416 208H272V64c0-17.67-14.33-32-32-32h-32c-17.67 0-32 14.33-32 32v144H32c-17.67 0-32 14.33-32 32v32c0 17.67 14.33 32 32 32h144v144c0 17.67 14.33 32 32 32h32c17.67 0 32-14.33 32-32V304h144c17.67 0 32-14.33 32-32v-32c0-17.67-14.33-32-32-32z\"><\/path><\/svg><\/span>\n\t\t\t\t\t\t\t\t<span class=\"elementor-toggle-icon-opened\"><svg class=\"elementor-toggle-icon-opened e-font-icon-svg e-fas-minus\" viewBox=\"0 0 448 512\" xmlns=\"http:\/\/www.w3.org\/2000\/svg\"><path d=\"M416 208H32c-17.67 0-32 14.33-32 32v32c0 17.67 14.33 32 32 32h384c17.67 0 32-14.33 32-32v-32c0-17.67-14.33-32-32-32z\"><\/path><\/svg><\/span>\n\t\t\t\t\t\t\t\t\t\t\t\t\t<\/span>\n\t\t\t\t\t\t\t\t\t\t\t\t<span class=\"elementor-toggle-title\">Tus datos est\u00e1n a salvo con CL\u00cdNICA DENTAL ACACIAS ya que cumplimos con el RGPD (Reglamento General de Protecci\u00f3n de Datos). Esta es la informaci\u00f3n que debes saber:<\/span>\n\t\t\t\t\t<\/div>\n\n\t\t\t\t\t<div id=\"elementor-tab-content-1091\" class=\"elementor-tab-content elementor-clearfix\" data-tab=\"1\" role=\"region\" aria-labelledby=\"elementor-tab-title-1091\"><p><strong>Responsable: <\/strong>MANCAI DENTAL S.L.<br \/><strong>Finalidad<\/strong>: Dar respuesta a las consultas y\/0 gesti\u00f3n de citas, as\u00ed como poder realizar estudios estad\u00edsticos que ayuden a mejorar el funcionamiento de la p\u00e1gina web y a enviar informaci\u00f3n comercial sobre productos y servicios ofrecidos por el responsable.\u00a0<br \/><strong>Legitimaci\u00f3n<\/strong>:\u00a0Consentimiento del interesado.<br \/><strong>Destinatarios<\/strong>:\u00a0No se comunicar\u00e1n datos a terceros, salvo obligaci\u00f3n legal. La informaci\u00f3n es tratada con la m\u00e1xima confidencialidad, siendo alojados en un servidor seguro. Tu direcci\u00f3n de correo electr\u00f3nico se utilizar\u00e1 \u00fanicamente para dar respuesta a sus consultas realizadas a trav\u00e9s de los formularios existentes en el sitio web, as\u00ed como para informarle de las novedades.<br \/><strong>Derechos<\/strong>: Tienes derecho a acceder, rectificar y suprimir tus datos, derechos que puedes ejercer enviando un correo electr\u00f3nico a <a href=\"mailto:info@mascalagrimas.es\">info@mascalagrimas.es\u00a0<\/a> o como se explica en la informaci\u00f3n adicional.<\/p><p><strong>Informaci\u00f3n adicional:<\/strong> Puedes consultar la informaci\u00f3n adicional y detallada sobre Protecci\u00f3n de Datos Personales en nuestra<a href=\"https:\/\/mascalagrimas.es\/dev-clinicadentalacaciasnew\/politica-de-privacidad\"> pol\u00edtica de privacidad<\/a> o en nuestro <a href=\"https:\/\/mascalagrimas.es\/dev-clinicadentalacaciasnew\/aviso-legal\">aviso legal<\/a>.<\/p><\/div>\n\t\t\t\t<\/div>\n\t\t\t\t\t\t\t\t<\/div>\n\t\t\t\t\t\t<\/div>\n\t\t\t\t<\/div>\n\t\t\t\t\t<\/div>\n\t\t<\/div>\n\t\t\t\t\t<\/div>\n\t\t<\/section>\n\t\t\t\t\t<\/div>\n\t\t<\/div>\n\t\t\t\t\t<\/div>\n\t\t<\/section>\n\t\t\t\t<section class=\"elementor-section elementor-top-section elementor-element elementor-element-9fb321e elementor-section-boxed elementor-section-height-default elementor-section-height-default\" data-id=\"9fb321e\" data-element_type=\"section\" data-e-type=\"section\">\n\t\t\t\t\t\t<div class=\"elementor-container elementor-column-gap-default\">\n\t\t\t\t\t<div class=\"elementor-column elementor-col-50 elementor-top-column elementor-element elementor-element-7652e90\" data-id=\"7652e90\" data-element_type=\"column\" data-e-type=\"column\">\n\t\t\t<div class=\"elementor-widget-wrap elementor-element-populated\">\n\t\t\t\t\t\t<div class=\"elementor-element elementor-element-24338f9 elementor-widget elementor-widget-heading\" data-id=\"24338f9\" data-element_type=\"widget\" data-e-type=\"widget\" data-widget_type=\"heading.default\">\n\t\t\t\t<div class=\"elementor-widget-container\">\n\t\t\t\t\t<h2 class=\"elementor-heading-title elementor-size-default\">Clinica Estetica Dental <\/h2>\t\t\t\t<\/div>\n\t\t\t\t<\/div>\n\t\t\t\t<div class=\"elementor-element elementor-element-0cab9cb elementor-widget elementor-widget-text-editor\" data-id=\"0cab9cb\" data-element_type=\"widget\" data-e-type=\"widget\" data-widget_type=\"text-editor.default\">\n\t\t\t\t<div class=\"elementor-widget-container\">\n\t\t\t\t\t\t\t\t\t<p>En Dental Acacias somos <b>especialistas en est\u00e9tica dental.<\/b> Nuestra misi\u00f3n es ayudarte a conseguir una sonrisa sana, bonita y radiante. Por eso ponemos a tu disposici\u00f3n los mejores tratamientos de <b>blanqueamiento dental <\/b>con la <b>tecnolog\u00eda m\u00e1s avanzada <\/b>de <b>Philips Zoom.<\/b>\u00a0<\/p><p>Adem\u00e1s, contamos con <b>diferentes tipos<\/b> de blanqueamiento para que puedas escoger el que mejor se adapte a tu situaci\u00f3n y necesidades.\u00a0<span style=\"font-size: inherit; text-align: inherit; background-color: var(--palettecolor7); color: var(--color); font-family: var(--fontFamily); font-style: var(--fontStyle, inherit); font-weight: var(--fontWeight); letter-spacing: var(--letterSpacing); text-transform: var(--textTransform);\">Por ejemplo, puedes optar por realizarte el blanqueamiento t\u00fa mismo <\/span><b style=\"font-size: inherit; text-align: inherit; background-color: var(--palettecolor7); color: var(--color); font-family: var(--fontFamily); font-style: var(--fontStyle, inherit); letter-spacing: var(--letterSpacing); text-transform: var(--textTransform);\">en casa<\/b><span style=\"font-size: inherit; text-align: inherit; background-color: var(--palettecolor7); color: var(--color); font-family: var(--fontFamily); font-style: var(--fontStyle, inherit); font-weight: var(--fontWeight); letter-spacing: var(--letterSpacing); text-transform: var(--textTransform);\"> colocando unas f\u00e9rulas que te proporcionaremos, realizarte el blanqueamiento <\/span><b style=\"font-size: inherit; text-align: inherit; background-color: var(--palettecolor7); color: var(--color); font-family: var(--fontFamily); font-style: var(--fontStyle, inherit); letter-spacing: var(--letterSpacing); text-transform: var(--textTransform);\">en la cl\u00ednica<\/b><span style=\"font-size: inherit; text-align: inherit; background-color: var(--palettecolor7); color: var(--color); font-family: var(--fontFamily); font-style: var(--fontStyle, inherit); font-weight: var(--fontWeight); letter-spacing: var(--letterSpacing); text-transform: var(--textTransform);\"> (esta es la opci\u00f3n m\u00e1s r\u00e1pida y efectiva ya que con la aplicaci\u00f3n de luz LED conseguiremos un blanqueamiento instant\u00e1neo) o tambi\u00e9n puedes optar por un blanqueamiento <\/span><b style=\"font-size: inherit; text-align: inherit; background-color: var(--palettecolor7); color: var(--color); font-family: var(--fontFamily); font-style: var(--fontStyle, inherit); letter-spacing: var(--letterSpacing); text-transform: var(--textTransform);\">mixto <\/b><span style=\"font-size: inherit; text-align: inherit; background-color: var(--palettecolor7); color: var(--color); font-family: var(--fontFamily); font-style: var(--fontStyle, inherit); font-weight: var(--fontWeight); letter-spacing: var(--letterSpacing); text-transform: var(--textTransform);\">(la opci\u00f3n m\u00e1s recomendable). En este \u00faltimo caso llevaremos a cabo un blanqueamiento muy potente en la cl\u00ednica y daremos unas f\u00e9rulas para que las uses en casa y as\u00ed potenciar y maximizar los resultados.\u00a0<\/span><\/p><p>Para m\u00e1s informaci\u00f3n no dudes en <b>contactar <\/b>con nosotros.<\/p>\t\t\t\t\t\t\t\t<\/div>\n\t\t\t\t<\/div>\n\t\t\t\t\t<\/div>\n\t\t<\/div>\n\t\t\t\t<div class=\"elementor-column elementor-col-50 elementor-top-column elementor-element elementor-element-37f4ce3\" data-id=\"37f4ce3\" data-element_type=\"column\" data-e-type=\"column\">\n\t\t\t<div class=\"elementor-widget-wrap elementor-element-populated\">\n\t\t\t\t\t\t<div class=\"elementor-element elementor-element-2cf713e elementor-widget elementor-widget-spacer\" data-id=\"2cf713e\" data-element_type=\"widget\" data-e-type=\"widget\" data-widget_type=\"spacer.default\">\n\t\t\t\t<div class=\"elementor-widget-container\">\n\t\t\t\t\t\t\t<div class=\"elementor-spacer\">\n\t\t\t<div class=\"elementor-spacer-inner\"><\/div>\n\t\t<\/div>\n\t\t\t\t\t\t<\/div>\n\t\t\t\t<\/div>\n\t\t\t\t<div class=\"elementor-element elementor-element-49d344e elementor-widget elementor-widget-image\" data-id=\"49d344e\" data-element_type=\"widget\" data-e-type=\"widget\" data-widget_type=\"image.default\">\n\t\t\t\t<div class=\"elementor-widget-container\">\n\t\t\t\t\t\t\t\t\t\t\t\t\t\t\t<img fetchpriority=\"high\" decoding=\"async\" width=\"567\" height=\"378\" src=\"https:\/\/mascalagrimas.es\/dev-clinicadentalacaciasnew\/wp-content\/uploads\/2021\/10\/Imagen1.png\" class=\"attachment-medium_large size-medium_large wp-image-12166\" alt=\"\" srcset=\"https:\/\/mascalagrimas.es\/dev-clinicadentalacaciasnew\/wp-content\/uploads\/2021\/10\/Imagen1.png 567w, https:\/\/mascalagrimas.es\/dev-clinicadentalacaciasnew\/wp-content\/uploads\/2021\/10\/Imagen1-300x200.png 300w\" sizes=\"(max-width: 567px) 100vw, 567px\" title=\"\">\t\t\t\t\t\t\t\t\t\t\t\t\t\t\t<\/div>\n\t\t\t\t<\/div>\n\t\t\t\t\t<\/div>\n\t\t<\/div>\n\t\t\t\t\t<\/div>\n\t\t<\/section>\n\t\t\t\t<\/div>\n\t\t","protected":false},"excerpt":{"rendered":"<p>Clinica blanqueamiento dental en Madrid Reserva tu cita ahora O llama al: 913 54 50 48 Contacta con nosotros Tus datos est\u00e1n a salvo con CL\u00cdNICA DENTAL ACACIAS ya que cumplimos con el RGPD (Reglamento General de Protecci\u00f3n de Datos). Esta es la informaci\u00f3n que debes saber: Responsable: MANCAI DENTAL S.L. Finalidad:&nbsp;Poder atender y gestionar [&hellip;]<\/p>\n","protected":false},"author":11,"featured_media":5546,"parent":0,"menu_order":0,"comment_status":"closed","ping_status":"closed","template":"elementor_header_footer","meta":{"footnotes":""},"class_list":["post-12538","page","type-page","status-publish","has-post-thumbnail","hentry"],"blocksy_meta":{"styles_descriptor":{"styles":{"desktop":"","tablet":"","mobile":""},"google_fonts":[],"version":6}},"_links":{"self":[{"href":"https:\/\/mascalagrimas.es\/dev-clinicadentalacaciasnew\/wp-json\/wp\/v2\/pages\/12538","targetHints":{"allow":["GET"]}}],"collection":[{"href":"https:\/\/mascalagrimas.es\/dev-clinicadentalacaciasnew\/wp-json\/wp\/v2\/pages"}],"about":[{"href":"https:\/\/mascalagrimas.es\/dev-clinicadentalacaciasnew\/wp-json\/wp\/v2\/types\/page"}],"author":[{"embeddable":true,"href":"https:\/\/mascalagrimas.es\/dev-clinicadentalacaciasnew\/wp-json\/wp\/v2\/users\/11"}],"replies":[{"embeddable":true,"href":"https:\/\/mascalagrimas.es\/dev-clinicadentalacaciasnew\/wp-json\/wp\/v2\/comments?post=12538"}],"version-history":[{"count":0,"href":"https:\/\/mascalagrimas.es\/dev-clinicadentalacaciasnew\/wp-json\/wp\/v2\/pages\/12538\/revisions"}],"wp:featuredmedia":[{"embeddable":true,"href":"https:\/\/mascalagrimas.es\/dev-clinicadentalacaciasnew\/wp-json\/wp\/v2\/media\/5546"}],"wp:attachment":[{"href":"https:\/\/mascalagrimas.es\/dev-clinicadentalacaciasnew\/wp-json\/wp\/v2\/media?parent=12538"}],"curies":[{"name":"wp","href":"https:\/\/api.w.org\/{rel}","templated":true}]}}